{"id":114,"date":"2015-05-23T03:54:27","date_gmt":"2015-05-23T03:54:27","guid":{"rendered":"http:\/\/www.edituraunmb.ro\/?page_id=114"},"modified":"2025-03-21T22:02:13","modified_gmt":"2025-03-21T19:02:13","slug":"reguli-editare","status":"publish","type":"page","link":"https:\/\/www.edituraunmb.ro\/?page_id=114","title":{"rendered":"Reguli editare"},"content":{"rendered":"<h1>C\u0103r\u021bi:<\/h1>\n<p>Autorii care doresc s\u0103-\u0219i publice lucr\u0103rile la Editura Universit\u0103\u021bii Na\u021bionale de Muzic\u0103 Bucure\u0219ti sunt ruga\u021bi s\u0103 respecte urm\u0103toarele reguli de redactare a textelor:<\/p>\n<ul>\n<li>Lucr\u0103rile vor fi redactate \u00een Microsoft Word \u0219i salvate \u00een format .doc sau .docx.<\/li>\n<li>Autorul va \u00eenainta editurii textul salvat at\u00e2t \u00een format .doc sau .docx, c\u00e2t \u0219i \u00een format pdf.<\/li>\n<li>Paragrafele se vor tehnoredacta f\u0103r\u0103 intersti\u0163ii (r\u00e2nduri goale), cu alineat st\u00e2nga-dreapta (<em>Justify<\/em>) \u0219i cu alineat de 1 cm.<\/li>\n<li>Se vor folosi caractere (diacritice) rom\u00e2ne\u015fti, precum \u015fi toate literele \u015fi semnele caracteristice limbilor moderne utilizate (ex.: Bart\u00f3k, Martin\u016f).<\/li>\n<li>Se vor urma normele actuale privitoare la semnele de punctua\u021bie: nu se va l\u0103sa spa\u021biu \u00eentre semnele ? ! ; : \u0219i cuv\u00e2ntul precedent (Ex.: <em>Vino!<\/em> nu <em>Vino !<\/em>); ghilimele sunt \u201e \u201d; ghilimelele interioare sunt \u00ab \u00bb; se face distinc\u021bia \u00eentre cratim\u0103 (-) \u0219i linia de pauz\u0103 (\u2013).<\/li>\n<li>Sublinierea va evita folosirea cuvintelor \u00een CAPITALE, <strong>bold<\/strong>, <u>subliniate<\/u> sau \u00een <em>bold-italic<\/em>, folosind doar\u00a0<em>italic.<\/em><\/li>\n<li>Titlurile vor fi semnalate \u00een general astfel: titlurile capitolelor \u2013 <strong>bold<\/strong>, centrat; titlurile subcapitolelor \u2013 Capit\u0103lu\u021be, alineat st\u00e2nga; titlurile sub-subcapitolelor \u2013 italic, alineat st\u00e2nga.<\/li>\n<li>Exemplele muzicale vor fi culese cu un program special (Finale, Sibelius, MuseScore etc.) \u0219i salvate \u00een format .jpg sau .tif, la o rezolu\u021bie \u00eenalt\u0103. Exemplele, figurile \u0219i imaginile vor fi expediate \u00een fi\u0219iere separate.<\/li>\n<li>Fiecare tabel, figur\u0103 sau exemplu muzical va fi \u00eenso\u021bit \u00een mod obligatoriu de o legend\u0103 \u00een italic, la un r\u00e2nd, cu un corp de liter\u0103 10. (Ex.: <em>Figura 2. Pagin\u0103 de manuscris din opera <\/em>Oedip<em> de George Enescu.<\/em>)<\/li>\n<li>Notele de subsol se vor amplasa \u00eenaintea semnului de punctua\u021bie (Ex.: &#8230; compus de Bach<sup>21<\/sup>.)<\/li>\n<\/ul>\n<p>Pentru citare se folose\u0219te urm\u0103torul sistem, cu note de subsol:<\/p>\n<ul>\n<li><strong>Pentru carte:<\/strong> Prenume Nume, <em>Titlu<\/em>, Editur\u0103, Ora\u015f, an, nr. paginii-paginilor.<\/li>\n<\/ul>\n<p>Steven Feld, <em>Sound and Sentiment: Birds, Weeping, Poetics, and Song in Kaluli Expression<\/em>, ed. a II-a, University of Pennsylvania Press, Philadelphia, 1990, p. 17.<\/p>\n<p>Vasile Tomescu \u0219i Michaela Ro\u0219u (ed.), <em>Constantin Br\u0103iloiu<\/em>, Editura Muzical\u0103 a Uniunii Compozitorilor \u0219i Muzicologilor din Rom\u00e2nia, Bucure\u0219ti, 1994.<\/p>\n<ul>\n<li><strong>Pentru traducere:<\/strong><\/li>\n<\/ul>\n<p>Jean de L\u00e9ry, <em>History of a Voyage to the Land of Brazil, Otherwise Called America<\/em>, trad. de Janet Whatley, University of California Press, Berkeley, 1999, pp. 18-25.<\/p>\n<ul>\n<li><strong>Pentru capitol dintr-un volum colectiv:<\/strong> Prenume Nume, \u201eTitlu\u201d, \u00een <em>Cartea<\/em>, ed. de, Editur\u0103, Ora\u015f, an, nr. pag.<\/li>\n<\/ul>\n<p>Margaret J. Kartomi, \u201eIndonesian-Chinese Oppression and the Musical Outcomes in the Netherlands East Indies\u201d, \u00een <em>Music and the Racial Imagination<\/em>, ed. Ronald Radano \u015fi Philip V. Bohlman, University of Chicago Press, Chicago, 2000, pp. 274-275.<\/p>\n<ul>\n<li><strong>Pentru articol de revist\u0103 (ziar etc.):<\/strong> Prenume Nume, \u201eTitlu\u201d, <em>Revista<\/em>\u00a0nr. revistei, volumul (anul), nr. pag.<\/li>\n<\/ul>\n<p>Margaret J. Kartomi, \u201eMusic and Trance in Central Java\u201d, <em>Ethnomusicology<\/em> 2, 17 (1973), p. 191.<\/p>\n<ul>\n<li><strong>Citate de pe internet:<\/strong> Prenume Nume, \u201eTitlu\u201d, adresa site-ului, accesat pe\u2026<\/li>\n<\/ul>\n<p>Raluca, \u201eDespre Theodor Mele\u0219canu, ministrul rom\u00e2n de Externe\u201d, https:\/\/lacoltulstrazii.ro\/2017\/02\/07\/despre-teodor-melescanu-ministrul-roman-de-externe\/, accesat pe 24 februarie 2017.<\/p>\n<p>madrigal.ro\/madrigal\/istoric, accesat pe 16 ianuarie 2015.<\/p>\n<p><strong>Referin\u0163e repetate:<\/strong> \u00a0Dac\u0103 se citeaz\u0103 mai multe lucr\u0103ri semnate de acela\u015fi autor, folosi\u021bi o form\u0103 scurt\u0103 a titlului relevant, de exemplu: Feld, <em>Sound and Sentiment<\/em>, p. 17. Sau, pentru un articol dintr-o revist\u0103: Kartomi, \u201eMusic and Trance\u201d, pp. 190-192. Dac\u0103 autorul este citat cu o singur\u0103 lucrare, folosi\u0163i doar numele autorului \u015fi pagina la care se face referin\u0163\u0103: Kartomi, pp. 190-192. Nu folosi\u0163i idem, ibid. etc.<\/p>\n<p><strong>Bibliografia final\u0103<\/strong> trebuie s\u0103 con\u0163in\u0103 toate titlurile \u015fi datele aferente la care s-a f\u0103cut referire \u00een notele de subsol. Bibliografia se \u00eentocme\u015fte \u00een ordinea alfabetic\u0103 a autorilor (sau a primului autor, atunci c\u00e2nd lucrarea are mai mul\u0163i autori).<\/p>\n<p>Kartomi, Margaret J., \u201eMusic and Trance in Central Java\u201d, <em>Ethnomusicology<\/em> 2, 17 (1973), pp. 163-208.<\/p>\n<p>Moisescu, Titus, <em>Prolegomene<\/em> <em>bizantine<\/em>, Editura Muzical\u0103, Bucure\u0219ti, 1985.<\/p>\n<p>Moisescu, Titus (ed.), <em>\u015ecoala muzical\u0103 de la Putna. Manuscrisul nr. 12\/Leipzig \u201eAntologhion\u201d<\/em>, Editura Muzical\u0103, Bucure\u0219ti, 1985.<\/p>\n<p>Panaite, Viorel, \u201e\u0162ara Rom\u00e2neasc\u0103 \u015fi Moldova \u00eentre \u00abCasa R\u0103zboiului\u00bb \u015fi \u00abCasa Islamului\u00bb (secolele XV-XVII)\u201d, <em>22 plus<\/em> (supliment al revistei <em>22<\/em>), 89, 10 (1999), p. v.<\/p>\n<p>Sava, Iosif, Lumini\u021ba Vartolomei, <em>Dic\u021bionar de muzic\u0103<\/em>, Editura \u0218tiin\u021bific\u0103 \u0219i Enciclopedic\u0103, Bucure\u0219ti, 1979.<\/p>\n<p>Stokes, Martin (ed.), <em>Ethnicity, Identity and Music. The Musical Construction of Place<\/em>, Berg, Oxford, 1997.<\/p>\n<h1>Partituri:<\/h1>\n<ul>\n<li>Nu se vor scrie titlul, numele compozitorului sau alte informa\u021bii la \u00eenceputul lucr\u0103rii (pe prima pagin\u0103), acestea vor fi ad\u0103ugate la tehnoredactare;<\/li>\n<li>Nu se vor numerota paginile, numerele paginilor vor fi ad\u0103ugate la tehnoredactare;<\/li>\n<li>La interiorul partiturii, pentru informa\u021biile de tip text se va folosi fontul Cambria, m\u0103rimea 12.<\/li>\n<li>Dac\u0103 partitura nu are un caracter special care s\u0103 impun\u0103 altceva, se vor p\u0103stra numerele de m\u0103sur\u0103 la \u00eenceputul fiec\u0103rui sistem;<\/li>\n<li>Se vor l\u0103sa margini egale de 1,5 cm pe toate paginile. Marginile pentru documentul final vor fi stabilite la tehnoredactare \u00een func\u021bie de alegerile f\u0103cute pentru tip\u0103rirea lucr\u0103rii (dimensiunea partiturii, cum va fi legat\u0103 etc.)<\/li>\n<\/ul>\n<p>\u00cen situa\u021bia \u00een care partitura face parte dintr-o colec\u021bie \u00een care se vor tip\u0103ri partituri ale mai multor compozitori, pentru aspectul unitar al colec\u021biei pot ap\u0103rea modific\u0103ri ale normelor prezentate mai sus.<\/p>\n","protected":false},"excerpt":{"rendered":"<p>C\u0103r\u021bi: Autorii care doresc s\u0103-\u0219i publice lucr\u0103rile la Editura Universit\u0103\u021bii Na\u021bionale de Muzic\u0103 Bucure\u0219ti sunt ruga\u021bi s\u0103 respecte urm\u0103toarele reguli de redactare a textelor: Lucr\u0103rile vor fi redactate \u00een Microsoft Word \u0219i salvate \u00een format .doc sau .docx. Autorul va &hellip; <a href=\"https:\/\/www.edituraunmb.ro\/?page_id=114\" style=\"padding-left:10px;\">Mai multe detalii<\/a><\/p>\n","protected":false},"author":3,"featured_media":0,"parent":99,"menu_order":3,"comment_status":"open","ping_status":"open","template":"","meta":{"_acf_changed":false,"footnotes":""},"class_list":["post-114","page","type-page","status-publish","hentry"],"acf":[],"_links":{"self":[{"href":"https:\/\/www.edituraunmb.ro\/index.php?rest_route=\/wp\/v2\/pages\/114","targetHints":{"allow":["GET"]}}],"collection":[{"href":"https:\/\/www.edituraunmb.ro\/index.php?rest_route=\/wp\/v2\/pages"}],"about":[{"href":"https:\/\/www.edituraunmb.ro\/index.php?rest_route=\/wp\/v2\/types\/page"}],"author":[{"embeddable":true,"href":"https:\/\/www.edituraunmb.ro\/index.php?rest_route=\/wp\/v2\/users\/3"}],"replies":[{"embeddable":true,"href":"https:\/\/www.edituraunmb.ro\/index.php?rest_route=%2Fwp%2Fv2%2Fcomments&post=114"}],"version-history":[{"count":8,"href":"https:\/\/www.edituraunmb.ro\/index.php?rest_route=\/wp\/v2\/pages\/114\/revisions"}],"predecessor-version":[{"id":2193,"href":"https:\/\/www.edituraunmb.ro\/index.php?rest_route=\/wp\/v2\/pages\/114\/revisions\/2193"}],"up":[{"embeddable":true,"href":"https:\/\/www.edituraunmb.ro\/index.php?rest_route=\/wp\/v2\/pages\/99"}],"wp:attachment":[{"href":"https:\/\/www.edituraunmb.ro\/index.php?rest_route=%2Fwp%2Fv2%2Fmedia&parent=114"}],"curies":[{"name":"wp","href":"https:\/\/api.w.org\/{rel}","templated":true}]}}