{"id":116,"date":"2015-05-23T03:54:46","date_gmt":"2015-05-23T03:54:46","guid":{"rendered":"http:\/\/www.edituraunmb.ro\/?page_id=116"},"modified":"2024-10-01T15:24:27","modified_gmt":"2024-10-01T12:24:27","slug":"cum-lucram","status":"publish","type":"page","link":"https:\/\/www.edituraunmb.ro\/?page_id=116","title":{"rendered":"Cum lucr\u0103m"},"content":{"rendered":"<h1>Metodologia de lucru:<\/h1>\n<p>Autorul prezint\u0103 \u2013 la sediul Editurii sau pe adresa de e-mail edituraunmb@unmb.ro \u2013 lucrarea propus\u0103 spre publicare \u00een format electronic, redactat\u0103 conform <a href=\"https:\/\/www.edituraunmb.ro\/?page_id=114\">normelor Editurii UNMB<\/a>, \u00eempreun\u0103 cu cererea de publicare adresat\u0103 Consiliului de Administra\u021bie al UNMB.<\/p>\n<p><a href=\"https:\/\/www.edituraunmb.ro\/wp-content\/uploads\/2024\/10\/Cerere-de-publicare-carte_partitura.pdf\">Cerere de publicare carte\/partitura<\/a><\/p>\n<h5><strong>C\u0103r\u021bi<\/strong><\/h5>\n<p>\u00cen urma aprob\u0103rii Consiliului de Administra\u021bie, toate lucr\u0103rile propuse pentru publicare vor fi supuse unui proces de evaluare \u0219tiin\u021bific\u0103 de tip <em>peer review<\/em>. Pentru asigurarea confiden\u021bialit\u0103\u021bii, autorii nu vor cunoa\u0219te numele referen\u021bilor. Evaluarea se va realiza obiectiv, \u00een func\u021bie de urm\u0103toarele criterii:<\/p>\n<ol>\n<li>\n<h6 class=\"p1\">Originalitatea investiga\u021biei \u0219i contribu\u021bia la cercetarea \u00een domeniu: 0-40 puncte<\/h6>\n<\/li>\n<li>\n<h6 class=\"p1\">Capacitatea de sintez\u0103 a cercet\u0103rilor existente: 0-15 puncte<\/h6>\n<\/li>\n<li>\n<h6 class=\"p1\">Claritatea \u0219i temeinicia argumentelor: 0-15 puncte<\/h6>\n<\/li>\n<li>\n<h6 class=\"p1\">Acurate\u021bea \u0219i actualitatea cit\u0103rilor\/bibliografiei: 0-15 puncte<\/h6>\n<\/li>\n<li>\n<h6 class=\"p1\">Calitatea redact\u0103rii manuscrisului \u00een general: 0-15 puncte<\/h6>\n<\/li>\n<\/ol>\n<p class=\"p1\">Pe baza criteriilor de evaluare listate mai sus, manuscrisul va primi un scor maxim de 100 de puncte. Un scor aflat sub 50 puncte duce la respingerea public\u0103rii manuscrisului. Ob\u021binerea unui scor \u00eentre 50 \u0219i 85 puncte va condi\u021biona publicarea c\u0103r\u021bii de complian\u021ba autorului \u00een privin\u021ba recomand\u0103rilor primite de la evaluator \u0219i efectuarea modific\u0103rilor solicitate de c\u0103tre acesta (procesul va fi monitorizat de c\u0103tre redactorul responsabil de carte). Un scor de peste 85 de puncte reprezint\u0103 acceptul manuscrisului pentru publicare, cu condi\u021bia ca eventualele recomand\u0103ri venite de la evaluator s\u0103 fie discutate \u0219i implementate \u00een procesul de redactare a c\u0103r\u021bii, de c\u0103tre redactor \u0219i autor.<\/p>\n<h5><strong>Partituri<\/strong><\/h5>\n<p>Evaluarea partiturilor se realizeaz\u0103 prin convocarea <em>Comisiei de peer-review pentru partituri<\/em>, alc\u0103tuit\u0103 din: prof. univ. dr. dr. h.c. Dan Dediu, prof. univ. dr. Olgu\u021ba Lupu \u0219i conf. univ. dr. Diana Rotaru. Evaluarea se va realiza obiectiv, \u00een func\u021bie de urm\u0103toarele criterii:<\/p>\n<ol>\n<li>Relevan\u021ba estetic\u0103, istoric\u0103 \u0219i cultural\u0103 a lucr\u0103rii: 0-30 puncte<\/li>\n<li>Autenticitatea limbajului muzical: 0-20 puncte<\/li>\n<li>Prestigiul profesional al compozitorului: 0-10 puncte<\/li>\n<li>Profesionalismul nota\u021biei partiturii: 0-10 puncte<\/li>\n<li>Utilitatea didactic\u0103: 0-10 puncte<\/li>\n<li>\u00cencadrarea \u00een tematicile strategice ale editurii: 0-10 puncte<\/li>\n<li>Impactul asupra mediului socio-cultural: 0-10 puncte<\/li>\n<\/ol>\n<p>Pe baza acestor criterii, partiturile vor primi un scor \u00eentre 0 \u0219i 100 puncte. Ob\u021binerea unui scor de cel pu\u021bin 70 de puncte constituie acceptul pentru publicare, \u00een timp ce \u00eenregistrarea unui scor sub 50 puncte duce la respingerea partiturii.<\/p>\n<h1>Taxe:<\/h1>\n<p>\u00cen cazul lucr\u0103rilor care au primit aprobarea din partea Consiliului de Administra\u021bie \u0219i, ulterior, din partea Consiliului \u0218tiin\u021bific Editorial, \u00een baza procesului de <em>peer review<\/em>, autorul va achita taxa de editare, dup\u0103 cum urmeaz\u0103:<\/p>\n<ul>\n<li>Cadrele didactice titulare, cadrele didactice asociate, masteranzii sau doctoranzii UNMB vor pl\u0103ti suma de 100 RON\/lucrare;<\/li>\n<li>Alumni UNMB vor pl\u0103ti suma de 200 RON\/lucrare;<\/li>\n<li>Autorii care nu sunt angaja\u021bi sau Alumni ai UNMB vor pl\u0103ti suma de 300 RON\/lucrare.<\/li>\n<\/ul>\n<h1>Opera\u021biuni:<\/h1>\n<p>Volumul intr\u0103 \u00een lucru, urm\u00e2nd s\u0103 fie executate urm\u0103toarele opera\u021biuni:<\/p>\n<ol>\n<li><strong>pre-print<\/strong><\/li>\n<\/ol>\n<ul>\n<li>autorul trebuie s\u0103 se asigure c\u0103 exemplele muzicale\/figurile\/elemente grafice au o rezolu\u021bie de cel pu\u021bin 300dpi \u0219i sunt trimise conform <a href=\"https:\/\/www.edituraunmb.ro\/?page_id=114\">normelor Editurii UNMB<\/a>;<\/li>\n<li>Editura UNMB asigur\u0103 redactarea, tehnoredactarea \u0219i realizarea grafic\u0103 a coper\u021bii, etape \u00een care autorul va fi consultat de redactorul responsabil;<\/li>\n<li>alocarea unui num\u0103r ISBN, ISMN sau ISSN (dup\u0103 caz);<\/li>\n<li>preluarea \u0219i introducerea descrierii CIP.<\/li>\n<\/ul>\n<ol start=\"2\">\n<li><strong>tipar<\/strong><\/li>\n<\/ol>\n<ul>\n<li>tiparul se face pe baz\u0103 de comand\u0103 \u0219i este sus\u021binut financiar de c\u0103tre autor \u2013 cu excep\u021bia propunerilor venite direct din partea Editurii \u0219i\/sau finan\u021bate de UNMB (cu aprobare din partea Consiliului Administrativ al UNMB).<\/li>\n<\/ul>\n<ol start=\"3\">\n<li><strong>promovare \u0219i difuzare<\/strong><\/li>\n<\/ol>\n<ul>\n<li>titlul, autorul \u0219i coperta sunt postate pe site-ul Editurii UNMB (edituraunmb.ro);<\/li>\n<li>la solicitarea autorului, volumul poate fi trimis \u00een format fizic c\u0103tre universit\u0103\u021bi partenere \u0219i biblioteci de renume na\u021bionale \u0219i interna\u021bionale;<\/li>\n<li>autorul se oblig\u0103 s\u0103 cedeze un num\u0103r de 10 exemplare \u00een cazul c\u0103r\u021bilor \u0219i 6 exemplare \u00een cazul partiturilor muzicale pentru depozitul legal \u0219i pentru fondul Editurii;<\/li>\n<li>volumele sus\u021binute financiar de c\u0103tre UNMB sunt puse la v\u00e2nzare prin Magazia UNMB;<\/li>\n<li>volumele sus\u021binute financiar de c\u0103tre autor sunt puse \u00een circuitul comercial de c\u0103tre autor.<\/li>\n<\/ul>\n","protected":false},"excerpt":{"rendered":"<p>Metodologia de lucru: Autorul prezint\u0103 \u2013 la sediul Editurii sau pe adresa de e-mail edituraunmb@unmb.ro \u2013 lucrarea propus\u0103 spre publicare \u00een format electronic, redactat\u0103 conform normelor Editurii UNMB, \u00eempreun\u0103 cu cererea de publicare adresat\u0103 Consiliului de Administra\u021bie al UNMB. Cerere &hellip; <a href=\"https:\/\/www.edituraunmb.ro\/?page_id=116\" style=\"padding-left:10px;\">Mai multe detalii<\/a><\/p>\n","protected":false},"author":3,"featured_media":0,"parent":99,"menu_order":4,"comment_status":"open","ping_status":"open","template":"","meta":{"_acf_changed":false,"footnotes":""},"class_list":["post-116","page","type-page","status-publish","hentry"],"acf":[],"_links":{"self":[{"href":"https:\/\/www.edituraunmb.ro\/index.php?rest_route=\/wp\/v2\/pages\/116","targetHints":{"allow":["GET"]}}],"collection":[{"href":"https:\/\/www.edituraunmb.ro\/index.php?rest_route=\/wp\/v2\/pages"}],"about":[{"href":"https:\/\/www.edituraunmb.ro\/index.php?rest_route=\/wp\/v2\/types\/page"}],"author":[{"embeddable":true,"href":"https:\/\/www.edituraunmb.ro\/index.php?rest_route=\/wp\/v2\/users\/3"}],"replies":[{"embeddable":true,"href":"https:\/\/www.edituraunmb.ro\/index.php?rest_route=%2Fwp%2Fv2%2Fcomments&post=116"}],"version-history":[{"count":24,"href":"https:\/\/www.edituraunmb.ro\/index.php?rest_route=\/wp\/v2\/pages\/116\/revisions"}],"predecessor-version":[{"id":2081,"href":"https:\/\/www.edituraunmb.ro\/index.php?rest_route=\/wp\/v2\/pages\/116\/revisions\/2081"}],"up":[{"embeddable":true,"href":"https:\/\/www.edituraunmb.ro\/index.php?rest_route=\/wp\/v2\/pages\/99"}],"wp:attachment":[{"href":"https:\/\/www.edituraunmb.ro\/index.php?rest_route=%2Fwp%2Fv2%2Fmedia&parent=116"}],"curies":[{"name":"wp","href":"https:\/\/api.w.org\/{rel}","templated":true}]}}