{"id":1512,"date":"2019-05-19T16:11:09","date_gmt":"2019-05-19T16:11:09","guid":{"rendered":"http:\/\/www.edituraunmb.ro\/?page_id=1512"},"modified":"2025-02-26T17:18:33","modified_gmt":"2025-02-26T14:18:33","slug":"who-we-are","status":"publish","type":"page","link":"https:\/\/www.edituraunmb.ro\/?page_id=1512&lang=en","title":{"rendered":"Who We Are"},"content":{"rendered":"<h1>Editorial staff:<\/h1>\n<p>Director:\u00a0Prof.univ.dr.\u00a0<strong>Nicolae Gheorghi\u021b\u0103\u00a0<\/strong><\/p>\n<p>Editors for books:<strong> Gabriela Bejan, Vlad Ghinea, Benedicta Pavel<\/strong>, <strong>Mihaela Pletea<\/strong><\/p>\n<p>Editors for Musicology Today: <strong>Gabriela Bejan, Ioana B\u00eegu, Vlad Ghinea,\u00a0<\/strong><strong>Benedicta Pavel<\/strong>, <strong>Vlad V\u0103idean<\/strong><\/p>\n<p>Layout design: <strong>Mihaela Damian<\/strong><\/p>\n<h2>Collaborators:<\/h2>\n<p>Layout design and <span class=\"text\">graphic<\/span>: <strong>Andreea Mitu<\/strong>, <strong>Mirel Mih\u0103l\u0103chescu<\/strong><\/p>\n<p>&nbsp;<\/p>\n<h1>Editorial Scientific Council:<\/h1>\n<p>Prof.univ.dr. dr.h.c. <strong>Valentina\u00a0Sandu-Dediu<\/strong><\/p>\n<p>Prof.univ.dr. habil. <strong>Nicolae Gheorghi\u0163\u0103<\/strong><\/p>\n<p>Conf.univ.dr. habil. <strong>Costin Moisil<\/strong><\/p>\n<p>&nbsp;<\/p>\n<h1>Books peer-reviewers:<\/h1>\n<p>Prof.univ.dr. dr.h.c.\u00a0<strong>Dan Dediu<\/strong>, UNMB<\/p>\n<p>Prof.univ.dr. habil.\u00a0<strong>Olgu\u0163a Lupu<\/strong>, UNMB<\/p>\n<p>Prof.univ.dr. habil.\u00a0<strong>Antigona R\u0103dulescu<\/strong>, UNMB<\/p>\n<p>Prof.univ.dr. habil.\u00a0<strong>Livia Teodorescu Cioc\u0103nea<\/strong>, UNMB<\/p>\n<p>Prof.univ.dr.\u00a0<strong>Laura Vasiliu<\/strong>, UNAGE, Ia\u015fi<\/p>\n<p>Prof.univ.dr.\u00a0<strong>Nelida Nedelcu\u0163<\/strong>, AMGD, Cluj<\/p>\n<p>Prof.univ.dr.\u00a0<strong>Liviu Marinescu<\/strong>, California State University Northridge<\/p>\n<p>Prof.univ.dr.\u00a0<strong>Violeta Dinescu<\/strong>, Universitaet Oldenburg, Institut f\u00fcr Musik<\/p>\n<p>C.d.a.Prof.univ.dr. dr.h.c.\u00a0<strong>Doina Rotaru<\/strong>, UNMB<\/p>\n<p>C.d.a.Prof.univ.dr. dr.h.c.\u00a0<strong>Dan Buciu<\/strong>, UNMB<\/p>\n<p>C.d.a.Prof.univ.dr.\u00a0<strong>Lavinia Coman<\/strong>, UNMB<\/p>\n<p>Prof.univ.dr. habil.\u00a0<strong>Florinela Popa<\/strong>, UNMB<\/p>\n<p>Conf.univ.dr.\u00a0<strong>Bogdan Vod\u0103<\/strong>, UNMB<\/p>\n<p>Conf.univ.dr.\u00a0<strong>Irina Boga<\/strong>, UNMB<\/p>\n<p>Lect.univ.dr.\u00a0<strong>Mihai Murariu<\/strong>, UNMB<\/p>\n<p>CS II dr.\u00a0<strong>C\u0103t\u0103lin Cre\u0163u<\/strong>, UNMB<\/p>\n<p>Conf.univ.dr.\u00a0<strong>Ciprian Pop<\/strong>, AMGD, Cluj<\/p>\n<p>Arhid.Conf.univ.dr.\u00a0<strong>Gabriel Oprea<\/strong>, UNMB<\/p>\n<p>Prof.univ.dr. habil.\u00a0<strong>Elena Chircev<\/strong>, AMGD, Cluj<\/p>\n<p>Conf.univ.dr.\u00a0<strong>Irina Zamfira D\u0103nil\u0103<\/strong>, UNAGE, Ia\u0219i<\/p>\n<p>&nbsp;<\/p>\n<h1>Scores peer-reviewers:<\/h1>\n<div id=\"post-1964\" class=\"post-1964 page type-page status-publish hentry\">\n<div class=\"entry-content\">\n<div class=\"entry-content\">\n<p>\u00a0 \u00a0 \u00a0 \u00a0 Prof.univ.dr. dr.h.c. <strong>Dan Dediu<\/strong>, UNMB<\/p>\n<p>Prof.univ.dr. habil.\u00a0<strong>Olgu\u0163a Lupu<\/strong>, UNMB<\/p>\n<p>Conf.univ.dr.\u00a0<strong>Diana Rotaru<\/strong>, UNMB<\/p>\n<\/div>\n<\/div>\n<\/div>\n<p>&nbsp;<\/p>\n","protected":false},"excerpt":{"rendered":"<p>Editorial staff: Director:\u00a0Prof.univ.dr.\u00a0Nicolae Gheorghi\u021b\u0103\u00a0 Editors for books: Gabriela Bejan, Vlad Ghinea, Benedicta Pavel, Mihaela Pletea Editors for Musicology Today: Gabriela Bejan, Ioana B\u00eegu, Vlad Ghinea,\u00a0Benedicta Pavel, Vlad V\u0103idean Layout design: Mihaela Damian Collaborators: Layout design and graphic: Andreea Mitu, Mirel &hellip; <a href=\"https:\/\/www.edituraunmb.ro\/?page_id=1512&#038;lang=en\" style=\"padding-left:10px;\">Mai multe detalii<\/a><\/p>\n","protected":false},"author":3,"featured_media":0,"parent":1509,"menu_order":2,"comment_status":"open","ping_status":"open","template":"","meta":{"_acf_changed":false,"footnotes":""},"class_list":["post-1512","page","type-page","status-publish","hentry"],"acf":[],"_links":{"self":[{"href":"https:\/\/www.edituraunmb.ro\/index.php?rest_route=\/wp\/v2\/pages\/1512","targetHints":{"allow":["GET"]}}],"collection":[{"href":"https:\/\/www.edituraunmb.ro\/index.php?rest_route=\/wp\/v2\/pages"}],"about":[{"href":"https:\/\/www.edituraunmb.ro\/index.php?rest_route=\/wp\/v2\/types\/page"}],"author":[{"embeddable":true,"href":"https:\/\/www.edituraunmb.ro\/index.php?rest_route=\/wp\/v2\/users\/3"}],"replies":[{"embeddable":true,"href":"https:\/\/www.edituraunmb.ro\/index.php?rest_route=%2Fwp%2Fv2%2Fcomments&post=1512"}],"version-history":[{"count":17,"href":"https:\/\/www.edituraunmb.ro\/index.php?rest_route=\/wp\/v2\/pages\/1512\/revisions"}],"predecessor-version":[{"id":2140,"href":"https:\/\/www.edituraunmb.ro\/index.php?rest_route=\/wp\/v2\/pages\/1512\/revisions\/2140"}],"up":[{"embeddable":true,"href":"https:\/\/www.edituraunmb.ro\/index.php?rest_route=\/wp\/v2\/pages\/1509"}],"wp:attachment":[{"href":"https:\/\/www.edituraunmb.ro\/index.php?rest_route=%2Fwp%2Fv2%2Fmedia&parent=1512"}],"curies":[{"name":"wp","href":"https:\/\/api.w.org\/{rel}","templated":true}]}}