{"id":1964,"date":"2024-06-06T14:45:21","date_gmt":"2024-06-06T11:45:21","guid":{"rendered":"http:\/\/www.edituraunmb.ro\/?page_id=1964"},"modified":"2025-06-03T16:13:48","modified_gmt":"2025-06-03T13:13:48","slug":"1964-2","status":"publish","type":"page","link":"https:\/\/www.edituraunmb.ro\/?page_id=1964","title":{"rendered":"Cine suntem"},"content":{"rendered":"<h1><\/h1>\n<h1>Colectiv redac\u021bional:<\/h1>\n<div class=\"entry-content\">\n<p>Director: Prof.univ.dr. habil. <strong>Nicolae Gheorghi\u021b\u0103<\/strong><\/p>\n<p>Redactori carte: <strong>Gabriela Bejan, Vlad Ghinea, <\/strong><strong>Benedicta Pavel<\/strong>,\u00a0<strong>Mihaela Pletea<\/strong><\/p>\n<p>Redactori Musicology Today: <strong>Gabriela Bejan, Ioana B\u00eegu,<\/strong> <strong>Vlad Ghinea, <\/strong><strong>Benedicta Pavel<\/strong>,<strong>\u00a0Vlad V\u0103idean<\/strong><\/p>\n<p>Tehnoredactor: <strong>Mihaela Damian<\/strong><\/p>\n<h2>Colaboratori:<\/h2>\n<p>Tehnoredactori:\u00a0<strong>Andreea Mitu<\/strong>,\u00a0<strong>Mirel Mih\u0103l\u0103chescu<\/strong><\/p>\n<p>Grafician:\u00a0<strong>Mirel Mih\u0103l\u0103chescu<\/strong><\/p>\n<p>&nbsp;<\/p>\n<h1>Consiliu \u0219tiin\u021bific editorial:<\/h1>\n<p>Prof.univ.dr. dr.h.c. <strong>Valentina\u00a0Sandu-Dediu<\/strong><\/p>\n<p>Prof.univ.dr. habil. <strong>Nicolae Gheorghi\u0163\u0103<\/strong><\/p>\n<p>Conf.univ.dr. habil. <strong>Costin Moisil<\/strong><\/p>\n<p>&nbsp;<\/p>\n<h1><\/h1>\n<h1>Peer review carte:<\/h1>\n<p><strong>Referen\u0163i \u015ftiin\u0163ifici:<\/strong><\/p>\n<p>Prof.univ.dr. dr.h.c. <strong>Dan Dediu<\/strong>, UNMB<\/p>\n<p>Prof.univ.dr. habil. <strong>Olgu\u0163a Lupu<\/strong>, UNMB<\/p>\n<p>Prof.univ.dr. habil. <strong>Antigona R\u0103dulescu<\/strong>, UNMB<\/p>\n<p>Prof.univ.dr. habil. <strong>Livia Teodorescu Cioc\u0103nea<\/strong>, UNMB<\/p>\n<p>Prof.univ.dr.\u00a0<strong>Laura Vasiliu<\/strong>, UNAGE, Ia\u015fi<\/p>\n<p>Prof.univ.dr.\u00a0<strong>Nelida Nedelcu\u0163<\/strong>, AMGD, Cluj<\/p>\n<p>Prof.univ.dr.\u00a0<strong>Liviu Marinescu<\/strong>, California State University Northridge<\/p>\n<p>Prof.univ.dr. <strong>Violeta Dinescu<\/strong>, Universitaet Oldenburg, Institut f\u00fcr Musik<\/p>\n<p>C.d.a.Prof.univ.dr. dr.h.c. <strong>Doina Rotaru<\/strong>, UNMB<\/p>\n<p>C.d.a.Prof.univ.dr. <strong>Lavinia Coman<\/strong>, UNMB<\/p>\n<p>Prof.univ.dr. habil. <strong>Florinela Popa<\/strong>, UNMB<\/p>\n<p>Conf.univ.dr.\u00a0<strong>Bogdan Vod\u0103<\/strong>, UNMB<\/p>\n<p>Conf.univ.dr.\u00a0<strong>Irina Boga<\/strong>, UNMB<\/p>\n<p>Lect.univ.dr.\u00a0<strong>Mihai Murariu<\/strong>, UNMB<\/p>\n<p>Lect.univ.dr.\u00a0<strong>\u0218tefan Firca<\/strong>, UNMB<\/p>\n<p>CS II dr.\u00a0<strong>C\u0103t\u0103lin Cre\u0163u<\/strong>, UNMB<\/p>\n<p>Conf.univ.dr.\u00a0<strong>Ciprian Pop<\/strong>, AMGD, Cluj<\/p>\n<p>Arhid.Conf.univ.dr.\u00a0<strong>Gabriel Oprea<\/strong>, UNMB<\/p>\n<p>Prof.univ.dr. habil. <strong>Elena Chircev<\/strong>, AMGD, Cluj<\/p>\n<p>Conf.univ.dr.\u00a0<strong>Irina Zamfira D\u0103nil\u0103<\/strong>, UNAGE, Ia\u0219i<\/p>\n<p>&nbsp;<\/p>\n<h1>Peer review partituri:<\/h1>\n<p>Prof.univ.dr. dr.h.c. <strong>Dan Dediu<\/strong>, UNMB<\/p>\n<p>Prof.univ.dr. habil. <strong>Olgu\u0163a Lupu<\/strong>, UNMB<\/p>\n<p>Conf.univ.dr.\u00a0<strong>Diana Rotaru<\/strong>, UNMB<\/p>\n<\/div>\n","protected":false},"excerpt":{"rendered":"<p>Colectiv redac\u021bional: Director: Prof.univ.dr. habil. Nicolae Gheorghi\u021b\u0103 Redactori carte: Gabriela Bejan, Vlad Ghinea, Benedicta Pavel,\u00a0Mihaela Pletea Redactori Musicology Today: Gabriela Bejan, Ioana B\u00eegu, Vlad Ghinea, Benedicta Pavel,\u00a0Vlad V\u0103idean Tehnoredactor: Mihaela Damian Colaboratori: Tehnoredactori:\u00a0Andreea Mitu,\u00a0Mirel Mih\u0103l\u0103chescu Grafician:\u00a0Mirel Mih\u0103l\u0103chescu &nbsp; Consiliu \u0219tiin\u021bific &hellip; <a href=\"https:\/\/www.edituraunmb.ro\/?page_id=1964\" style=\"padding-left:10px;\">Mai multe detalii<\/a><\/p>\n","protected":false},"author":2,"featured_media":0,"parent":99,"menu_order":0,"comment_status":"closed","ping_status":"closed","template":"","meta":{"_acf_changed":false,"footnotes":""},"class_list":["post-1964","page","type-page","status-publish","hentry"],"acf":[],"_links":{"self":[{"href":"https:\/\/www.edituraunmb.ro\/index.php?rest_route=\/wp\/v2\/pages\/1964","targetHints":{"allow":["GET"]}}],"collection":[{"href":"https:\/\/www.edituraunmb.ro\/index.php?rest_route=\/wp\/v2\/pages"}],"about":[{"href":"https:\/\/www.edituraunmb.ro\/index.php?rest_route=\/wp\/v2\/types\/page"}],"author":[{"embeddable":true,"href":"https:\/\/www.edituraunmb.ro\/index.php?rest_route=\/wp\/v2\/users\/2"}],"replies":[{"embeddable":true,"href":"https:\/\/www.edituraunmb.ro\/index.php?rest_route=%2Fwp%2Fv2%2Fcomments&post=1964"}],"version-history":[{"count":13,"href":"https:\/\/www.edituraunmb.ro\/index.php?rest_route=\/wp\/v2\/pages\/1964\/revisions"}],"predecessor-version":[{"id":2220,"href":"https:\/\/www.edituraunmb.ro\/index.php?rest_route=\/wp\/v2\/pages\/1964\/revisions\/2220"}],"up":[{"embeddable":true,"href":"https:\/\/www.edituraunmb.ro\/index.php?rest_route=\/wp\/v2\/pages\/99"}],"wp:attachment":[{"href":"https:\/\/www.edituraunmb.ro\/index.php?rest_route=%2Fwp%2Fv2%2Fmedia&parent=1964"}],"curies":[{"name":"wp","href":"https:\/\/api.w.org\/{rel}","templated":true}]}}