{"id":2369,"date":"2025-10-24T14:01:49","date_gmt":"2025-10-24T11:01:49","guid":{"rendered":"https:\/\/www.edituraunmb.ro\/?page_id=2369"},"modified":"2025-10-24T14:01:49","modified_gmt":"2025-10-24T11:01:49","slug":"scores-catalog","status":"publish","type":"page","link":"https:\/\/www.edituraunmb.ro\/?page_id=2369&lang=en","title":{"rendered":"Scores Catalog"},"content":{"rendered":"<div class=\"woocommerce columns-5 term,partitura\"><div class=\"woocommerce-notices-wrapper\"><\/div><p class=\"woocommerce-result-count\" role=\"alert\" aria-relevant=\"all\" >\n\tAfi\u0219ez 1 - 10 din 78 de rezultate<\/p>\n<ul class=\"products columns-5\">\n<li class=\"product type-product post-2405 status-publish first instock product_cat-1004 product_tag-muzica-de-camera product_tag-partitura has-post-thumbnail shipping-taxable product-type-simple\">\n\t<a href=\"https:\/\/www.edituraunmb.ro\/?product=fur-ulisse-2020\" class=\"woocommerce-LoopProduct-link woocommerce-loop-product__link\">\t<a href=\"https:\/\/www.edituraunmb.ro\/?product=fur-ulisse-2020&lang=\" title=\"F\u00fcr Ulisse (2020)\">\n\t\t<img loading=\"lazy\" decoding=\"async\" width=\"224\" height=\"320\" src=\"https:\/\/www.edituraunmb.ro\/wp-content\/uploads\/2026\/03\/Dediu-FurUlisse-Str._imresizer-224x320.jpg\" class=\"attachment-woocommerce_thumbnail size-woocommerce_thumbnail\" alt=\"F\u00fcr Ulisse (2020)\" srcset=\"https:\/\/www.edituraunmb.ro\/wp-content\/uploads\/2026\/03\/Dediu-FurUlisse-Str._imresizer-224x320.jpg 224w, https:\/\/www.edituraunmb.ro\/wp-content\/uploads\/2026\/03\/Dediu-FurUlisse-Str._imresizer-210x300.jpg 210w, https:\/\/www.edituraunmb.ro\/wp-content\/uploads\/2026\/03\/Dediu-FurUlisse-Str._imresizer-350x500.jpg 350w, https:\/\/www.edituraunmb.ro\/wp-content\/uploads\/2026\/03\/Dediu-FurUlisse-Str._imresizer.jpg 700w\" sizes=\"auto, (max-width: 224px) 100vw, 224px\" \/>\t\n\t\t<h3>F\u00fcr Ulisse (2020)<\/h3>\n\t\t<h4>by Dan Dediu<\/h4><br\/>\n\n\t\t<\/a><a href=\"https:\/\/www.edituraunmb.ro\/?post_type=product&#038;p=2405&#038;lang=\" rel=\"nofollow\" data-product_id=\"2405\" data-product_sku=\"\" data-quantity=\"1\" class=\"button product_type_simple\">\r\nReadMore<\/a><\/li>\n<li class=\"product type-product post-2401 status-publish instock product_cat-1004 product_tag-muzica-de-camera product_tag-partitura has-post-thumbnail shipping-taxable product-type-simple\">\n\t<a href=\"https:\/\/www.edituraunmb.ro\/?product=il-pianto-del-ghiaccio-2016\" class=\"woocommerce-LoopProduct-link woocommerce-loop-product__link\">\t<a href=\"https:\/\/www.edituraunmb.ro\/?product=il-pianto-del-ghiaccio-2016&lang=\" title=\"Il Pianto del Ghiaccio (2016)\">\n\t\t<img loading=\"lazy\" decoding=\"async\" width=\"224\" height=\"320\" src=\"https:\/\/www.edituraunmb.ro\/wp-content\/uploads\/2026\/03\/0001_imresizer-2-224x320.jpg\" class=\"attachment-woocommerce_thumbnail size-woocommerce_thumbnail\" alt=\"Il Pianto del Ghiaccio (2016)\" srcset=\"https:\/\/www.edituraunmb.ro\/wp-content\/uploads\/2026\/03\/0001_imresizer-2-224x320.jpg 224w, https:\/\/www.edituraunmb.ro\/wp-content\/uploads\/2026\/03\/0001_imresizer-2-210x300.jpg 210w, https:\/\/www.edituraunmb.ro\/wp-content\/uploads\/2026\/03\/0001_imresizer-2-350x500.jpg 350w, https:\/\/www.edituraunmb.ro\/wp-content\/uploads\/2026\/03\/0001_imresizer-2.jpg 700w\" sizes=\"auto, (max-width: 224px) 100vw, 224px\" \/>\t\n\t\t<h3>Il Pianto del Ghiaccio (2016)<\/h3>\n\t\t<h4>by Doina Rotaru<\/h4><br\/>\n\n\t\t<\/a><a href=\"https:\/\/www.edituraunmb.ro\/?post_type=product&#038;p=2401&#038;lang=\" rel=\"nofollow\" data-product_id=\"2401\" data-product_sku=\"\" data-quantity=\"1\" class=\"button product_type_simple\">\r\nReadMore<\/a><\/li>\n<li class=\"product type-product post-2398 status-publish instock product_cat-1004 product_tag-muzica-de-camera product_tag-partitura has-post-thumbnail shipping-taxable product-type-simple\">\n\t<a href=\"https:\/\/www.edituraunmb.ro\/?product=cvartet-de-coarde-nr-2-1983\" class=\"woocommerce-LoopProduct-link woocommerce-loop-product__link\">\t<a href=\"https:\/\/www.edituraunmb.ro\/?product=cvartet-de-coarde-nr-2-1983&lang=\" title=\"Cvartet de coarde nr. 2 (1983)\">\n\t\t<img loading=\"lazy\" decoding=\"async\" width=\"224\" height=\"320\" src=\"https:\/\/www.edituraunmb.ro\/wp-content\/uploads\/2026\/03\/0001_imresizer-1-224x320.jpg\" class=\"attachment-woocommerce_thumbnail size-woocommerce_thumbnail\" alt=\"Cvartet de coarde nr. 2 (1983)\" srcset=\"https:\/\/www.edituraunmb.ro\/wp-content\/uploads\/2026\/03\/0001_imresizer-1-224x320.jpg 224w, https:\/\/www.edituraunmb.ro\/wp-content\/uploads\/2026\/03\/0001_imresizer-1-210x300.jpg 210w, https:\/\/www.edituraunmb.ro\/wp-content\/uploads\/2026\/03\/0001_imresizer-1-350x500.jpg 350w, https:\/\/www.edituraunmb.ro\/wp-content\/uploads\/2026\/03\/0001_imresizer-1.jpg 700w\" sizes=\"auto, (max-width: 224px) 100vw, 224px\" \/>\t\n\t\t<h3>Cvartet de coarde nr. 2 (1983)<\/h3>\n\t\t<h4>by Adrian Iorgulescu<\/h4><br\/>\n\n\t\t<\/a><a href=\"https:\/\/www.edituraunmb.ro\/?post_type=product&#038;p=2398&#038;lang=\" rel=\"nofollow\" data-product_id=\"2398\" data-product_sku=\"\" data-quantity=\"1\" class=\"button product_type_simple\">\r\nReadMore<\/a><\/li>\n<li class=\"product type-product post-2394 status-publish instock product_cat-1004 product_tag-muzica-de-camera product_tag-partitura has-post-thumbnail shipping-taxable product-type-simple\">\n\t<a href=\"https:\/\/www.edituraunmb.ro\/?product=jokers-pentru-flaut-sau-clarinet-violoncel-si-pian\" class=\"woocommerce-LoopProduct-link woocommerce-loop-product__link\">\t<a href=\"https:\/\/www.edituraunmb.ro\/?product=jokers-pentru-flaut-sau-clarinet-violoncel-si-pian&lang=\" title=\"Jokers pentru flaut (sau clarinet), violoncel \u0219i pian (2020)\">\n\t\t<img loading=\"lazy\" decoding=\"async\" width=\"224\" height=\"320\" src=\"https:\/\/www.edituraunmb.ro\/wp-content\/uploads\/2026\/03\/Ioachimescu-Jokers._imresizer-224x320.jpg\" class=\"attachment-woocommerce_thumbnail size-woocommerce_thumbnail\" alt=\"Jokers pentru flaut (sau clarinet), violoncel \u0219i pian (2020)\" srcset=\"https:\/\/www.edituraunmb.ro\/wp-content\/uploads\/2026\/03\/Ioachimescu-Jokers._imresizer-224x320.jpg 224w, https:\/\/www.edituraunmb.ro\/wp-content\/uploads\/2026\/03\/Ioachimescu-Jokers._imresizer-210x300.jpg 210w, https:\/\/www.edituraunmb.ro\/wp-content\/uploads\/2026\/03\/Ioachimescu-Jokers._imresizer-350x500.jpg 350w, https:\/\/www.edituraunmb.ro\/wp-content\/uploads\/2026\/03\/Ioachimescu-Jokers._imresizer.jpg 700w\" sizes=\"auto, (max-width: 224px) 100vw, 224px\" \/>\t\n\t\t<h3>Jokers pentru flaut (sau clarinet), violoncel \u0219i pian (2020)<\/h3>\n\t\t<h4>by C\u0103lin Ioachimescu<\/h4><br\/>\n\n\t\t<\/a><a href=\"https:\/\/www.edituraunmb.ro\/?post_type=product&#038;p=2394&#038;lang=\" rel=\"nofollow\" data-product_id=\"2394\" data-product_sku=\"\" data-quantity=\"1\" class=\"button product_type_simple\">\r\nReadMore<\/a><\/li>\n<li class=\"product type-product post-2396 status-publish last instock product_cat-1004 product_tag-muzica-de-camera product_tag-partitura has-post-thumbnail shipping-taxable product-type-simple\">\n\t<a href=\"https:\/\/www.edituraunmb.ro\/?product=pe-acest-pamant-insorit-ii-1993\" class=\"woocommerce-LoopProduct-link woocommerce-loop-product__link\">\t<a href=\"https:\/\/www.edituraunmb.ro\/?product=pe-acest-pamant-insorit-ii-1993&lang=\" title=\"Pe acest p\u0103m\u00e2nt \u00eensorit (II) (1993)\">\n\t\t<img loading=\"lazy\" decoding=\"async\" width=\"224\" height=\"320\" src=\"https:\/\/www.edituraunmb.ro\/wp-content\/uploads\/2026\/03\/0001_imresizer-224x320.jpg\" class=\"attachment-woocommerce_thumbnail size-woocommerce_thumbnail\" alt=\"Pe acest p\u0103m\u00e2nt \u00eensorit (II) (1993)\" srcset=\"https:\/\/www.edituraunmb.ro\/wp-content\/uploads\/2026\/03\/0001_imresizer-224x320.jpg 224w, https:\/\/www.edituraunmb.ro\/wp-content\/uploads\/2026\/03\/0001_imresizer-210x300.jpg 210w, https:\/\/www.edituraunmb.ro\/wp-content\/uploads\/2026\/03\/0001_imresizer-350x500.jpg 350w, https:\/\/www.edituraunmb.ro\/wp-content\/uploads\/2026\/03\/0001_imresizer.jpg 700w\" sizes=\"auto, (max-width: 224px) 100vw, 224px\" \/>\t\n\t\t<h3>Pe acest p\u0103m\u00e2nt \u00eensorit (II) (1993)<\/h3>\n\t\t<h4>by Ulpiu Vlad<\/h4><br\/>\n\n\t\t<\/a><a href=\"https:\/\/www.edituraunmb.ro\/?post_type=product&#038;p=2396&#038;lang=\" rel=\"nofollow\" data-product_id=\"2396\" data-product_sku=\"\" data-quantity=\"1\" class=\"button product_type_simple\">\r\nReadMore<\/a><\/li>\n<li class=\"product type-product post-2403 status-publish first instock product_cat-1004 product_tag-muzica-de-camera product_tag-partitura has-post-thumbnail shipping-taxable product-type-simple\">\n\t<a href=\"https:\/\/www.edituraunmb.ro\/?product=elegia-i-1998\" class=\"woocommerce-LoopProduct-link woocommerce-loop-product__link\">\t<a href=\"https:\/\/www.edituraunmb.ro\/?product=elegia-i-1998&lang=\" title=\"Elegia I (1998)\">\n\t\t<img loading=\"lazy\" decoding=\"async\" width=\"224\" height=\"320\" src=\"https:\/\/www.edituraunmb.ro\/wp-content\/uploads\/2026\/03\/0001_imresizer-3-224x320.jpg\" class=\"attachment-woocommerce_thumbnail size-woocommerce_thumbnail\" alt=\"Elegia I (1998)\" srcset=\"https:\/\/www.edituraunmb.ro\/wp-content\/uploads\/2026\/03\/0001_imresizer-3-224x320.jpg 224w, https:\/\/www.edituraunmb.ro\/wp-content\/uploads\/2026\/03\/0001_imresizer-3-210x300.jpg 210w, https:\/\/www.edituraunmb.ro\/wp-content\/uploads\/2026\/03\/0001_imresizer-3-350x500.jpg 350w, https:\/\/www.edituraunmb.ro\/wp-content\/uploads\/2026\/03\/0001_imresizer-3.jpg 700w\" sizes=\"auto, (max-width: 224px) 100vw, 224px\" \/>\t\n\t\t<h3>Elegia I (1998)<\/h3>\n\t\t<h4>by Anatol Vieru<\/h4><br\/>\n\n\t\t<\/a><a href=\"https:\/\/www.edituraunmb.ro\/?post_type=product&#038;p=2403&#038;lang=\" rel=\"nofollow\" data-product_id=\"2403\" data-product_sku=\"\" data-quantity=\"1\" class=\"button product_type_simple\">\r\nReadMore<\/a><\/li>\n<li class=\"product type-product post-2392 status-publish instock product_cat-1004 product_tag-muzica-de-camera product_tag-partitura has-post-thumbnail shipping-taxable product-type-simple\">\n\t<a href=\"https:\/\/www.edituraunmb.ro\/?product=w-a-mozart-sound-introspections\" class=\"woocommerce-LoopProduct-link woocommerce-loop-product__link\">\t<a href=\"https:\/\/www.edituraunmb.ro\/?product=w-a-mozart-sound-introspections&lang=\" title=\"W.A. Mozart Sound Introspections (1994)\">\n\t\t<img loading=\"lazy\" decoding=\"async\" width=\"224\" height=\"320\" src=\"https:\/\/www.edituraunmb.ro\/wp-content\/uploads\/2026\/03\/A.Stroe-W.A.-MOZAR._imresizer-224x320.jpg\" class=\"attachment-woocommerce_thumbnail size-woocommerce_thumbnail\" alt=\"W.A. Mozart Sound Introspections (1994)\" srcset=\"https:\/\/www.edituraunmb.ro\/wp-content\/uploads\/2026\/03\/A.Stroe-W.A.-MOZAR._imresizer-224x320.jpg 224w, https:\/\/www.edituraunmb.ro\/wp-content\/uploads\/2026\/03\/A.Stroe-W.A.-MOZAR._imresizer-210x300.jpg 210w, https:\/\/www.edituraunmb.ro\/wp-content\/uploads\/2026\/03\/A.Stroe-W.A.-MOZAR._imresizer-350x500.jpg 350w, https:\/\/www.edituraunmb.ro\/wp-content\/uploads\/2026\/03\/A.Stroe-W.A.-MOZAR._imresizer.jpg 700w\" sizes=\"auto, (max-width: 224px) 100vw, 224px\" \/>\t\n\t\t<h3>W.A. Mozart Sound Introspections (1994)<\/h3>\n\t\t<h4>by Aurel Stroe<\/h4><br\/>\n\n\t\t<\/a><a href=\"https:\/\/www.edituraunmb.ro\/?post_type=product&#038;p=2392&#038;lang=\" rel=\"nofollow\" data-product_id=\"2392\" data-product_sku=\"\" data-quantity=\"1\" class=\"button product_type_simple\">\r\nReadMore<\/a><\/li>\n<li class=\"product type-product post-2097 status-publish instock product_cat-830 product_tag-orchestra product_tag-partitura has-post-thumbnail shipping-taxable product-type-simple\">\n\t<a href=\"https:\/\/www.edituraunmb.ro\/?product=suita-ardeleneasca-pentru-orchestra-1955\" class=\"woocommerce-LoopProduct-link woocommerce-loop-product__link\">\t<a href=\"https:\/\/www.edituraunmb.ro\/?product=suita-ardeleneasca-pentru-orchestra-1955&lang=\" title=\"Suita ardeleneasc\u0103 pentru orchestr\u0103 (1955)\">\n\t\t<img loading=\"lazy\" decoding=\"async\" width=\"224\" height=\"320\" src=\"https:\/\/www.edituraunmb.ro\/wp-content\/uploads\/2025\/01\/imresizer-1738251579510.jpg\" class=\"attachment-woocommerce_thumbnail size-woocommerce_thumbnail\" alt=\"Suita ardeleneasc\u0103 pentru orchestr\u0103 (1955)\" srcset=\"https:\/\/www.edituraunmb.ro\/wp-content\/uploads\/2025\/01\/imresizer-1738251579510.jpg 700w, https:\/\/www.edituraunmb.ro\/wp-content\/uploads\/2025\/01\/imresizer-1738251579510-210x300.jpg 210w, https:\/\/www.edituraunmb.ro\/wp-content\/uploads\/2025\/01\/imresizer-1738251579510-70x100.jpg 70w, https:\/\/www.edituraunmb.ro\/wp-content\/uploads\/2025\/01\/imresizer-1738251579510-224x320.jpg 224w, https:\/\/www.edituraunmb.ro\/wp-content\/uploads\/2025\/01\/imresizer-1738251579510-350x500.jpg 350w\" sizes=\"auto, (max-width: 224px) 100vw, 224px\" \/>\t\n\t\t<h3>Suita ardeleneasc\u0103 pentru orchestr\u0103 (1955)<\/h3>\n\t\t<h4>by Pascal Bentoiu<\/h4><br\/>\n\n\t\t<\/a><a href=\"http:\/\/www.edituraunmb.ro\/?post_type=product&#038;p=2097&#038;lang=\" rel=\"nofollow\" data-product_id=\"2097\" data-product_sku=\"\" data-quantity=\"1\" class=\"button product_type_simple\">\r\nReadMore<\/a><\/li>\n<li class=\"product type-product post-2216 status-publish instock product_cat-830 product_tag-orchestra product_tag-partitura has-post-thumbnail shipping-taxable product-type-simple\">\n\t<a href=\"https:\/\/www.edituraunmb.ro\/?product=simfonia-a-iv-a-deisis\" class=\"woocommerce-LoopProduct-link woocommerce-loop-product__link\">\t<a href=\"https:\/\/www.edituraunmb.ro\/?product=simfonia-a-iv-a-deisis&lang=\" title=\"Simfonia a IV-a. Deisis (1994-1995)\">\n\t\t<img loading=\"lazy\" decoding=\"async\" width=\"224\" height=\"320\" src=\"https:\/\/www.edituraunmb.ro\/wp-content\/uploads\/2025\/06\/NICULESCU__A4_Copert..._imresizer.jpg\" class=\"attachment-woocommerce_thumbnail size-woocommerce_thumbnail\" alt=\"Simfonia a IV-a. Deisis (1994-1995)\" srcset=\"https:\/\/www.edituraunmb.ro\/wp-content\/uploads\/2025\/06\/NICULESCU__A4_Copert..._imresizer.jpg 700w, https:\/\/www.edituraunmb.ro\/wp-content\/uploads\/2025\/06\/NICULESCU__A4_Copert..._imresizer-210x300.jpg 210w, https:\/\/www.edituraunmb.ro\/wp-content\/uploads\/2025\/06\/NICULESCU__A4_Copert..._imresizer-70x100.jpg 70w, https:\/\/www.edituraunmb.ro\/wp-content\/uploads\/2025\/06\/NICULESCU__A4_Copert..._imresizer-224x320.jpg 224w, https:\/\/www.edituraunmb.ro\/wp-content\/uploads\/2025\/06\/NICULESCU__A4_Copert..._imresizer-350x500.jpg 350w\" sizes=\"auto, (max-width: 224px) 100vw, 224px\" \/>\t\n\t\t<h3>Simfonia a IV-a. Deisis (1994-1995)<\/h3>\n\t\t<h4>by \u0218tefan Niculescu<\/h4><br\/>\n\n\t\t<\/a><a href=\"http:\/\/www.edituraunmb.ro\/?post_type=product&#038;p=2216&#038;lang=\" rel=\"nofollow\" data-product_id=\"2216\" data-product_sku=\"\" data-quantity=\"1\" class=\"button product_type_simple\">\r\nReadMore<\/a><\/li>\n<li class=\"product type-product post-2213 status-publish last instock product_cat-830 product_tag-orchestra product_tag-partitura has-post-thumbnail shipping-taxable product-type-simple\">\n\t<a href=\"https:\/\/www.edituraunmb.ro\/?product=memorial-pentru-orchestra-1990\" class=\"woocommerce-LoopProduct-link woocommerce-loop-product__link\">\t<a href=\"https:\/\/www.edituraunmb.ro\/?product=memorial-pentru-orchestra-1990&lang=\" title=\"Memorial pentru orchestr\u0103 (1990)\">\n\t\t<img loading=\"lazy\" decoding=\"async\" width=\"224\" height=\"320\" src=\"https:\/\/www.edituraunmb.ro\/wp-content\/uploads\/2024\/03\/Vieru_Memorial_A4_Co..._imresizer.jpg\" class=\"attachment-woocommerce_thumbnail size-woocommerce_thumbnail\" alt=\"Memorial pentru orchestr\u0103 (1990)\" srcset=\"https:\/\/www.edituraunmb.ro\/wp-content\/uploads\/2024\/03\/Vieru_Memorial_A4_Co..._imresizer.jpg 700w, https:\/\/www.edituraunmb.ro\/wp-content\/uploads\/2024\/03\/Vieru_Memorial_A4_Co..._imresizer-210x300.jpg 210w, https:\/\/www.edituraunmb.ro\/wp-content\/uploads\/2024\/03\/Vieru_Memorial_A4_Co..._imresizer-70x100.jpg 70w, https:\/\/www.edituraunmb.ro\/wp-content\/uploads\/2024\/03\/Vieru_Memorial_A4_Co..._imresizer-224x320.jpg 224w, https:\/\/www.edituraunmb.ro\/wp-content\/uploads\/2024\/03\/Vieru_Memorial_A4_Co..._imresizer-350x500.jpg 350w\" sizes=\"auto, (max-width: 224px) 100vw, 224px\" \/>\t\n\t\t<h3>Memorial pentru orchestr\u0103 (1990)<\/h3>\n\t\t<h4>by Anatol Vieru<\/h4><br\/>\n\n\t\t<\/a><a href=\"http:\/\/www.edituraunmb.ro\/?post_type=product&#038;p=2213&#038;lang=\" rel=\"nofollow\" data-product_id=\"2213\" data-product_sku=\"\" data-quantity=\"1\" class=\"button product_type_simple\">\r\nReadMore<\/a><\/li>\n<\/ul>\n<nav class=\"woocommerce-pagination\" aria-label=\"Pagina\u021bie produse\">\n\t<ul class='page-numbers'>\n\t<li><span aria-label=\"Pagin\u0103 1\" aria-current=\"page\" class=\"page-numbers current\">1<\/span><\/li>\n\t<li><a aria-label=\"Pagin\u0103 2\" class=\"page-numbers\" href=\"\/index.php?rest_route=%2Fwp%2Fv2%2Fpages%2F2369&#038;product-page=2\">2<\/a><\/li>\n\t<li><a aria-label=\"Pagin\u0103 3\" class=\"page-numbers\" href=\"\/index.php?rest_route=%2Fwp%2Fv2%2Fpages%2F2369&#038;product-page=3\">3<\/a><\/li>\n\t<li><a aria-label=\"Pagin\u0103 4\" class=\"page-numbers\" href=\"\/index.php?rest_route=%2Fwp%2Fv2%2Fpages%2F2369&#038;product-page=4\">4<\/a><\/li>\n\t<li><span class=\"page-numbers dots\">&hellip;<\/span><\/li>\n\t<li><a aria-label=\"Pagin\u0103 6\" class=\"page-numbers\" href=\"\/index.php?rest_route=%2Fwp%2Fv2%2Fpages%2F2369&#038;product-page=6\">6<\/a><\/li>\n\t<li><a aria-label=\"Pagin\u0103 7\" class=\"page-numbers\" href=\"\/index.php?rest_route=%2Fwp%2Fv2%2Fpages%2F2369&#038;product-page=7\">7<\/a><\/li>\n\t<li><a aria-label=\"Pagin\u0103 8\" class=\"page-numbers\" href=\"\/index.php?rest_route=%2Fwp%2Fv2%2Fpages%2F2369&#038;product-page=8\">8<\/a><\/li>\n\t<li><a class=\"next page-numbers\" href=\"\/index.php?rest_route=%2Fwp%2Fv2%2Fpages%2F2369&#038;product-page=2\">&rarr;<\/a><\/li>\n<\/ul>\n<\/nav>\n<\/div>\n","protected":false},"excerpt":{"rendered":"","protected":false},"author":3,"featured_media":0,"parent":0,"menu_order":0,"comment_status":"closed","ping_status":"closed","template":"","meta":{"_acf_changed":false,"footnotes":""},"class_list":["post-2369","page","type-page","status-publish","hentry"],"acf":[],"_links":{"self":[{"href":"https:\/\/www.edituraunmb.ro\/index.php?rest_route=\/wp\/v2\/pages\/2369","targetHints":{"allow":["GET"]}}],"collection":[{"href":"https:\/\/www.edituraunmb.ro\/index.php?rest_route=\/wp\/v2\/pages"}],"about":[{"href":"https:\/\/www.edituraunmb.ro\/index.php?rest_route=\/wp\/v2\/types\/page"}],"author":[{"embeddable":true,"href":"https:\/\/www.edituraunmb.ro\/index.php?rest_route=\/wp\/v2\/users\/3"}],"replies":[{"embeddable":true,"href":"https:\/\/www.edituraunmb.ro\/index.php?rest_route=%2Fwp%2Fv2%2Fcomments&post=2369"}],"version-history":[{"count":1,"href":"https:\/\/www.edituraunmb.ro\/index.php?rest_route=\/wp\/v2\/pages\/2369\/revisions"}],"predecessor-version":[{"id":2370,"href":"https:\/\/www.edituraunmb.ro\/index.php?rest_route=\/wp\/v2\/pages\/2369\/revisions\/2370"}],"wp:attachment":[{"href":"https:\/\/www.edituraunmb.ro\/index.php?rest_route=%2Fwp%2Fv2%2Fmedia&parent=2369"}],"curies":[{"name":"wp","href":"https:\/\/api.w.org\/{rel}","templated":true}]}}