{"id":50,"date":"2015-05-14T13:23:02","date_gmt":"2015-05-14T13:23:02","guid":{"rendered":"http:\/\/www.edituraunmb.ro\/?page_id=50"},"modified":"2025-10-24T13:35:20","modified_gmt":"2025-10-24T10:35:20","slug":"carti","status":"publish","type":"page","link":"https:\/\/www.edituraunmb.ro\/?page_id=50","title":{"rendered":"C\u0103r\u021bi"},"content":{"rendered":"<p>V\u0103 punem la dispozi\u021bie volume de muzicologie, teoria muzicii, eseistic\u0103, istoriografie, pedagogie semnate de profesori din UNMB, muzicologi, compozitori, dirijori, interpre\u021bi.<\/p>\n<h2>Ultimele apari\u021bii<\/h2>\n<hr \/>\n<p><div class=\"woocommerce columns-3 term,carte\"><ul class=\"products columns-3\">\n<li class=\"product type-product post-2381 status-publish first instock product_cat-1038 product_tag-analiza-muzicala product_tag-arhiva product_tag-interpretare product_tag-pian has-post-thumbnail shipping-taxable product-type-simple\">\n\t<a href=\"https:\/\/www.edituraunmb.ro\/?product=dinu-lipatti-prezentul-unei-legende\" class=\"woocommerce-LoopProduct-link woocommerce-loop-product__link\">\t<a href=\"https:\/\/www.edituraunmb.ro\/?product=dinu-lipatti-prezentul-unei-legende&lang=\" title=\"Dinu Lipatti. Prezentul unei legende\">\n\t\t<img loading=\"lazy\" decoding=\"async\" width=\"224\" height=\"320\" src=\"https:\/\/www.edituraunmb.ro\/wp-content\/uploads\/2025\/12\/Screenshot-2025-12-09-at-14.45.41-224x320.png\" class=\"attachment-woocommerce_thumbnail size-woocommerce_thumbnail\" alt=\"Dinu Lipatti. Prezentul unei legende\" \/>\t\n\t\t<h3>Dinu Lipatti. Prezentul unei legende<\/h3>\n\t\t<h4>Volum colectiv<\/h4><br\/>\n\n\t\t<\/a><a href=\"https:\/\/www.edituraunmb.ro\/?post_type=product&#038;p=2381&#038;lang=\" rel=\"nofollow\" data-product_id=\"2381\" data-product_sku=\"\" data-quantity=\"1\" class=\"button product_type_simple\">\r\nReadMore<\/a><\/li>\n<li class=\"product type-product post-2251 status-publish instock product_cat-1004 product_tag-interpretare product_tag-interviu product_tag-memorii product_tag-pian has-post-thumbnail shipping-taxable product-type-simple\">\n\t<a href=\"https:\/\/www.edituraunmb.ro\/?product=in-memoriam-valentin-gheorghiu\" class=\"woocommerce-LoopProduct-link woocommerce-loop-product__link\">\t<a href=\"https:\/\/www.edituraunmb.ro\/?product=in-memoriam-valentin-gheorghiu&lang=\" title=\"In memoriam Valentin Gheorghiu\">\n\t\t<img loading=\"lazy\" decoding=\"async\" width=\"224\" height=\"320\" src=\"https:\/\/www.edituraunmb.ro\/wp-content\/uploads\/2025\/09\/Coperta_InMemoriam_V..._imresizer-224x320.jpg\" class=\"attachment-woocommerce_thumbnail size-woocommerce_thumbnail\" alt=\"In memoriam Valentin Gheorghiu\" srcset=\"https:\/\/www.edituraunmb.ro\/wp-content\/uploads\/2025\/09\/Coperta_InMemoriam_V..._imresizer-224x320.jpg 224w, https:\/\/www.edituraunmb.ro\/wp-content\/uploads\/2025\/09\/Coperta_InMemoriam_V..._imresizer-210x300.jpg 210w, https:\/\/www.edituraunmb.ro\/wp-content\/uploads\/2025\/09\/Coperta_InMemoriam_V..._imresizer-70x100.jpg 70w, https:\/\/www.edituraunmb.ro\/wp-content\/uploads\/2025\/09\/Coperta_InMemoriam_V..._imresizer-350x500.jpg 350w, https:\/\/www.edituraunmb.ro\/wp-content\/uploads\/2025\/09\/Coperta_InMemoriam_V..._imresizer.jpg 700w\" sizes=\"auto, (max-width: 224px) 100vw, 224px\" \/>\t\n\t\t<h3>In memoriam Valentin Gheorghiu<\/h3>\n\t\t<h4>Volum colectiv<\/h4><br\/>\n\n\t\t<\/a><a href=\"http:\/\/www.edituraunmb.ro\/?post_type=product&#038;p=2251&#038;lang=\" rel=\"nofollow\" data-product_id=\"2251\" data-product_sku=\"978-606-659-161-4\" data-quantity=\"1\" class=\"button product_type_simple\">\r\nReadMore<\/a><\/li>\n<li class=\"product type-product post-2389 status-publish last instock product_cat-1004 product_tag-analiza-muzicala product_tag-muzica-contemporana product_tag-muzica-de-camera product_tag-muzica-moderna product_tag-muzicologie has-post-thumbnail shipping-taxable product-type-simple\">\n\t<a href=\"https:\/\/www.edituraunmb.ro\/?product=genurile-de-trio-si-cvartet-instrumental-in-romania-intre-1950-2020\" class=\"woocommerce-LoopProduct-link woocommerce-loop-product__link\">\t<a href=\"https:\/\/www.edituraunmb.ro\/?product=genurile-de-trio-si-cvartet-instrumental-in-romania-intre-1950-2020&lang=\" title=\"Genurile de trio \u0219i cvartet instrumental \u00een Rom\u00e2nia \u00eentre 1950-2020\">\n\t\t<img loading=\"lazy\" decoding=\"async\" width=\"224\" height=\"320\" src=\"https:\/\/www.edituraunmb.ro\/wp-content\/uploads\/2026\/03\/AlbumRAICM_Coperta1_imresizer-224x320.jpg\" class=\"attachment-woocommerce_thumbnail size-woocommerce_thumbnail\" alt=\"Genurile de trio \u0219i cvartet instrumental \u00een Rom\u00e2nia \u00eentre 1950-2020\" srcset=\"https:\/\/www.edituraunmb.ro\/wp-content\/uploads\/2026\/03\/AlbumRAICM_Coperta1_imresizer-224x320.jpg 224w, https:\/\/www.edituraunmb.ro\/wp-content\/uploads\/2026\/03\/AlbumRAICM_Coperta1_imresizer-210x300.jpg 210w, https:\/\/www.edituraunmb.ro\/wp-content\/uploads\/2026\/03\/AlbumRAICM_Coperta1_imresizer-350x500.jpg 350w, https:\/\/www.edituraunmb.ro\/wp-content\/uploads\/2026\/03\/AlbumRAICM_Coperta1_imresizer.jpg 700w\" sizes=\"auto, (max-width: 224px) 100vw, 224px\" \/>\t\n\t\t<h3>Genurile de trio \u0219i cvartet instrumental \u00een Rom\u00e2nia \u00eentre 1950-2020<\/h3>\n\t\t<h4>Volum colectiv<\/h4><br\/>\n\n\t\t<\/a><a href=\"https:\/\/www.edituraunmb.ro\/?post_type=product&#038;p=2389&#038;lang=\" rel=\"nofollow\" data-product_id=\"2389\" data-product_sku=\"\" data-quantity=\"1\" class=\"button product_type_simple\">\r\nReadMore<\/a><\/li>\n<\/ul>\n<\/div><br \/>\n<a class=\"button noindent\" href=\"\/?page_id=2304e\">Catalog Carti<\/a><\/p>\n","protected":false},"excerpt":{"rendered":"<p>V\u0103 punem la dispozi\u021bie volume de muzicologie, teoria muzicii, eseistic\u0103, istoriografie, pedagogie semnate de profesori din UNMB, muzicologi, compozitori, dirijori, interpre\u021bi. Ultimele apari\u021bii Catalog Carti<\/p>\n","protected":false},"author":3,"featured_media":0,"parent":0,"menu_order":4,"comment_status":"open","ping_status":"closed","template":"","meta":{"_acf_changed":false,"footnotes":""},"class_list":["post-50","page","type-page","status-publish","hentry"],"acf":[],"_links":{"self":[{"href":"https:\/\/www.edituraunmb.ro\/index.php?rest_route=\/wp\/v2\/pages\/50","targetHints":{"allow":["GET"]}}],"collection":[{"href":"https:\/\/www.edituraunmb.ro\/index.php?rest_route=\/wp\/v2\/pages"}],"about":[{"href":"https:\/\/www.edituraunmb.ro\/index.php?rest_route=\/wp\/v2\/types\/page"}],"author":[{"embeddable":true,"href":"https:\/\/www.edituraunmb.ro\/index.php?rest_route=\/wp\/v2\/users\/3"}],"replies":[{"embeddable":true,"href":"https:\/\/www.edituraunmb.ro\/index.php?rest_route=%2Fwp%2Fv2%2Fcomments&post=50"}],"version-history":[{"count":29,"href":"https:\/\/www.edituraunmb.ro\/index.php?rest_route=\/wp\/v2\/pages\/50\/revisions"}],"predecessor-version":[{"id":2307,"href":"https:\/\/www.edituraunmb.ro\/index.php?rest_route=\/wp\/v2\/pages\/50\/revisions\/2307"}],"wp:attachment":[{"href":"https:\/\/www.edituraunmb.ro\/index.php?rest_route=%2Fwp%2Fv2%2Fmedia&parent=50"}],"curies":[{"name":"wp","href":"https:\/\/api.w.org\/{rel}","templated":true}]}}