{"id":84,"date":"2015-05-22T11:37:38","date_gmt":"2015-05-22T11:37:38","guid":{"rendered":"http:\/\/www.edituraunmb.ro\/?page_id=84"},"modified":"2024-03-11T12:25:21","modified_gmt":"2024-03-11T09:25:21","slug":"home","status":"publish","type":"page","link":"https:\/\/www.edituraunmb.ro\/","title":{"rendered":"Home"},"content":{"rendered":"<h1>Ultimele\u00a0volume ap\u0103rute<\/h1>\n<div class=\"woocommerce columns-3 \"><ul class=\"products columns-3\">\n<li class=\"product type-product post-2381 status-publish first instock product_cat-1038 product_tag-analiza-muzicala product_tag-arhiva product_tag-interpretare product_tag-pian has-post-thumbnail shipping-taxable product-type-simple\">\n\t<a href=\"https:\/\/www.edituraunmb.ro\/?product=dinu-lipatti-prezentul-unei-legende\" class=\"woocommerce-LoopProduct-link woocommerce-loop-product__link\">\t<a href=\"https:\/\/www.edituraunmb.ro\/?product=dinu-lipatti-prezentul-unei-legende&lang=\" title=\"Dinu Lipatti. Prezentul unei legende\">\n\t\t<img loading=\"lazy\" decoding=\"async\" width=\"224\" height=\"320\" src=\"https:\/\/www.edituraunmb.ro\/wp-content\/uploads\/2025\/12\/Screenshot-2025-12-09-at-14.45.41-224x320.png\" class=\"attachment-woocommerce_thumbnail size-woocommerce_thumbnail\" alt=\"Dinu Lipatti. Prezentul unei legende\" \/>\t\n\t\t<h3>Dinu Lipatti. Prezentul unei legende<\/h3>\n\t\t<h4>Volum colectiv<\/h4><br\/>\n\n\t\t<\/a><a href=\"https:\/\/www.edituraunmb.ro\/?post_type=product&#038;p=2381&#038;lang=\" rel=\"nofollow\" data-product_id=\"2381\" data-product_sku=\"\" data-quantity=\"1\" class=\"button product_type_simple\">\r\nReadMore<\/a><\/li>\n<li class=\"product type-product post-2251 status-publish instock product_cat-1004 product_tag-interpretare product_tag-interviu product_tag-memorii product_tag-pian has-post-thumbnail shipping-taxable product-type-simple\">\n\t<a href=\"https:\/\/www.edituraunmb.ro\/?product=in-memoriam-valentin-gheorghiu\" class=\"woocommerce-LoopProduct-link woocommerce-loop-product__link\">\t<a href=\"https:\/\/www.edituraunmb.ro\/?product=in-memoriam-valentin-gheorghiu&lang=\" title=\"In memoriam Valentin Gheorghiu\">\n\t\t<img loading=\"lazy\" decoding=\"async\" width=\"224\" height=\"320\" src=\"https:\/\/www.edituraunmb.ro\/wp-content\/uploads\/2025\/09\/Coperta_InMemoriam_V..._imresizer-224x320.jpg\" class=\"attachment-woocommerce_thumbnail size-woocommerce_thumbnail\" alt=\"In memoriam Valentin Gheorghiu\" srcset=\"https:\/\/www.edituraunmb.ro\/wp-content\/uploads\/2025\/09\/Coperta_InMemoriam_V..._imresizer-224x320.jpg 224w, https:\/\/www.edituraunmb.ro\/wp-content\/uploads\/2025\/09\/Coperta_InMemoriam_V..._imresizer-210x300.jpg 210w, https:\/\/www.edituraunmb.ro\/wp-content\/uploads\/2025\/09\/Coperta_InMemoriam_V..._imresizer-70x100.jpg 70w, https:\/\/www.edituraunmb.ro\/wp-content\/uploads\/2025\/09\/Coperta_InMemoriam_V..._imresizer-350x500.jpg 350w, https:\/\/www.edituraunmb.ro\/wp-content\/uploads\/2025\/09\/Coperta_InMemoriam_V..._imresizer.jpg 700w\" sizes=\"auto, (max-width: 224px) 100vw, 224px\" \/>\t\n\t\t<h3>In memoriam Valentin Gheorghiu<\/h3>\n\t\t<h4>Volum colectiv<\/h4><br\/>\n\n\t\t<\/a><a href=\"http:\/\/www.edituraunmb.ro\/?post_type=product&#038;p=2251&#038;lang=\" rel=\"nofollow\" data-product_id=\"2251\" data-product_sku=\"978-606-659-161-4\" data-quantity=\"1\" class=\"button product_type_simple\">\r\nReadMore<\/a><\/li>\n<li class=\"product type-product post-2389 status-publish last instock product_cat-1004 product_tag-analiza-muzicala product_tag-muzica-contemporana product_tag-muzica-de-camera product_tag-muzica-moderna product_tag-muzicologie has-post-thumbnail shipping-taxable product-type-simple\">\n\t<a href=\"https:\/\/www.edituraunmb.ro\/?product=genurile-de-trio-si-cvartet-instrumental-in-romania-intre-1950-2020\" class=\"woocommerce-LoopProduct-link woocommerce-loop-product__link\">\t<a href=\"https:\/\/www.edituraunmb.ro\/?product=genurile-de-trio-si-cvartet-instrumental-in-romania-intre-1950-2020&lang=\" title=\"Genurile de trio \u0219i cvartet instrumental \u00een Rom\u00e2nia \u00eentre 1950-2020\">\n\t\t<img loading=\"lazy\" decoding=\"async\" width=\"224\" height=\"320\" src=\"https:\/\/www.edituraunmb.ro\/wp-content\/uploads\/2026\/03\/AlbumRAICM_Coperta1_imresizer-224x320.jpg\" class=\"attachment-woocommerce_thumbnail size-woocommerce_thumbnail\" alt=\"Genurile de trio \u0219i cvartet instrumental \u00een Rom\u00e2nia \u00eentre 1950-2020\" srcset=\"https:\/\/www.edituraunmb.ro\/wp-content\/uploads\/2026\/03\/AlbumRAICM_Coperta1_imresizer-224x320.jpg 224w, https:\/\/www.edituraunmb.ro\/wp-content\/uploads\/2026\/03\/AlbumRAICM_Coperta1_imresizer-210x300.jpg 210w, https:\/\/www.edituraunmb.ro\/wp-content\/uploads\/2026\/03\/AlbumRAICM_Coperta1_imresizer-350x500.jpg 350w, https:\/\/www.edituraunmb.ro\/wp-content\/uploads\/2026\/03\/AlbumRAICM_Coperta1_imresizer.jpg 700w\" sizes=\"auto, (max-width: 224px) 100vw, 224px\" \/>\t\n\t\t<h3>Genurile de trio \u0219i cvartet instrumental \u00een Rom\u00e2nia \u00eentre 1950-2020<\/h3>\n\t\t<h4>Volum colectiv<\/h4><br\/>\n\n\t\t<\/a><a href=\"https:\/\/www.edituraunmb.ro\/?post_type=product&#038;p=2389&#038;lang=\" rel=\"nofollow\" data-product_id=\"2389\" data-product_sku=\"\" data-quantity=\"1\" class=\"button product_type_simple\">\r\nReadMore<\/a><\/li>\n<\/ul>\n<\/div>\n<hr \/>\n<h1>Recomandate<\/h1>\n<div class=\"woocommerce columns-3 \"><ul class=\"products columns-3\">\n<li class=\"product type-product post-2201 status-publish first instock product_cat-1004 product_tag-istorie product_tag-perioada-medievala product_tag-transilvania has-post-thumbnail featured shipping-taxable product-type-simple\">\n\t<a href=\"https:\/\/www.edituraunmb.ro\/?product=incursiuni-muzicale-in-transilvania-premoderna\" class=\"woocommerce-LoopProduct-link woocommerce-loop-product__link\">\t<a href=\"https:\/\/www.edituraunmb.ro\/?product=incursiuni-muzicale-in-transilvania-premoderna&lang=\" title=\"Incursiuni muzicale \u00een Transilvania premodern\u0103\">\n\t\t<img loading=\"lazy\" decoding=\"async\" width=\"224\" height=\"320\" src=\"https:\/\/www.edituraunmb.ro\/wp-content\/uploads\/2025\/06\/Coperta\u0306-VV-tipar_pa..._imresizer.jpg\" class=\"attachment-woocommerce_thumbnail size-woocommerce_thumbnail\" alt=\"Incursiuni muzicale \u00een Transilvania premodern\u0103\" srcset=\"https:\/\/www.edituraunmb.ro\/wp-content\/uploads\/2025\/06\/Coperta\u0306-VV-tipar_pa..._imresizer.jpg 700w, https:\/\/www.edituraunmb.ro\/wp-content\/uploads\/2025\/06\/Coperta\u0306-VV-tipar_pa..._imresizer-210x300.jpg 210w, https:\/\/www.edituraunmb.ro\/wp-content\/uploads\/2025\/06\/Coperta\u0306-VV-tipar_pa..._imresizer-70x100.jpg 70w, https:\/\/www.edituraunmb.ro\/wp-content\/uploads\/2025\/06\/Coperta\u0306-VV-tipar_pa..._imresizer-224x320.jpg 224w, https:\/\/www.edituraunmb.ro\/wp-content\/uploads\/2025\/06\/Coperta\u0306-VV-tipar_pa..._imresizer-350x500.jpg 350w\" sizes=\"auto, (max-width: 224px) 100vw, 224px\" \/>\t\n\t\t<h3>Incursiuni muzicale \u00een Transilvania premodern\u0103<\/h3>\n\t\t<h4>by Vlad V\u0103idean<\/h4><br\/>\n\n\t\t<\/a><a href=\"http:\/\/www.edituraunmb.ro\/?post_type=product&#038;p=2201&#038;lang=\" rel=\"nofollow\" data-product_id=\"2201\" data-product_sku=\"978-606-659-159-1\" data-quantity=\"1\" class=\"button product_type_simple\">\r\nReadMore<\/a><\/li>\n<li class=\"product type-product post-2087 status-publish instock product_cat-1004 product_tag-arhive product_tag-compozitori product_tag-diaspora has-post-thumbnail featured shipping-taxable product-type-simple\">\n\t<a href=\"https:\/\/www.edituraunmb.ro\/?product=drumul-emigrarii-povestea-diasporei-componistice-romanesti-din-franta-reconstituita-din-arhive-comuniste\" class=\"woocommerce-LoopProduct-link woocommerce-loop-product__link\">\t<a href=\"https:\/\/www.edituraunmb.ro\/?product=drumul-emigrarii-povestea-diasporei-componistice-romanesti-din-franta-reconstituita-din-arhive-comuniste&lang=\" title=\"Drumul emigr\u0103rii. Povestea diasporei componistice rom\u00e2ne\u0219ti din Fran\u021ba, reconstituit\u0103 din arhive comuniste\">\n\t\t<img loading=\"lazy\" decoding=\"async\" width=\"224\" height=\"320\" src=\"https:\/\/www.edituraunmb.ro\/wp-content\/uploads\/2025\/01\/imresizer-1738158606596.jpg\" class=\"attachment-woocommerce_thumbnail size-woocommerce_thumbnail\" alt=\"Drumul emigr\u0103rii. Povestea diasporei componistice rom\u00e2ne\u0219ti din Fran\u021ba, reconstituit\u0103 din arhive comuniste\" srcset=\"https:\/\/www.edituraunmb.ro\/wp-content\/uploads\/2025\/01\/imresizer-1738158606596.jpg 700w, https:\/\/www.edituraunmb.ro\/wp-content\/uploads\/2025\/01\/imresizer-1738158606596-210x300.jpg 210w, https:\/\/www.edituraunmb.ro\/wp-content\/uploads\/2025\/01\/imresizer-1738158606596-70x100.jpg 70w, https:\/\/www.edituraunmb.ro\/wp-content\/uploads\/2025\/01\/imresizer-1738158606596-224x320.jpg 224w, https:\/\/www.edituraunmb.ro\/wp-content\/uploads\/2025\/01\/imresizer-1738158606596-350x500.jpg 350w\" sizes=\"auto, (max-width: 224px) 100vw, 224px\" \/>\t\n\t\t<h3>Drumul emigr\u0103rii. Povestea diasporei componistice rom\u00e2ne\u0219ti din Fran\u021ba, reconstituit\u0103 din arhive comuniste<\/h3>\n\t\t<h4>by Ana Diaconu<\/h4><br\/>\n\n\t\t<\/a><a href=\"http:\/\/www.edituraunmb.ro\/?post_type=product&#038;p=2087&#038;lang=\" rel=\"nofollow\" data-product_id=\"2087\" data-product_sku=\"978-606-659-155-3\" data-quantity=\"1\" class=\"button product_type_simple\">\r\nReadMore<\/a><\/li>\n<li class=\"product type-product post-1949 status-publish last instock product_cat-830 product_tag-ideologii product_tag-institutii product_tag-istorii has-post-thumbnail featured shipping-taxable product-type-simple\">\n\t<a href=\"https:\/\/www.edituraunmb.ro\/?product=istorii-si-ideologii-filarmonica-din-bucuresti-1868-2018\" class=\"woocommerce-LoopProduct-link woocommerce-loop-product__link\">\t<a href=\"https:\/\/www.edituraunmb.ro\/?product=istorii-si-ideologii-filarmonica-din-bucuresti-1868-2018&lang=\" title=\"Istorii \u0219i ideologii: Filarmonica din Bucure\u0219ti (1868-2018)\">\n\t\t<img loading=\"lazy\" decoding=\"async\" width=\"224\" height=\"320\" src=\"https:\/\/www.edituraunmb.ro\/wp-content\/uploads\/2024\/05\/Filarmonica-site.jpeg\" class=\"attachment-woocommerce_thumbnail size-woocommerce_thumbnail\" alt=\"Istorii \u0219i ideologii: Filarmonica din Bucure\u0219ti (1868-2018)\" srcset=\"https:\/\/www.edituraunmb.ro\/wp-content\/uploads\/2024\/05\/Filarmonica-site.jpeg 700w, https:\/\/www.edituraunmb.ro\/wp-content\/uploads\/2024\/05\/Filarmonica-site-210x300.jpeg 210w, https:\/\/www.edituraunmb.ro\/wp-content\/uploads\/2024\/05\/Filarmonica-site-70x100.jpeg 70w, https:\/\/www.edituraunmb.ro\/wp-content\/uploads\/2024\/05\/Filarmonica-site-224x320.jpeg 224w, https:\/\/www.edituraunmb.ro\/wp-content\/uploads\/2024\/05\/Filarmonica-site-350x500.jpeg 350w\" sizes=\"auto, (max-width: 224px) 100vw, 224px\" \/>\t\n\t\t<h3>Istorii \u0219i ideologii: Filarmonica din Bucure\u0219ti (1868-2018)<\/h3>\n\t\t<h4>Volum colectiv<\/h4><br\/>\n\n\t\t<\/a><a href=\"http:\/\/www.edituraunmb.ro\/?post_type=product&#038;p=1949&#038;lang=\" rel=\"nofollow\" data-product_id=\"1949\" data-product_sku=\"978-606-659-148-5\" data-quantity=\"1\" class=\"button product_type_simple\">\r\nReadMore<\/a><\/li>\n<\/ul>\n<\/div>\n","protected":false},"excerpt":{"rendered":"<p>Ultimele\u00a0volume ap\u0103rute Recomandate<\/p>\n","protected":false},"author":3,"featured_media":0,"parent":0,"menu_order":2,"comment_status":"open","ping_status":"open","template":"","meta":{"_acf_changed":false,"footnotes":""},"class_list":["post-84","page","type-page","status-publish","hentry"],"acf":[],"_links":{"self":[{"href":"https:\/\/www.edituraunmb.ro\/index.php?rest_route=\/wp\/v2\/pages\/84","targetHints":{"allow":["GET"]}}],"collection":[{"href":"https:\/\/www.edituraunmb.ro\/index.php?rest_route=\/wp\/v2\/pages"}],"about":[{"href":"https:\/\/www.edituraunmb.ro\/index.php?rest_route=\/wp\/v2\/types\/page"}],"author":[{"embeddable":true,"href":"https:\/\/www.edituraunmb.ro\/index.php?rest_route=\/wp\/v2\/users\/3"}],"replies":[{"embeddable":true,"href":"https:\/\/www.edituraunmb.ro\/index.php?rest_route=%2Fwp%2Fv2%2Fcomments&post=84"}],"version-history":[{"count":14,"href":"https:\/\/www.edituraunmb.ro\/index.php?rest_route=\/wp\/v2\/pages\/84\/revisions"}],"predecessor-version":[{"id":1870,"href":"https:\/\/www.edituraunmb.ro\/index.php?rest_route=\/wp\/v2\/pages\/84\/revisions\/1870"}],"wp:attachment":[{"href":"https:\/\/www.edituraunmb.ro\/index.php?rest_route=%2Fwp%2Fv2%2Fmedia&parent=84"}],"curies":[{"name":"wp","href":"https:\/\/api.w.org\/{rel}","templated":true}]}}