{"id":95,"date":"2015-05-23T03:37:16","date_gmt":"2015-05-23T03:37:16","guid":{"rendered":"http:\/\/www.edituraunmb.ro\/?page_id=95"},"modified":"2025-10-24T13:40:41","modified_gmt":"2025-10-24T10:40:41","slug":"periodice","status":"publish","type":"page","link":"https:\/\/www.edituraunmb.ro\/?page_id=95","title":{"rendered":"Periodice"},"content":{"rendered":"<h1>Musicology Today:<\/h1>\n<h5>Editor general: prof. univ. dr. dr. h.c. Valentina Sandu-Dediu<br \/>\nEditor executiv: prof. univ. dr. Florinela Popa<\/h5>\n<p>&nbsp;<\/p>\n<p>Ini\u0163iat\u0103 \u00een 2010, <strong><a href=\"http:\/\/www.musicologytoday.ro\/\" target=\"_blank\" rel=\"noopener noreferrer\">Musicology Today<\/a><\/strong> este prima revist\u0103 muzical\u0103 din Rom\u00e2nia care, \u00eentr-un demers ferm de a integra muzicologia rom\u00e2neasc\u0103 \u00een contextul interna\u0163ional, public\u0103 tot materialul \u00een limbi str\u0103ine (englez\u0103, german\u0103 \u0219i francez\u0103). Colectivul editorial propune o tem\u0103 diferit\u0103 pentru fiecare num\u0103r, adun\u00e2nd apoi, de la speciali\u0219ti rom\u00e2ni \u0219i str\u0103ini, studii, eseuri \u0219i articole ce abordeaz\u0103 la un \u00eenalt nivel academic problematici actuale ce \u021bin de istoriografia, analiza \u0219i estetica muzical\u0103, precum \u0219i de etnomuzicologie \u0219i muzicologie bizantin\u0103. Astfel, scopul principal al revistei este de a reflecta efervescen\u0163a lumii muzicale de ast\u0103zi, dar \u015fi de a le asigura cercet\u0103torilor muzicali rom\u00e2ni (compozitori, muzicologi, interpre\u021bi) o platform\u0103 de lucru deschis\u0103, integrat\u0103 \u00een contextul revistelor cotate interna\u021bional.<\/p>\n<h1>AkadeMusica:<\/h1>\n<p>Revista <strong>AkadeMusica<\/strong> cuprinde studii muzicologice realizate de cadre didactice \u015fi de cercet\u0103tori din UNMB, prezentate \u00een diferitele simpozioane organizate \u00een cadrul Universit\u0103\u021bii.<\/p>\n<h1>Conferin\u021be doctorale:<\/h1>\n<p>\u0218coala doctoral\u0103 UNMB a ini\u021biat \u00een anul 2011 o serie de conferin\u021be doctorale sus\u021binute de personalit\u0103\u021bi de renume ale vie\u021bii muzicale rom\u00e2ne\u015fti. Conferin\u021bele sunt destinate \u00een primul r\u00e2nd doctoranzilor UNMB, \u00eens\u0103 accesul publicului interesat este liber. Publicarea lor de c\u0103tre Editura UNMB vine \u00een sprijinul disemin\u0103rii unor cercet\u0103ri valoroase \u015fi inedite.<\/p>\n<h1>EnArmonia:<\/h1>\n<p>Seria <strong>EnArmonia<\/strong> a fost ini\u0163iat\u0103 \u00een 2011 \u015fi cuprinde materiale didactice concepute pentru examene de licen\u0163\u0103 \u015fi master sau diferite concursuri organizate \u00een cadrul UNMB. Colec\u0163ia cuprinde solfegii, dictate \u015fi teste de teoria muzicii, exist\u00e2nd \u015fi \u00eentr-o variant\u0103 electronic\u0103 pentru un grad mai mare de vizibilitate \u015fi o rela\u0163ionare c\u00e2t mai bun\u0103 cu \u00eenv\u0103\u0163\u0103m\u00e2ntul pre-universitar.<\/p>\n<p><a href=\"https:\/\/www.unmb.ro\/wp-content\/uploads\/2022\/11\/EnArmonia-volumul-I.pdf\" target=\"_blank\" rel=\"noopener noreferrer\">Vol. 1<\/a> | <a href=\"http:\/\/www.unmb.ro\/wp-content\/uploads\/2013\/08\/EnArmonia_2.pdf\" target=\"_blank\" rel=\"noopener noreferrer\">Vol. 2<\/a> | <a href=\"http:\/\/www.unmb.ro\/wp-content\/uploads\/2015\/06\/EnArmonia3.pdf\">Vol. 3<\/a>\u00a0|\u00a0<a href=\"https:\/\/www.unmb.ro\/wp-content\/uploads\/2022\/11\/EnArmonia_vol_4.pdf\">Vol.\u00a04<\/a>\u00a0|\u00a0<a href=\"https:\/\/www.unmb.ro\/wp-content\/uploads\/2018\/08\/Enarmonia_vol_5.pdf\">Vol. 5<\/a> | <a href=\"https:\/\/www.unmb.ro\/wp-content\/uploads\/2024\/10\/EnArmonia_vol_6.pdf\">Vol. 6<\/a><\/p>\n<h2>Ultimele apari\u021bii<\/h2>\n<hr \/>\n<div class=\"woocommerce columns-3 term,akademusica,musicology-today\"><ul class=\"products columns-3\">\n<li class=\"product type-product post-2288 status-publish first instock product_cat-1038 product_tag-muzicologie product_tag-periodic product_tag-revista has-post-thumbnail shipping-taxable product-type-simple\">\n\t<a href=\"https:\/\/www.edituraunmb.ro\/?product=musicology-today-volume-15-jan-dec-2024\" class=\"woocommerce-LoopProduct-link woocommerce-loop-product__link\">\t<a href=\"https:\/\/www.edituraunmb.ro\/?product=musicology-today-volume-15-jan-dec-2024&lang=\" title=\"Musicology Today, Volume 15 (Jan-Dec 2024)\">\n\t\t<img loading=\"lazy\" decoding=\"async\" width=\"224\" height=\"320\" src=\"https:\/\/www.edituraunmb.ro\/wp-content\/uploads\/2025\/09\/Coperta\u0306-MT-15_page-..._imresizer.jpg\" class=\"attachment-woocommerce_thumbnail size-woocommerce_thumbnail\" alt=\"Musicology Today, Volume 15 (Jan-Dec 2024)\" srcset=\"https:\/\/www.edituraunmb.ro\/wp-content\/uploads\/2025\/09\/Coperta\u0306-MT-15_page-..._imresizer.jpg 700w, https:\/\/www.edituraunmb.ro\/wp-content\/uploads\/2025\/09\/Coperta\u0306-MT-15_page-..._imresizer-210x300.jpg 210w, https:\/\/www.edituraunmb.ro\/wp-content\/uploads\/2025\/09\/Coperta\u0306-MT-15_page-..._imresizer-70x100.jpg 70w, https:\/\/www.edituraunmb.ro\/wp-content\/uploads\/2025\/09\/Coperta\u0306-MT-15_page-..._imresizer-224x320.jpg 224w, https:\/\/www.edituraunmb.ro\/wp-content\/uploads\/2025\/09\/Coperta\u0306-MT-15_page-..._imresizer-350x500.jpg 350w\" sizes=\"auto, (max-width: 224px) 100vw, 224px\" \/>\t\n\t\t<h3>Musicology Today, Volume 15 (Jan-Dec 2024)<\/h3>\n\t\t<h4>by Volum colectiv<\/h4><br\/>\n\n\t\t<\/a><a href=\"http:\/\/www.edituraunmb.ro\/?post_type=product&#038;p=2288&#038;lang=\" rel=\"nofollow\" data-product_id=\"2288\" data-product_sku=\"2067-5364 \/ ISSN-L 2067-4717\" data-quantity=\"1\" class=\"button product_type_simple\">\r\nReadMore<\/a><\/li>\n<li class=\"product type-product post-2284 status-publish instock product_cat-1004 product_tag-muzicologie product_tag-periodic product_tag-revista has-post-thumbnail shipping-taxable product-type-simple\">\n\t<a href=\"https:\/\/www.edituraunmb.ro\/?product=musicology-today-volume-14-jan-dec-2023\" class=\"woocommerce-LoopProduct-link woocommerce-loop-product__link\">\t<a href=\"https:\/\/www.edituraunmb.ro\/?product=musicology-today-volume-14-jan-dec-2023&lang=\" title=\"Musicology Today, Volume 14 (Jan-Dec 2023)\">\n\t\t<img loading=\"lazy\" decoding=\"async\" width=\"224\" height=\"320\" src=\"https:\/\/www.edituraunmb.ro\/wp-content\/uploads\/2025\/09\/MT-vol-14_imresizer.jpg\" class=\"attachment-woocommerce_thumbnail size-woocommerce_thumbnail\" alt=\"Musicology Today, Volume 14 (Jan-Dec 2023)\" srcset=\"https:\/\/www.edituraunmb.ro\/wp-content\/uploads\/2025\/09\/MT-vol-14_imresizer.jpg 700w, https:\/\/www.edituraunmb.ro\/wp-content\/uploads\/2025\/09\/MT-vol-14_imresizer-210x300.jpg 210w, https:\/\/www.edituraunmb.ro\/wp-content\/uploads\/2025\/09\/MT-vol-14_imresizer-70x100.jpg 70w, https:\/\/www.edituraunmb.ro\/wp-content\/uploads\/2025\/09\/MT-vol-14_imresizer-224x320.jpg 224w, https:\/\/www.edituraunmb.ro\/wp-content\/uploads\/2025\/09\/MT-vol-14_imresizer-350x500.jpg 350w\" sizes=\"auto, (max-width: 224px) 100vw, 224px\" \/>\t\n\t\t<h3>Musicology Today, Volume 14 (Jan-Dec 2023)<\/h3>\n\t\t<h4>by Volum colectiv<\/h4><br\/>\n\n\t\t<\/a><a href=\"http:\/\/www.edituraunmb.ro\/?post_type=product&#038;p=2284&#038;lang=\" rel=\"nofollow\" data-product_id=\"2284\" data-product_sku=\"2067-5364 \/ ISSN-L2067-4717\" data-quantity=\"1\" class=\"button product_type_simple\">\r\nReadMore<\/a><\/li>\n<li class=\"product type-product post-1933 status-publish last instock product_cat-830 product_tag-muzicologie product_tag-periodic product_tag-revista has-post-thumbnail shipping-taxable product-type-simple\">\n\t<a href=\"https:\/\/www.edituraunmb.ro\/?product=musicology-today-volume-13-jan-dec-2022\" class=\"woocommerce-LoopProduct-link woocommerce-loop-product__link\">\t<a href=\"https:\/\/www.edituraunmb.ro\/?product=musicology-today-volume-13-jan-dec-2022&lang=\" title=\"Musicology Today, Volume 13 (Jan-Dec 2022)\">\n\t\t<img loading=\"lazy\" decoding=\"async\" width=\"224\" height=\"320\" src=\"https:\/\/www.edituraunmb.ro\/wp-content\/uploads\/2023\/01\/imresizer-1710742582396.jpg\" class=\"attachment-woocommerce_thumbnail size-woocommerce_thumbnail\" alt=\"Musicology Today, Volume 13 (Jan-Dec 2022)\" srcset=\"https:\/\/www.edituraunmb.ro\/wp-content\/uploads\/2023\/01\/imresizer-1710742582396.jpg 700w, https:\/\/www.edituraunmb.ro\/wp-content\/uploads\/2023\/01\/imresizer-1710742582396-210x300.jpg 210w, https:\/\/www.edituraunmb.ro\/wp-content\/uploads\/2023\/01\/imresizer-1710742582396-70x100.jpg 70w, https:\/\/www.edituraunmb.ro\/wp-content\/uploads\/2023\/01\/imresizer-1710742582396-224x320.jpg 224w, https:\/\/www.edituraunmb.ro\/wp-content\/uploads\/2023\/01\/imresizer-1710742582396-350x500.jpg 350w\" sizes=\"auto, (max-width: 224px) 100vw, 224px\" \/>\t\n\t\t<h3>Musicology Today, Volume 13 (Jan-Dec 2022)<\/h3>\n\t\t<h4>by Volum colectiv<\/h4><br\/>\n\n\t\t<\/a><a href=\"http:\/\/www.edituraunmb.ro\/?post_type=product&#038;p=1933&#038;lang=\" rel=\"nofollow\" data-product_id=\"1933\" data-product_sku=\"2286-4717 \/ ISSN-L2067-4717\" data-quantity=\"1\" class=\"button product_type_simple\">\r\nReadMore<\/a><\/li>\n<\/ul>\n<\/div>\n","protected":false},"excerpt":{"rendered":"<p>Musicology Today: Editor general: prof. univ. dr. dr. h.c. Valentina Sandu-Dediu Editor executiv: prof. univ. dr. Florinela Popa &nbsp; Ini\u0163iat\u0103 \u00een 2010, Musicology Today este prima revist\u0103 muzical\u0103 din Rom\u00e2nia care, \u00eentr-un demers ferm de a integra muzicologia rom\u00e2neasc\u0103 \u00een &hellip; <a href=\"https:\/\/www.edituraunmb.ro\/?page_id=95\" style=\"padding-left:10px;\">Mai multe detalii<\/a><\/p>\n","protected":false},"author":3,"featured_media":0,"parent":0,"menu_order":8,"comment_status":"open","ping_status":"open","template":"","meta":{"_acf_changed":false,"footnotes":""},"class_list":["post-95","page","type-page","status-publish","hentry"],"acf":[],"_links":{"self":[{"href":"https:\/\/www.edituraunmb.ro\/index.php?rest_route=\/wp\/v2\/pages\/95","targetHints":{"allow":["GET"]}}],"collection":[{"href":"https:\/\/www.edituraunmb.ro\/index.php?rest_route=\/wp\/v2\/pages"}],"about":[{"href":"https:\/\/www.edituraunmb.ro\/index.php?rest_route=\/wp\/v2\/types\/page"}],"author":[{"embeddable":true,"href":"https:\/\/www.edituraunmb.ro\/index.php?rest_route=\/wp\/v2\/users\/3"}],"replies":[{"embeddable":true,"href":"https:\/\/www.edituraunmb.ro\/index.php?rest_route=%2Fwp%2Fv2%2Fcomments&post=95"}],"version-history":[{"count":23,"href":"https:\/\/www.edituraunmb.ro\/index.php?rest_route=\/wp\/v2\/pages\/95\/revisions"}],"predecessor-version":[{"id":2363,"href":"https:\/\/www.edituraunmb.ro\/index.php?rest_route=\/wp\/v2\/pages\/95\/revisions\/2363"}],"wp:attachment":[{"href":"https:\/\/www.edituraunmb.ro\/index.php?rest_route=%2Fwp%2Fv2%2Fmedia&parent=95"}],"curies":[{"name":"wp","href":"https:\/\/api.w.org\/{rel}","templated":true}]}}