{"id":99,"date":"2015-05-23T03:37:55","date_gmt":"2015-05-23T03:37:55","guid":{"rendered":"http:\/\/www.edituraunmb.ro\/?page_id=99"},"modified":"2020-10-20T10:55:24","modified_gmt":"2020-10-20T10:55:24","slug":"despre-editura","status":"publish","type":"page","link":"https:\/\/www.edituraunmb.ro\/?page_id=99","title":{"rendered":"Despre editur\u0103"},"content":{"rendered":"<h1>Scop:<\/h1>\n<p>\u00cenfiin\u021bat\u0103 \u00een data de 13 iunie 2001, \u00een urma hot\u0103r\u00e2rii Senatului Universit\u0103\u021bii Na\u021bionale de Muzic\u0103 din Bucure\u0219ti, <strong>Editura UNMB<\/strong> are ca scop:<\/p>\n<ul>\n<li>publicarea lucr\u0103rilor muzicale de orice fel (partituri, volume de muzicologie, volume de didactic\u0103 muzical\u0103, ziare, reviste muzicale), dar \u0219i a lucr\u0103rilor din alte domenii aflate \u00een conexiune cu muzica sau cu subiectele de interes ale cadrelor didactice \u0219i asociate din UNMB;<\/li>\n<li>traducerea de volume cu tematic\u0103 muzical\u0103 sau conex\u0103;<\/li>\n<li>difuzarea \u0219i comercializarea lucr\u0103rilor muzicale, prin Magazia UNMB \u0219i prin\u00a0diseminarea acestora c\u0103tre\u00a0diverse\u00a0universit\u0103\u021bi \u0219i biblioteci na\u021bionale \u0219i interna\u021bionale.<\/li>\n<\/ul>\n<h1>Statut:<\/h1>\n<p>Statutul Editurii este detaliat \u00een Carta UNMB, articolul 75. Structura editurii cuprinde un colectiv de redac\u021bie, un consiliu editorial \u0219i o list\u0103 de referen\u021bi \u0219tiin\u021bifici. Propunerile cu privire la editarea lucr\u0103rilor\/c\u0103r\u021bilor sunt aprobate de Consiliul de Administra\u021bie. Tot Consiliul de Administra\u021bie nume\u0219te un director al Editurii din r\u00e2ndul personalului didactic sau de cercetare din UNMB, validat de Senat. Perioada de ocupare a pozi\u021biei de director al Editurii este de doi ani, cu posibilitatea prelungirii, \u00een baza rapoartelor de activitate.<\/p>\n<p>\u00cen cazul unor cercet\u0103ri de interes pe plan interna\u021bional, publica\u021biile vor fi editate bilingv sau numai \u00eentr-o limb\u0103 de circula\u021bie interna\u021bional\u0103.<\/p>\n<p>Editura poate ini\u021bia \u0219i conduce realizarea unor proiecte editoriale cu finan\u021bare privat\u0103, co-finan\u021bare sau granturi acordate de institu\u021bii de cultur\u0103 sau\/\u0219i educa\u021bie din \u021bar\u0103 sau din str\u0103in\u0103tate.<\/p>\n","protected":false},"excerpt":{"rendered":"<p>Scop: \u00cenfiin\u021bat\u0103 \u00een data de 13 iunie 2001, \u00een urma hot\u0103r\u00e2rii Senatului Universit\u0103\u021bii Na\u021bionale de Muzic\u0103 din Bucure\u0219ti, Editura UNMB are ca scop: publicarea lucr\u0103rilor muzicale de orice fel (partituri, volume de muzicologie, volume de didactic\u0103 muzical\u0103, ziare, reviste muzicale), &hellip; <a href=\"https:\/\/www.edituraunmb.ro\/?page_id=99\" style=\"padding-left:10px;\">Mai multe detalii<\/a><\/p>\n","protected":false},"author":3,"featured_media":0,"parent":0,"menu_order":13,"comment_status":"open","ping_status":"open","template":"","meta":{"_acf_changed":false,"footnotes":""},"class_list":["post-99","page","type-page","status-publish","hentry"],"acf":[],"_links":{"self":[{"href":"https:\/\/www.edituraunmb.ro\/index.php?rest_route=\/wp\/v2\/pages\/99","targetHints":{"allow":["GET"]}}],"collection":[{"href":"https:\/\/www.edituraunmb.ro\/index.php?rest_route=\/wp\/v2\/pages"}],"about":[{"href":"https:\/\/www.edituraunmb.ro\/index.php?rest_route=\/wp\/v2\/types\/page"}],"author":[{"embeddable":true,"href":"https:\/\/www.edituraunmb.ro\/index.php?rest_route=\/wp\/v2\/users\/3"}],"replies":[{"embeddable":true,"href":"https:\/\/www.edituraunmb.ro\/index.php?rest_route=%2Fwp%2Fv2%2Fcomments&post=99"}],"version-history":[{"count":8,"href":"https:\/\/www.edituraunmb.ro\/index.php?rest_route=\/wp\/v2\/pages\/99\/revisions"}],"predecessor-version":[{"id":1462,"href":"https:\/\/www.edituraunmb.ro\/index.php?rest_route=\/wp\/v2\/pages\/99\/revisions\/1462"}],"wp:attachment":[{"href":"https:\/\/www.edituraunmb.ro\/index.php?rest_route=%2Fwp%2Fv2%2Fmedia&parent=99"}],"curies":[{"name":"wp","href":"https:\/\/api.w.org\/{rel}","templated":true}]}}