{"id":1033,"date":"2015-08-13T15:12:25","date_gmt":"2015-08-13T15:12:25","guid":{"rendered":"http:\/\/www.edituraunmb.ro\/?product=la-pian-cu-frederic-chopin"},"modified":"2015-08-13T15:16:28","modified_gmt":"2015-08-13T15:16:28","slug":"la-pian-cu-frederic-chopin","status":"publish","type":"product","link":"https:\/\/www.edituraunmb.ro\/?product=la-pian-cu-frederic-chopin","title":{"rendered":"La pian cu Frederic Chopin"},"content":{"rendered":"<p>\u201eDemersul nostru \u00eencearc\u0103 s\u0103 surprind\u0103 \u015fi s\u0103 reactualizeze c\u00e2teva aspecte din via\u0163a unui artist care a f\u0103cut epoc\u0103, f\u0103r\u0103 s\u0103 o priveze totu\u015fi de o anumit\u0103 savoare \u015fi culoare a timpului.\u201d (Carmen Manea)<\/p>\n","protected":false},"excerpt":{"rendered":"<p>\u201eDemersul nostru \u00eencearc\u0103 s\u0103 surprind\u0103 \u015fi s\u0103 reactualizeze c\u00e2teva aspecte din via\u0163a unui artist care a f\u0103cut epoc\u0103, f\u0103r\u0103 s\u0103 o priveze totu\u015fi de o anumit\u0103 savoare \u015fi culoare a timpului.\u201d (Carmen Manea)<\/p>\n","protected":false},"featured_media":557,"comment_status":"open","ping_status":"closed","template":"","meta":{"_acf_changed":false},"product_brand":[],"product_cat":[244],"product_tag":[],"class_list":{"0":"post-1033","1":"product","2":"type-product","3":"status-publish","4":"has-post-thumbnail","6":"product_cat-244","7":"p_author-carmen-manea","8":"t_lucrare-carte","10":"first","11":"instock","12":"shipping-taxable","13":"product-type-simple"},"acf":[],"_links":{"self":[{"href":"https:\/\/www.edituraunmb.ro\/index.php?rest_route=\/wp\/v2\/product\/1033","targetHints":{"allow":["GET"]}}],"collection":[{"href":"https:\/\/www.edituraunmb.ro\/index.php?rest_route=\/wp\/v2\/product"}],"about":[{"href":"https:\/\/www.edituraunmb.ro\/index.php?rest_route=\/wp\/v2\/types\/product"}],"replies":[{"embeddable":true,"href":"https:\/\/www.edituraunmb.ro\/index.php?rest_route=%2Fwp%2Fv2%2Fcomments&post=1033"}],"wp:featuredmedia":[{"embeddable":true,"href":"https:\/\/www.edituraunmb.ro\/index.php?rest_route=\/wp\/v2\/media\/557"}],"wp:attachment":[{"href":"https:\/\/www.edituraunmb.ro\/index.php?rest_route=%2Fwp%2Fv2%2Fmedia&parent=1033"}],"wp:term":[{"taxonomy":"product_brand","embeddable":true,"href":"https:\/\/www.edituraunmb.ro\/index.php?rest_route=%2Fwp%2Fv2%2Fproduct_brand&post=1033"},{"taxonomy":"product_cat","embeddable":true,"href":"https:\/\/www.edituraunmb.ro\/index.php?rest_route=%2Fwp%2Fv2%2Fproduct_cat&post=1033"},{"taxonomy":"product_tag","embeddable":true,"href":"https:\/\/www.edituraunmb.ro\/index.php?rest_route=%2Fwp%2Fv2%2Fproduct_tag&post=1033"}],"curies":[{"name":"wp","href":"https:\/\/api.w.org\/{rel}","templated":true}]}}