{"id":1035,"date":"2015-08-13T15:16:35","date_gmt":"2015-08-13T15:16:35","guid":{"rendered":"http:\/\/www.edituraunmb.ro\/?product=ana-pitis-zbor-spre-inalt"},"modified":"2015-08-13T15:27:35","modified_gmt":"2015-08-13T15:27:35","slug":"ana-pitis-zbor-spre-inalt","status":"publish","type":"product","link":"https:\/\/www.edituraunmb.ro\/?product=ana-pitis-zbor-spre-inalt","title":{"rendered":"Ana Piti\u0219. Zbor spre \u00eenalt"},"content":{"rendered":"<p>\u201eCartea de fa\u0163\u0103 are \u00een primul r\u00e2nd virtutea de a \u00eenf\u0103\u0163i\u015fa adev\u0103rul. Materialul faptic se bazeaz\u0103 pe realitate, a\u015fa cum a fost tr\u0103it\u0103 de eroin\u0103. E minunat c\u0103 felul ei inteligent de a \u00een\u0163elege lumea, profunda ei umanitate, cuprinderea intelectual\u0103 deosebit\u0103 \u015fi firea echilibrat\u0103, au fost surprinse \u00een aceste pagini, care aduc \u00een aten\u0163ia cititorului de ast\u0103zi o perioad\u0103 extrem de complex\u0103 din istoria \u0163\u0103rii. Ceea ce afl\u0103m aici ne face s\u0103 \u00een\u0163elegem, odat\u0103 mai mult, c\u0103 \u015fi \u00een perioada funest\u0103 a domina\u0163iei comuniste, au existat personalit\u0103\u0163i de mare for\u0163\u0103 spiritual\u0103, care \u015fi-au f\u0103cut din plin datoria de con\u015ftiin\u0163\u0103, produc\u00e2nd valori importante . Pe l\u00e2ng\u0103 acestea, ca beneficiar\u0103 privilegiat\u0103 a prezen\u0163ei sale pline de farmec, pot m\u0103rturisi despre voca\u0163ia comunic\u0103rii, a prieteniei, despre arta conversa\u0163iei, care o face pe doamna Piti\u015f partener ideal de dialog.\u201d (Lavinia Coman)<\/p>\n","protected":false},"excerpt":{"rendered":"<p>\u201eCartea de fa\u0163\u0103 are \u00een primul r\u00e2nd virtutea de a \u00eenf\u0103\u0163i\u015fa adev\u0103rul. Materialul faptic se bazeaz\u0103 pe realitate, a\u015fa cum a fost tr\u0103it\u0103 de eroin\u0103. E minunat c\u0103 felul ei inteligent de a \u00een\u0163elege lumea, profunda ei umanitate, cuprinderea intelectual\u0103 &hellip; <a href=\"https:\/\/www.edituraunmb.ro\/?product=ana-pitis-zbor-spre-inalt\" style=\"padding-left:10px;\">Mai multe detalii<\/a><\/p>\n","protected":false},"featured_media":606,"comment_status":"open","ping_status":"closed","template":"","meta":{"_acf_changed":false},"product_brand":[],"product_cat":[244],"product_tag":[],"class_list":{"0":"post-1035","1":"product","2":"type-product","3":"status-publish","4":"has-post-thumbnail","6":"product_cat-244","7":"p_author-liliana-iacobescu","8":"t_lucrare-carte","10":"first","11":"instock","12":"shipping-taxable","13":"product-type-simple"},"acf":[],"_links":{"self":[{"href":"https:\/\/www.edituraunmb.ro\/index.php?rest_route=\/wp\/v2\/product\/1035","targetHints":{"allow":["GET"]}}],"collection":[{"href":"https:\/\/www.edituraunmb.ro\/index.php?rest_route=\/wp\/v2\/product"}],"about":[{"href":"https:\/\/www.edituraunmb.ro\/index.php?rest_route=\/wp\/v2\/types\/product"}],"replies":[{"embeddable":true,"href":"https:\/\/www.edituraunmb.ro\/index.php?rest_route=%2Fwp%2Fv2%2Fcomments&post=1035"}],"wp:featuredmedia":[{"embeddable":true,"href":"https:\/\/www.edituraunmb.ro\/index.php?rest_route=\/wp\/v2\/media\/606"}],"wp:attachment":[{"href":"https:\/\/www.edituraunmb.ro\/index.php?rest_route=%2Fwp%2Fv2%2Fmedia&parent=1035"}],"wp:term":[{"taxonomy":"product_brand","embeddable":true,"href":"https:\/\/www.edituraunmb.ro\/index.php?rest_route=%2Fwp%2Fv2%2Fproduct_brand&post=1035"},{"taxonomy":"product_cat","embeddable":true,"href":"https:\/\/www.edituraunmb.ro\/index.php?rest_route=%2Fwp%2Fv2%2Fproduct_cat&post=1035"},{"taxonomy":"product_tag","embeddable":true,"href":"https:\/\/www.edituraunmb.ro\/index.php?rest_route=%2Fwp%2Fv2%2Fproduct_tag&post=1035"}],"curies":[{"name":"wp","href":"https:\/\/api.w.org\/{rel}","templated":true}]}}