{"id":1041,"date":"2015-08-13T15:31:20","date_gmt":"2015-08-13T15:31:20","guid":{"rendered":"http:\/\/www.edituraunmb.ro\/?product=genuri-ale-muzicii-protestante"},"modified":"2015-08-13T15:34:54","modified_gmt":"2015-08-13T15:34:54","slug":"genuri-ale-muzicii-protestante","status":"publish","type":"product","link":"https:\/\/www.edituraunmb.ro\/?product=genuri-ale-muzicii-protestante","title":{"rendered":"Genuri ale muzicii protestante"},"content":{"rendered":"<table width=\"541\">\n<tbody>\n<tr>\n<td>Muzica protestant\u0103 ca principiu sonor, artistic \u015fi cultic are un loc bine conturat \u00een circuitul valorilor perene ale culturii mzicale universale. Lucrarea trateaz\u0103, \u00een general, evolu\u0163ia istoric\u0103 a muzicii protestante, \u00eencep\u00e2nd cu secolul al XVI\uf02dlea \u015fi p\u00e2n\u0103 \u00een epoca noastr\u0103. Majoritatea surselor de informare \u00een alc\u0103tuirea lucr\u0103rii au fost cercetate \u00een libr\u0103riile, bibliotecile \u015fi colec\u0163iile de c\u0103r\u0163i particulare din afara grani\u0163ei, \u00een \u0163ara noastr\u0103 neexist\u00e2nd preocup\u0103ri teoretice \u015fi de sintez\u0103 asupra acestui domeniu, ocultat \u00eenainte de anul 1989, cu toat\u0103 for\u0163a prezen\u0163ei sale religioase. (Cristian Caraman)<\/td>\n<\/tr>\n<\/tbody>\n<\/table>\n","protected":false},"excerpt":{"rendered":"<p>Muzica protestant\u0103 ca principiu sonor, artistic \u015fi cultic are un loc bine conturat \u00een circuitul valorilor perene ale culturii mzicale universale. Lucrarea trateaz\u0103, \u00een general, evolu\u0163ia istoric\u0103 a muzicii protestante, \u00eencep\u00e2nd cu secolul al XVI\uf02dlea \u015fi p\u00e2n\u0103 \u00een epoca noastr\u0103. &hellip; <a href=\"https:\/\/www.edituraunmb.ro\/?product=genuri-ale-muzicii-protestante\" style=\"padding-left:10px;\">Mai multe detalii<\/a><\/p>\n","protected":false},"featured_media":1042,"comment_status":"open","ping_status":"closed","template":"","meta":{"_acf_changed":false},"product_brand":[],"product_cat":[365],"product_tag":[],"class_list":{"0":"post-1041","1":"product","2":"type-product","3":"status-publish","4":"has-post-thumbnail","6":"product_cat-365","7":"p_author-cristian-caraman","8":"t_lucrare-carte","10":"first","11":"instock","12":"shipping-taxable","13":"product-type-simple"},"acf":[],"_links":{"self":[{"href":"https:\/\/www.edituraunmb.ro\/index.php?rest_route=\/wp\/v2\/product\/1041","targetHints":{"allow":["GET"]}}],"collection":[{"href":"https:\/\/www.edituraunmb.ro\/index.php?rest_route=\/wp\/v2\/product"}],"about":[{"href":"https:\/\/www.edituraunmb.ro\/index.php?rest_route=\/wp\/v2\/types\/product"}],"replies":[{"embeddable":true,"href":"https:\/\/www.edituraunmb.ro\/index.php?rest_route=%2Fwp%2Fv2%2Fcomments&post=1041"}],"wp:featuredmedia":[{"embeddable":true,"href":"https:\/\/www.edituraunmb.ro\/index.php?rest_route=\/wp\/v2\/media\/1042"}],"wp:attachment":[{"href":"https:\/\/www.edituraunmb.ro\/index.php?rest_route=%2Fwp%2Fv2%2Fmedia&parent=1041"}],"wp:term":[{"taxonomy":"product_brand","embeddable":true,"href":"https:\/\/www.edituraunmb.ro\/index.php?rest_route=%2Fwp%2Fv2%2Fproduct_brand&post=1041"},{"taxonomy":"product_cat","embeddable":true,"href":"https:\/\/www.edituraunmb.ro\/index.php?rest_route=%2Fwp%2Fv2%2Fproduct_cat&post=1041"},{"taxonomy":"product_tag","embeddable":true,"href":"https:\/\/www.edituraunmb.ro\/index.php?rest_route=%2Fwp%2Fv2%2Fproduct_tag&post=1041"}],"curies":[{"name":"wp","href":"https:\/\/api.w.org\/{rel}","templated":true}]}}