{"id":1043,"date":"2015-08-13T15:35:06","date_gmt":"2015-08-13T15:35:06","guid":{"rendered":"http:\/\/www.edituraunmb.ro\/?product=muzica-protestanta-moderna"},"modified":"2015-08-13T15:39:55","modified_gmt":"2015-08-13T15:39:55","slug":"muzica-protestanta-moderna","status":"publish","type":"product","link":"https:\/\/www.edituraunmb.ro\/?product=muzica-protestanta-moderna","title":{"rendered":"Muzica protestant\u0103 modern\u0103"},"content":{"rendered":"<table width=\"522\">\n<tbody>\n<tr>\n<td>Muzica protestant\u0103 ca principiu sonor, artistic \u015fi cultic are un loc bine conturat \u00een circuitul valorilor perene ale culturii mzicale universale. Istoria muzicii protestante trebuie cercetat\u0103 \u015fi \u00een\u0163eleas\u0103 din punct de vedere muzical. O imagine istoric\u0103 \u015fi clar\u0103 a evolu\u0163iei muzicii protestante pe scara timpului, cu toate bog\u0103\u0163iile \u015fi contradic\u0163iile ei, este determinat\u0103 de \u00een\u0163elegerea fiec\u0103rui eveniment muzical \u00een parte. (Cristian Caraman)<\/td>\n<\/tr>\n<\/tbody>\n<\/table>\n","protected":false},"excerpt":{"rendered":"<p>Muzica protestant\u0103 ca principiu sonor, artistic \u015fi cultic are un loc bine conturat \u00een circuitul valorilor perene ale culturii mzicale universale. Istoria muzicii protestante trebuie cercetat\u0103 \u015fi \u00een\u0163eleas\u0103 din punct de vedere muzical. O imagine istoric\u0103 \u015fi clar\u0103 a evolu\u0163iei &hellip; <a href=\"https:\/\/www.edituraunmb.ro\/?product=muzica-protestanta-moderna\" style=\"padding-left:10px;\">Mai multe detalii<\/a><\/p>\n","protected":false},"featured_media":449,"comment_status":"open","ping_status":"closed","template":"","meta":{"_acf_changed":false},"product_brand":[],"product_cat":[365],"product_tag":[],"class_list":{"0":"post-1043","1":"product","2":"type-product","3":"status-publish","4":"has-post-thumbnail","6":"product_cat-365","7":"p_author-cristian-caraman","8":"t_lucrare-carte","10":"first","11":"instock","12":"shipping-taxable","13":"product-type-simple"},"acf":[],"_links":{"self":[{"href":"https:\/\/www.edituraunmb.ro\/index.php?rest_route=\/wp\/v2\/product\/1043","targetHints":{"allow":["GET"]}}],"collection":[{"href":"https:\/\/www.edituraunmb.ro\/index.php?rest_route=\/wp\/v2\/product"}],"about":[{"href":"https:\/\/www.edituraunmb.ro\/index.php?rest_route=\/wp\/v2\/types\/product"}],"replies":[{"embeddable":true,"href":"https:\/\/www.edituraunmb.ro\/index.php?rest_route=%2Fwp%2Fv2%2Fcomments&post=1043"}],"wp:featuredmedia":[{"embeddable":true,"href":"https:\/\/www.edituraunmb.ro\/index.php?rest_route=\/wp\/v2\/media\/449"}],"wp:attachment":[{"href":"https:\/\/www.edituraunmb.ro\/index.php?rest_route=%2Fwp%2Fv2%2Fmedia&parent=1043"}],"wp:term":[{"taxonomy":"product_brand","embeddable":true,"href":"https:\/\/www.edituraunmb.ro\/index.php?rest_route=%2Fwp%2Fv2%2Fproduct_brand&post=1043"},{"taxonomy":"product_cat","embeddable":true,"href":"https:\/\/www.edituraunmb.ro\/index.php?rest_route=%2Fwp%2Fv2%2Fproduct_cat&post=1043"},{"taxonomy":"product_tag","embeddable":true,"href":"https:\/\/www.edituraunmb.ro\/index.php?rest_route=%2Fwp%2Fv2%2Fproduct_tag&post=1043"}],"curies":[{"name":"wp","href":"https:\/\/api.w.org\/{rel}","templated":true}]}}