{"id":1049,"date":"2015-08-13T15:45:34","date_gmt":"2015-08-13T15:45:34","guid":{"rendered":"http:\/\/www.edituraunmb.ro\/?product=valente-euristice-ale-interpretarii-lucrarilor-pentru-vioara-ale-lui-maurice-ravel"},"modified":"2015-08-13T15:47:24","modified_gmt":"2015-08-13T15:47:24","slug":"valente-euristice-ale-interpretarii-lucrarilor-pentru-vioara-ale-lui-maurice-ravel","status":"publish","type":"product","link":"https:\/\/www.edituraunmb.ro\/?product=valente-euristice-ale-interpretarii-lucrarilor-pentru-vioara-ale-lui-maurice-ravel","title":{"rendered":"Valen\u021be euristice ale interpret\u0103rii lucr\u0103rilor pentru vioar\u0103 ale lui Maurice Ravel"},"content":{"rendered":"","protected":false},"excerpt":{"rendered":"<p>Editor Ana Szilagy \u0219i Sabina Ulubeanu <a href=\"https:\/\/www.edituraunmb.ro\/?product=valente-euristice-ale-interpretarii-lucrarilor-pentru-vioara-ale-lui-maurice-ravel\" style=\"padding-left:10px;\">Mai multe detalii<\/a><\/p>\n","protected":false},"featured_media":514,"comment_status":"open","ping_status":"closed","template":"","meta":{"_acf_changed":false},"product_brand":[],"product_cat":[365],"product_tag":[],"class_list":{"0":"post-1049","1":"product","2":"type-product","3":"status-publish","4":"has-post-thumbnail","6":"product_cat-365","7":"p_author-iunia-frandes","8":"t_lucrare-carte","10":"first","11":"instock","12":"shipping-taxable","13":"product-type-simple"},"acf":[],"_links":{"self":[{"href":"https:\/\/www.edituraunmb.ro\/index.php?rest_route=\/wp\/v2\/product\/1049","targetHints":{"allow":["GET"]}}],"collection":[{"href":"https:\/\/www.edituraunmb.ro\/index.php?rest_route=\/wp\/v2\/product"}],"about":[{"href":"https:\/\/www.edituraunmb.ro\/index.php?rest_route=\/wp\/v2\/types\/product"}],"replies":[{"embeddable":true,"href":"https:\/\/www.edituraunmb.ro\/index.php?rest_route=%2Fwp%2Fv2%2Fcomments&post=1049"}],"wp:featuredmedia":[{"embeddable":true,"href":"https:\/\/www.edituraunmb.ro\/index.php?rest_route=\/wp\/v2\/media\/514"}],"wp:attachment":[{"href":"https:\/\/www.edituraunmb.ro\/index.php?rest_route=%2Fwp%2Fv2%2Fmedia&parent=1049"}],"wp:term":[{"taxonomy":"product_brand","embeddable":true,"href":"https:\/\/www.edituraunmb.ro\/index.php?rest_route=%2Fwp%2Fv2%2Fproduct_brand&post=1049"},{"taxonomy":"product_cat","embeddable":true,"href":"https:\/\/www.edituraunmb.ro\/index.php?rest_route=%2Fwp%2Fv2%2Fproduct_cat&post=1049"},{"taxonomy":"product_tag","embeddable":true,"href":"https:\/\/www.edituraunmb.ro\/index.php?rest_route=%2Fwp%2Fv2%2Fproduct_tag&post=1049"}],"curies":[{"name":"wp","href":"https:\/\/api.w.org\/{rel}","templated":true}]}}