{"id":1061,"date":"2015-08-13T16:09:36","date_gmt":"2015-08-13T16:09:36","guid":{"rendered":"http:\/\/www.edituraunmb.ro\/?product=mioara-basca"},"modified":"2015-08-13T17:48:27","modified_gmt":"2015-08-13T17:48:27","slug":"mioara-basca","status":"publish","type":"product","link":"https:\/\/www.edituraunmb.ro\/?product=mioara-basca","title":{"rendered":"Mioara B\u00e2sc\u0103"},"content":{"rendered":"<table width=\"525\">\n<tbody>\n<tr>\n<td>Dorin\u0163a de a cunoa\u015fte ceva nou, curiozitatea \u2013 acea combustie intern\u0103 a oric\u0103rui intelectual &#8211; au stat la baza interesului \u00eendreptat spre universul muzical al lui Anatol Vieru, \u00een general, \u015fi al crea\u0163iei sale de oper\u0103 \u00een special. \u00cendr\u0103zneala de a \u00eent\u00e2mpina \u015fi dep\u0103\u015fi primejdiile ce sunt pres\u0103rate la tot pasul pe traseul unui astfel de excurs, a fost r\u0103spl\u0103tit\u0103 de satisfac\u0163iile descoperirii unui peisaj muzical divers, proasp\u0103t, rafinat, interesant \u015fi mai ales actual. \u00cen paralel, pe parcursul cercet\u0103rii, din paginile scrise de autorul rom\u00e2n s-a \u00eentrupat acel \u201eom cristalin cu suflet de copil \u015fi \u00een\u0163elepciune de b\u0103tr\u00e2n\u201d care a fost Anatol Vieru. P\u0103trunderea \u00een laboratorul s\u0103u de crea\u0163ie ofer\u0103 prilejul descoperirii compozitorului, muzicologului, teoreticianului, omului de cultur\u0103, precum \u015fi a unui univers inedit \u015fi surprinz\u0103tor de reconfortant. (Mioara B\u00e2sc\u0103)<\/td>\n<\/tr>\n<\/tbody>\n<\/table>\n","protected":false},"excerpt":{"rendered":"<p>Dorin\u0163a de a cunoa\u015fte ceva nou, curiozitatea \u2013 acea combustie intern\u0103 a oric\u0103rui intelectual &#8211; au stat la baza interesului \u00eendreptat spre universul muzical al lui Anatol Vieru, \u00een general, \u015fi al crea\u0163iei sale de oper\u0103 \u00een special. \u00cendr\u0103zneala de &hellip; <a href=\"https:\/\/www.edituraunmb.ro\/?product=mioara-basca\" style=\"padding-left:10px;\">Mai multe detalii<\/a><\/p>\n","protected":false},"featured_media":461,"comment_status":"open","ping_status":"closed","template":"","meta":{"_acf_changed":false},"product_brand":[],"product_cat":[98],"product_tag":[],"class_list":{"0":"post-1061","1":"product","2":"type-product","3":"status-publish","4":"has-post-thumbnail","6":"product_cat-98","7":"p_author-mioara-basca","8":"t_lucrare-carte","10":"first","11":"instock","12":"shipping-taxable","13":"product-type-simple"},"acf":[],"_links":{"self":[{"href":"https:\/\/www.edituraunmb.ro\/index.php?rest_route=\/wp\/v2\/product\/1061","targetHints":{"allow":["GET"]}}],"collection":[{"href":"https:\/\/www.edituraunmb.ro\/index.php?rest_route=\/wp\/v2\/product"}],"about":[{"href":"https:\/\/www.edituraunmb.ro\/index.php?rest_route=\/wp\/v2\/types\/product"}],"replies":[{"embeddable":true,"href":"https:\/\/www.edituraunmb.ro\/index.php?rest_route=%2Fwp%2Fv2%2Fcomments&post=1061"}],"wp:featuredmedia":[{"embeddable":true,"href":"https:\/\/www.edituraunmb.ro\/index.php?rest_route=\/wp\/v2\/media\/461"}],"wp:attachment":[{"href":"https:\/\/www.edituraunmb.ro\/index.php?rest_route=%2Fwp%2Fv2%2Fmedia&parent=1061"}],"wp:term":[{"taxonomy":"product_brand","embeddable":true,"href":"https:\/\/www.edituraunmb.ro\/index.php?rest_route=%2Fwp%2Fv2%2Fproduct_brand&post=1061"},{"taxonomy":"product_cat","embeddable":true,"href":"https:\/\/www.edituraunmb.ro\/index.php?rest_route=%2Fwp%2Fv2%2Fproduct_cat&post=1061"},{"taxonomy":"product_tag","embeddable":true,"href":"https:\/\/www.edituraunmb.ro\/index.php?rest_route=%2Fwp%2Fv2%2Fproduct_tag&post=1061"}],"curies":[{"name":"wp","href":"https:\/\/api.w.org\/{rel}","templated":true}]}}