{"id":1064,"date":"2015-08-13T16:19:18","date_gmt":"2015-08-13T16:19:18","guid":{"rendered":"http:\/\/www.edituraunmb.ro\/?product=triada-acompaniamentului"},"modified":"2015-08-13T16:25:10","modified_gmt":"2015-08-13T16:25:10","slug":"triada-acompaniamentului","status":"publish","type":"product","link":"https:\/\/www.edituraunmb.ro\/?product=triada-acompaniamentului","title":{"rendered":"Triada acompaniamentului"},"content":{"rendered":"<p>O personalitate artistic\u0103 \u00een lumea muzical\u0103 a ultimelor decenii, pianista Viorica R\u0103doi a ales \u00een via\u0163\u0103 drumul autode\ufb01nirii. Prin stu\u00addiu, practic\u0103 interpretativ\u0103, specializare \u00een domeniul acompaniamen\u00adtului \u015fi preocup\u0103ri pe t\u0103r\u00e2mul pedagogiei. Am putea privi toate aceste direc\u0163ii ca oferte diferite ale unui destin de artist, totodat\u0103 \u00eens\u0103 drept mozaicul unei activit\u0103\u0163i complexe \u015fi, nu \u00een ultimul r\u00e2nd, drept \u00eemple\u00adtirea unei unice forma\u0163ii cu aspecte paralele. Cine va avea disponibi\u00adlitatea de a citi cele trei volume despre Triada acompaniamentului, oferite acum tiparului, va \u00een\u0163elege c\u0103 nelini\u015ftea c\u0103ut\u0103rilor reprezin\u00adt\u0103 o armonioas\u0103 desf\u0103\u015furare de paralele capabile s\u0103 se \u00eent\u00e2lneasc\u0103, \u00eempotriva oric\u0103rei argument\u0103ri. Cum a reu\u015fit Viorica R\u0103doi aceast\u0103 performan\u0163\u0103? Cred c\u0103 a putut ajunge p\u00e2n\u0103 la momentul realiz\u0103rii de acum refuz\u00e2ndu-\u015fi satisfac\u0163iile singulare ale solisticii \u00een favoarea per\u00adforman\u0163elor individuale. C\u00e2nd se a\ufb02\u0103 pe scen\u0103 cu un partener, c\u00e2nd este doar \u00een prezen\u0163a unui interpret cu care lucreaz\u0103 la repeti\u0163ii pre-g\u0103tind un concert, c\u00e2nd are l\u00e2ng\u0103 pian un student venit s\u0103 \u00eenve\u0163e, Viorica R\u0103doi adopt\u0103 aceea\u015fi atitudine egal\u0103 cu ea \u00eens\u0103\u015fi. Cine a ur\u00adm\u0103rit-o \u00eentr-una dintre aceste ipostaze, nu poate r\u0103m\u00e2ne indiferent. Artista vorbe\u015fte \u0163in\u00e2nd m\u00e2na pe claviatur\u0103, pentru a stabili rela\u0163ia dintre expresie, idee \u015fi sunet. Mai mult, privirea sa ager\u0103 \u015fi activ\u0103 \u00eenso\u0163e\u015fte mobilitatea adres\u0103rii atitudinale care o implic\u0103 \u00een actul crea\u00adtor al interpret\u0103rii. Nu exist\u0103 nicio clip\u0103 de indiferen\u0163\u0103, de lini\u015fte \u015fi calm. (Grigore Constantinescu)<\/p>\n","protected":false},"excerpt":{"rendered":"<p>Volumul I: Argumentul parteneriatului, Volumul II: Repere camerale instrumentale \u0219i lirice, Volumul III: Poveste-Personaj-Vers <a href=\"https:\/\/www.edituraunmb.ro\/?product=triada-acompaniamentului\" style=\"padding-left:10px;\">Mai multe detalii<\/a><\/p>\n","protected":false},"featured_media":1065,"comment_status":"open","ping_status":"closed","template":"","meta":{"_acf_changed":false},"product_brand":[],"product_cat":[98],"product_tag":[],"class_list":{"0":"post-1064","1":"product","2":"type-product","3":"status-publish","4":"has-post-thumbnail","6":"product_cat-98","7":"p_author-viorica-radoi","8":"t_lucrare-carte","10":"first","11":"instock","12":"shipping-taxable","13":"product-type-simple"},"acf":[],"_links":{"self":[{"href":"https:\/\/www.edituraunmb.ro\/index.php?rest_route=\/wp\/v2\/product\/1064","targetHints":{"allow":["GET"]}}],"collection":[{"href":"https:\/\/www.edituraunmb.ro\/index.php?rest_route=\/wp\/v2\/product"}],"about":[{"href":"https:\/\/www.edituraunmb.ro\/index.php?rest_route=\/wp\/v2\/types\/product"}],"replies":[{"embeddable":true,"href":"https:\/\/www.edituraunmb.ro\/index.php?rest_route=%2Fwp%2Fv2%2Fcomments&post=1064"}],"wp:featuredmedia":[{"embeddable":true,"href":"https:\/\/www.edituraunmb.ro\/index.php?rest_route=\/wp\/v2\/media\/1065"}],"wp:attachment":[{"href":"https:\/\/www.edituraunmb.ro\/index.php?rest_route=%2Fwp%2Fv2%2Fmedia&parent=1064"}],"wp:term":[{"taxonomy":"product_brand","embeddable":true,"href":"https:\/\/www.edituraunmb.ro\/index.php?rest_route=%2Fwp%2Fv2%2Fproduct_brand&post=1064"},{"taxonomy":"product_cat","embeddable":true,"href":"https:\/\/www.edituraunmb.ro\/index.php?rest_route=%2Fwp%2Fv2%2Fproduct_cat&post=1064"},{"taxonomy":"product_tag","embeddable":true,"href":"https:\/\/www.edituraunmb.ro\/index.php?rest_route=%2Fwp%2Fv2%2Fproduct_tag&post=1064"}],"curies":[{"name":"wp","href":"https:\/\/api.w.org\/{rel}","templated":true}]}}