{"id":1090,"date":"2015-08-13T17:06:04","date_gmt":"2015-08-13T17:06:04","guid":{"rendered":"http:\/\/www.edituraunmb.ro\/?product=odiseea-muzicala-1864-2014-o-istorie-a-unmb-comentata-de-antigona-radulescu"},"modified":"2017-04-10T09:02:49","modified_gmt":"2017-04-10T09:02:49","slug":"odiseea-muzicala-1864-2014-o-istorie-a-unmb-comentata-de-antigona-radulescu","status":"publish","type":"product","link":"https:\/\/www.edituraunmb.ro\/?product=odiseea-muzicala-1864-2014-o-istorie-a-unmb-comentata-de-antigona-radulescu","title":{"rendered":"Odiseea muzical\u0103 1864-2014. O istorie a UNMB comentat\u0103 de Antigona R\u0103dulescu"},"content":{"rendered":"","protected":false},"excerpt":{"rendered":"<p>Edi\u021bie bilingv\u0103 ro-en <a href=\"https:\/\/www.edituraunmb.ro\/?product=odiseea-muzicala-1864-2014-o-istorie-a-unmb-comentata-de-antigona-radulescu\" style=\"padding-left:10px;\">Mai multe detalii<\/a><\/p>\n","protected":false},"featured_media":588,"comment_status":"open","ping_status":"closed","template":"","meta":{"_acf_changed":false},"product_brand":[],"product_cat":[12],"product_tag":[],"class_list":{"0":"post-1090","1":"product","2":"type-product","3":"status-publish","4":"has-post-thumbnail","6":"product_cat-an2014","7":"p_author-antigona-radulescu","8":"t_lucrare-carte","10":"first","11":"instock","12":"shipping-taxable","13":"product-type-simple"},"acf":[],"_links":{"self":[{"href":"https:\/\/www.edituraunmb.ro\/index.php?rest_route=\/wp\/v2\/product\/1090","targetHints":{"allow":["GET"]}}],"collection":[{"href":"https:\/\/www.edituraunmb.ro\/index.php?rest_route=\/wp\/v2\/product"}],"about":[{"href":"https:\/\/www.edituraunmb.ro\/index.php?rest_route=\/wp\/v2\/types\/product"}],"replies":[{"embeddable":true,"href":"https:\/\/www.edituraunmb.ro\/index.php?rest_route=%2Fwp%2Fv2%2Fcomments&post=1090"}],"wp:featuredmedia":[{"embeddable":true,"href":"https:\/\/www.edituraunmb.ro\/index.php?rest_route=\/wp\/v2\/media\/588"}],"wp:attachment":[{"href":"https:\/\/www.edituraunmb.ro\/index.php?rest_route=%2Fwp%2Fv2%2Fmedia&parent=1090"}],"wp:term":[{"taxonomy":"product_brand","embeddable":true,"href":"https:\/\/www.edituraunmb.ro\/index.php?rest_route=%2Fwp%2Fv2%2Fproduct_brand&post=1090"},{"taxonomy":"product_cat","embeddable":true,"href":"https:\/\/www.edituraunmb.ro\/index.php?rest_route=%2Fwp%2Fv2%2Fproduct_cat&post=1090"},{"taxonomy":"product_tag","embeddable":true,"href":"https:\/\/www.edituraunmb.ro\/index.php?rest_route=%2Fwp%2Fv2%2Fproduct_tag&post=1090"}],"curies":[{"name":"wp","href":"https:\/\/api.w.org\/{rel}","templated":true}]}}