{"id":1162,"date":"2018-01-15T12:47:32","date_gmt":"2018-01-15T12:47:32","guid":{"rendered":"http:\/\/www.edituraunmb.ro\/?post_type=product&#038;p=1162"},"modified":"2018-02-28T09:37:16","modified_gmt":"2018-02-28T09:37:16","slug":"sonata-nr-1-pentru-pian-morfogenetica","status":"publish","type":"product","link":"https:\/\/www.edituraunmb.ro\/?product=sonata-nr-1-pentru-pian-morfogenetica","title":{"rendered":"Sonata nr. 1 pentru pian \u201eMorfogenetic\u0103\u201d"},"content":{"rendered":"<p>Sonata nr. 1 pentru pian (1955) reprezint\u0103 punctul de pornire al lui Aurel Stroe \u00een muzica modern\u0103 \u015fi totodat\u0103 o piatr\u0103 de temelie pentru un nou mod de g\u00e2ndire componistic\u0103. Teoria morfogenezei nu exista \u00eenc\u0103 \u00een acei ani (pentru c\u0103 scrierile lui Ren\u00e9 Thom au venit mai t\u00e2rziu) \u015fi totu\u015fi Sonata nr. 1 poate fi denumit\u0103 o sonat\u0103 morfogenetic\u0103.<\/p>\n","protected":false},"excerpt":{"rendered":"<p>Sonata nr. 1 pentru pian (1955) reprezint\u0103 punctul de pornire al lui Aurel Stroe \u00een muzica modern\u0103 \u015fi totodat\u0103 o piatr\u0103 de temelie pentru un nou mod de g\u00e2ndire componistic\u0103. Teoria morfogenezei nu exista \u00eenc\u0103 \u00een acei ani (pentru c\u0103 &hellip; <a href=\"https:\/\/www.edituraunmb.ro\/?product=sonata-nr-1-pentru-pian-morfogenetica\" style=\"padding-left:10px;\">Mai multe detalii<\/a><\/p>\n","protected":false},"featured_media":1131,"comment_status":"closed","ping_status":"closed","template":"","meta":{"_acf_changed":false},"product_brand":[],"product_cat":[583],"product_tag":[580,579,93],"class_list":{"0":"post-1162","1":"product","2":"type-product","3":"status-publish","4":"has-post-thumbnail","6":"product_cat-583","7":"product_tag-aurel-stroe","8":"product_tag-partitura","9":"product_tag-pian","10":"p_author-aurel-stroe","11":"t_lucrare-partitura","13":"first","14":"instock","15":"shipping-taxable","16":"product-type-simple"},"acf":[],"_links":{"self":[{"href":"https:\/\/www.edituraunmb.ro\/index.php?rest_route=\/wp\/v2\/product\/1162","targetHints":{"allow":["GET"]}}],"collection":[{"href":"https:\/\/www.edituraunmb.ro\/index.php?rest_route=\/wp\/v2\/product"}],"about":[{"href":"https:\/\/www.edituraunmb.ro\/index.php?rest_route=\/wp\/v2\/types\/product"}],"replies":[{"embeddable":true,"href":"https:\/\/www.edituraunmb.ro\/index.php?rest_route=%2Fwp%2Fv2%2Fcomments&post=1162"}],"wp:featuredmedia":[{"embeddable":true,"href":"https:\/\/www.edituraunmb.ro\/index.php?rest_route=\/wp\/v2\/media\/1131"}],"wp:attachment":[{"href":"https:\/\/www.edituraunmb.ro\/index.php?rest_route=%2Fwp%2Fv2%2Fmedia&parent=1162"}],"wp:term":[{"taxonomy":"product_brand","embeddable":true,"href":"https:\/\/www.edituraunmb.ro\/index.php?rest_route=%2Fwp%2Fv2%2Fproduct_brand&post=1162"},{"taxonomy":"product_cat","embeddable":true,"href":"https:\/\/www.edituraunmb.ro\/index.php?rest_route=%2Fwp%2Fv2%2Fproduct_cat&post=1162"},{"taxonomy":"product_tag","embeddable":true,"href":"https:\/\/www.edituraunmb.ro\/index.php?rest_route=%2Fwp%2Fv2%2Fproduct_tag&post=1162"}],"curies":[{"name":"wp","href":"https:\/\/api.w.org\/{rel}","templated":true}]}}