{"id":1169,"date":"2018-01-15T13:22:34","date_gmt":"2018-01-15T13:22:34","guid":{"rendered":"http:\/\/www.edituraunmb.ro\/?post_type=product&#038;p=1169"},"modified":"2018-02-28T09:37:49","modified_gmt":"2018-02-28T09:37:49","slug":"sonata-nr-2-pentru-pian-termodinamica","status":"publish","type":"product","link":"https:\/\/www.edituraunmb.ro\/?product=sonata-nr-2-pentru-pian-termodinamica","title":{"rendered":"Sonata nr. 2 pentru pian \u201eTermodinamic\u0103\u201d"},"content":{"rendered":"<p>Sonata nr. 2 pentru pian (1984) este o pagin\u0103 reprezentativ\u0103 pentru folosirea modurilor complementare izomorfe \u015fi \u00een acela\u015fi timp pentru aplicarea teoriei morfogenezei.<\/p>\n","protected":false},"excerpt":{"rendered":"<p>Sonata nr. 2 pentru pian (1984) este o pagin\u0103 reprezentativ\u0103 pentru folosirea modurilor complementare izomorfe \u015fi \u00een acela\u015fi timp pentru aplicarea teoriei morfogenezei.<\/p>\n","protected":false},"featured_media":1134,"comment_status":"closed","ping_status":"closed","template":"","meta":{"_acf_changed":false},"product_brand":[],"product_cat":[583],"product_tag":[580,579,93,85],"class_list":{"0":"post-1169","1":"product","2":"type-product","3":"status-publish","4":"has-post-thumbnail","6":"product_cat-583","7":"product_tag-aurel-stroe","8":"product_tag-partitura","9":"product_tag-pian","10":"product_tag-sonata","11":"p_author-aurel-stroe","12":"t_lucrare-partitura","14":"first","15":"instock","16":"shipping-taxable","17":"product-type-simple"},"acf":[],"_links":{"self":[{"href":"https:\/\/www.edituraunmb.ro\/index.php?rest_route=\/wp\/v2\/product\/1169","targetHints":{"allow":["GET"]}}],"collection":[{"href":"https:\/\/www.edituraunmb.ro\/index.php?rest_route=\/wp\/v2\/product"}],"about":[{"href":"https:\/\/www.edituraunmb.ro\/index.php?rest_route=\/wp\/v2\/types\/product"}],"replies":[{"embeddable":true,"href":"https:\/\/www.edituraunmb.ro\/index.php?rest_route=%2Fwp%2Fv2%2Fcomments&post=1169"}],"wp:featuredmedia":[{"embeddable":true,"href":"https:\/\/www.edituraunmb.ro\/index.php?rest_route=\/wp\/v2\/media\/1134"}],"wp:attachment":[{"href":"https:\/\/www.edituraunmb.ro\/index.php?rest_route=%2Fwp%2Fv2%2Fmedia&parent=1169"}],"wp:term":[{"taxonomy":"product_brand","embeddable":true,"href":"https:\/\/www.edituraunmb.ro\/index.php?rest_route=%2Fwp%2Fv2%2Fproduct_brand&post=1169"},{"taxonomy":"product_cat","embeddable":true,"href":"https:\/\/www.edituraunmb.ro\/index.php?rest_route=%2Fwp%2Fv2%2Fproduct_cat&post=1169"},{"taxonomy":"product_tag","embeddable":true,"href":"https:\/\/www.edituraunmb.ro\/index.php?rest_route=%2Fwp%2Fv2%2Fproduct_tag&post=1169"}],"curies":[{"name":"wp","href":"https:\/\/api.w.org\/{rel}","templated":true}]}}