{"id":1175,"date":"2018-01-15T13:42:27","date_gmt":"2018-01-15T13:42:27","guid":{"rendered":"http:\/\/www.edituraunmb.ro\/?post_type=product&#038;p=1175"},"modified":"2018-02-28T09:38:18","modified_gmt":"2018-02-28T09:38:18","slug":"sonata-nr-3-pentru-pian-in-palimpsest","status":"publish","type":"product","link":"https:\/\/www.edituraunmb.ro\/?product=sonata-nr-3-pentru-pian-in-palimpsest","title":{"rendered":"Sonata nr. 3 pentru pian \u201e\u00cen palimpsest\u201d"},"content":{"rendered":"<p>\u00cenainte de apari\u0163ia Sonatei nr. 3 pentru pian a lui Aurel Stroe (1991), structurile \u0219i teoriile lui Ren\u00e9 Thom despre morfogenez\u0103 se concretizau. Forma de sonat\u0103 \u015fi palimpsestul coexist\u0103 \u00een aceast\u0103 lucrare, de\u015fi provin din experien\u0163e stilistice \u015fi culturale diferite \u015fi aceasta constituie ruptura principal\u0103 a muzicii.<\/p>\n","protected":false},"excerpt":{"rendered":"<p>\u00cenainte de apari\u0163ia Sonatei nr. 3 pentru pian a lui Aurel Stroe (1991), structurile \u0219i teoriile lui Ren\u00e9 Thom despre morfogenez\u0103 se concretizau. Forma de sonat\u0103 \u015fi palimpsestul coexist\u0103 \u00een aceast\u0103 lucrare, de\u015fi provin din experien\u0163e stilistice \u015fi culturale diferite &hellip; <a href=\"https:\/\/www.edituraunmb.ro\/?product=sonata-nr-3-pentru-pian-in-palimpsest\" style=\"padding-left:10px;\">Mai multe detalii<\/a><\/p>\n","protected":false},"featured_media":1135,"comment_status":"closed","ping_status":"closed","template":"","meta":{"_acf_changed":false},"product_brand":[],"product_cat":[583],"product_tag":[580,579,93,85],"class_list":{"0":"post-1175","1":"product","2":"type-product","3":"status-publish","4":"has-post-thumbnail","6":"product_cat-583","7":"product_tag-aurel-stroe","8":"product_tag-partitura","9":"product_tag-pian","10":"product_tag-sonata","11":"p_author-aurel-stroe","12":"t_lucrare-partitura","14":"first","15":"instock","16":"shipping-taxable","17":"product-type-simple"},"acf":[],"_links":{"self":[{"href":"https:\/\/www.edituraunmb.ro\/index.php?rest_route=\/wp\/v2\/product\/1175","targetHints":{"allow":["GET"]}}],"collection":[{"href":"https:\/\/www.edituraunmb.ro\/index.php?rest_route=\/wp\/v2\/product"}],"about":[{"href":"https:\/\/www.edituraunmb.ro\/index.php?rest_route=\/wp\/v2\/types\/product"}],"replies":[{"embeddable":true,"href":"https:\/\/www.edituraunmb.ro\/index.php?rest_route=%2Fwp%2Fv2%2Fcomments&post=1175"}],"wp:featuredmedia":[{"embeddable":true,"href":"https:\/\/www.edituraunmb.ro\/index.php?rest_route=\/wp\/v2\/media\/1135"}],"wp:attachment":[{"href":"https:\/\/www.edituraunmb.ro\/index.php?rest_route=%2Fwp%2Fv2%2Fmedia&parent=1175"}],"wp:term":[{"taxonomy":"product_brand","embeddable":true,"href":"https:\/\/www.edituraunmb.ro\/index.php?rest_route=%2Fwp%2Fv2%2Fproduct_brand&post=1175"},{"taxonomy":"product_cat","embeddable":true,"href":"https:\/\/www.edituraunmb.ro\/index.php?rest_route=%2Fwp%2Fv2%2Fproduct_cat&post=1175"},{"taxonomy":"product_tag","embeddable":true,"href":"https:\/\/www.edituraunmb.ro\/index.php?rest_route=%2Fwp%2Fv2%2Fproduct_tag&post=1175"}],"curies":[{"name":"wp","href":"https:\/\/api.w.org\/{rel}","templated":true}]}}