{"id":1205,"date":"2018-01-16T10:48:11","date_gmt":"2018-01-16T10:48:11","guid":{"rendered":"http:\/\/www.edituraunmb.ro\/?post_type=product&#038;p=1205"},"modified":"2018-01-18T12:50:48","modified_gmt":"2018-01-18T12:50:48","slug":"opera-nationala-romana-iasi-viziune-cultural-istorica","status":"publish","type":"product","link":"https:\/\/www.edituraunmb.ro\/?product=opera-nationala-romana-iasi-viziune-cultural-istorica","title":{"rendered":"Opera Na\u0163ional\u0103 Rom\u00e2n\u0103 Iasi &#8211; Viziune cultural-istoric\u0103"},"content":{"rendered":"","protected":false},"excerpt":{"rendered":"","protected":false},"featured_media":1203,"comment_status":"closed","ping_status":"closed","template":"","meta":{"_acf_changed":false},"product_brand":[],"product_cat":[30],"product_tag":[581,168,582],"class_list":{"0":"post-1205","1":"product","2":"type-product","3":"status-publish","4":"has-post-thumbnail","6":"product_cat-30","7":"product_tag-iasi","8":"product_tag-opera","9":"product_tag-vasilica-stoiciu-frunza","10":"p_author-vasilica-stoiciu-frunza","11":"t_lucrare-carte","13":"first","14":"instock","15":"shipping-taxable","16":"product-type-simple"},"acf":[],"_links":{"self":[{"href":"https:\/\/www.edituraunmb.ro\/index.php?rest_route=\/wp\/v2\/product\/1205","targetHints":{"allow":["GET"]}}],"collection":[{"href":"https:\/\/www.edituraunmb.ro\/index.php?rest_route=\/wp\/v2\/product"}],"about":[{"href":"https:\/\/www.edituraunmb.ro\/index.php?rest_route=\/wp\/v2\/types\/product"}],"replies":[{"embeddable":true,"href":"https:\/\/www.edituraunmb.ro\/index.php?rest_route=%2Fwp%2Fv2%2Fcomments&post=1205"}],"wp:featuredmedia":[{"embeddable":true,"href":"https:\/\/www.edituraunmb.ro\/index.php?rest_route=\/wp\/v2\/media\/1203"}],"wp:attachment":[{"href":"https:\/\/www.edituraunmb.ro\/index.php?rest_route=%2Fwp%2Fv2%2Fmedia&parent=1205"}],"wp:term":[{"taxonomy":"product_brand","embeddable":true,"href":"https:\/\/www.edituraunmb.ro\/index.php?rest_route=%2Fwp%2Fv2%2Fproduct_brand&post=1205"},{"taxonomy":"product_cat","embeddable":true,"href":"https:\/\/www.edituraunmb.ro\/index.php?rest_route=%2Fwp%2Fv2%2Fproduct_cat&post=1205"},{"taxonomy":"product_tag","embeddable":true,"href":"https:\/\/www.edituraunmb.ro\/index.php?rest_route=%2Fwp%2Fv2%2Fproduct_tag&post=1205"}],"curies":[{"name":"wp","href":"https:\/\/api.w.org\/{rel}","templated":true}]}}