{"id":1224,"date":"2018-01-16T13:36:31","date_gmt":"2018-01-16T13:36:31","guid":{"rendered":"http:\/\/www.edituraunmb.ro\/?post_type=product&#038;p=1224"},"modified":"2018-01-18T12:48:46","modified_gmt":"2018-01-18T12:48:46","slug":"akademusica-xii-studii-de-estetica-stilistica-si-pedagogie-muzicala-i","status":"publish","type":"product","link":"https:\/\/www.edituraunmb.ro\/?product=akademusica-xii-studii-de-estetica-stilistica-si-pedagogie-muzicala-i","title":{"rendered":"AkadeMusica XII. Studii de estetica, stilistica si pedagogie muzicala (I)"},"content":{"rendered":"<p>&#8222;O privire de ansamblu asupra studiilor selectate \u00een cele dou\u0103 volume eviden\u0163iaz\u0103 colaborarea fructuoas\u0103 dintre trei domenii importante: pedagogia, interpretarea \u015fi cercetarea.&#8221;(Conf. univ. dr. Carmen Manea)<\/p>\n","protected":false},"excerpt":{"rendered":"<p>Volum alc\u0103tuit \u0219i \u00eengrijit de conf. univ. dr. Carmen Manea \u0219i conf. univ. dr. Tatiana Noia. Con\u021bine\u00a0o prima parte din comunic\u0103rile sus\u0163inute de cadrele didactice ale UNMB la Simpozioanele desf\u0103\u015furate \u00een perioada 2011-2015 la Departamentul de Instrumente de Orchestr\u0103, Departamentul de Muzicologie \u015fi \u015etiin\u0163ele Educa\u0163iei Muzicale, Departamentul de Preg\u0103tire a Personalului Didactic \u015fi Departamentul de Dirijat \u015fi Instrumente Complementare. <a href=\"https:\/\/www.edituraunmb.ro\/?product=akademusica-xii-studii-de-estetica-stilistica-si-pedagogie-muzicala-i\" style=\"padding-left:10px;\">Mai multe detalii<\/a><\/p>\n","protected":false},"featured_media":1195,"comment_status":"closed","ping_status":"closed","template":"","meta":{"_acf_changed":false},"product_brand":[],"product_cat":[583],"product_tag":[61],"class_list":{"0":"post-1224","1":"product","2":"type-product","3":"status-publish","4":"has-post-thumbnail","6":"product_cat-583","7":"product_tag-akademusica","8":"p_author-carmen-manea","9":"p_author-corina-bura","10":"p_author-daniela-craciun","11":"p_author-irina-boga","12":"p_author-iulian-bogdan-voda","13":"p_author-luiza-avram","14":"p_author-olguta-lupu","15":"p_author-tatiana-noia","16":"t_lucrare-carte","18":"first","19":"instock","20":"shipping-taxable","21":"product-type-simple"},"acf":[],"_links":{"self":[{"href":"https:\/\/www.edituraunmb.ro\/index.php?rest_route=\/wp\/v2\/product\/1224","targetHints":{"allow":["GET"]}}],"collection":[{"href":"https:\/\/www.edituraunmb.ro\/index.php?rest_route=\/wp\/v2\/product"}],"about":[{"href":"https:\/\/www.edituraunmb.ro\/index.php?rest_route=\/wp\/v2\/types\/product"}],"replies":[{"embeddable":true,"href":"https:\/\/www.edituraunmb.ro\/index.php?rest_route=%2Fwp%2Fv2%2Fcomments&post=1224"}],"wp:featuredmedia":[{"embeddable":true,"href":"https:\/\/www.edituraunmb.ro\/index.php?rest_route=\/wp\/v2\/media\/1195"}],"wp:attachment":[{"href":"https:\/\/www.edituraunmb.ro\/index.php?rest_route=%2Fwp%2Fv2%2Fmedia&parent=1224"}],"wp:term":[{"taxonomy":"product_brand","embeddable":true,"href":"https:\/\/www.edituraunmb.ro\/index.php?rest_route=%2Fwp%2Fv2%2Fproduct_brand&post=1224"},{"taxonomy":"product_cat","embeddable":true,"href":"https:\/\/www.edituraunmb.ro\/index.php?rest_route=%2Fwp%2Fv2%2Fproduct_cat&post=1224"},{"taxonomy":"product_tag","embeddable":true,"href":"https:\/\/www.edituraunmb.ro\/index.php?rest_route=%2Fwp%2Fv2%2Fproduct_tag&post=1224"}],"curies":[{"name":"wp","href":"https:\/\/api.w.org\/{rel}","templated":true}]}}