{"id":1267,"date":"2018-04-20T07:12:06","date_gmt":"2018-04-20T07:12:06","guid":{"rendered":"http:\/\/www.edituraunmb.ro\/?post_type=product&#038;p=1267"},"modified":"2018-04-20T07:12:06","modified_gmt":"2018-04-20T07:12:06","slug":"in-black-and-white-10-miniaturi-pentru-pian","status":"publish","type":"product","link":"https:\/\/www.edituraunmb.ro\/?product=in-black-and-white-10-miniaturi-pentru-pian","title":{"rendered":"In Black and White &#8211; 10 miniaturi pentru pian"},"content":{"rendered":"<p>Finalizat\u0103 \u00een anul 2014, suita pentru pian <em>In Black and White \u2013 10 Miniaturi pentru pian<\/em> este alc\u0103tuit\u0103 dintr-o serie de portrete \u0219i parafraze muzicale, fiecare dezv\u0103luind un caracter unic \u0219i o strategie componistic\u0103 distinct\u0103. Cuprinz\u00e2nd piese cu durate scurte (\u00eentre 20 de secunde \u0219i 2 minute), ciclul de zece miniaturi ridic\u0103 diverse probleme de tehnic\u0103 \u0219i execu\u021bie instrumental\u0103, exploat\u00e2nd bog\u0103\u021bia resurselor sonore ale pianului.<\/p>\n","protected":false},"excerpt":{"rendered":"<p>Finalizat\u0103 \u00een anul 2014, suita pentru pian In Black and White \u2013 10 Miniaturi pentru pian este alc\u0103tuit\u0103 dintr-o serie de portrete \u0219i parafraze muzicale, fiecare dezv\u0103luind un caracter unic \u0219i o strategie componistic\u0103 distinct\u0103. Cuprinz\u00e2nd piese cu durate scurte &hellip; <a href=\"https:\/\/www.edituraunmb.ro\/?product=in-black-and-white-10-miniaturi-pentru-pian\" style=\"padding-left:10px;\">Mai multe detalii<\/a><\/p>\n","protected":false},"featured_media":1273,"comment_status":"closed","ping_status":"closed","template":"","meta":{"_acf_changed":false},"product_brand":[],"product_cat":[601],"product_tag":[579,93],"class_list":{"0":"post-1267","1":"product","2":"type-product","3":"status-publish","4":"has-post-thumbnail","6":"product_cat-601","7":"product_tag-partitura","8":"product_tag-pian","9":"p_author-tudor-feraru","10":"t_lucrare-partitura","12":"first","13":"instock","14":"shipping-taxable","15":"product-type-simple"},"acf":[],"_links":{"self":[{"href":"https:\/\/www.edituraunmb.ro\/index.php?rest_route=\/wp\/v2\/product\/1267","targetHints":{"allow":["GET"]}}],"collection":[{"href":"https:\/\/www.edituraunmb.ro\/index.php?rest_route=\/wp\/v2\/product"}],"about":[{"href":"https:\/\/www.edituraunmb.ro\/index.php?rest_route=\/wp\/v2\/types\/product"}],"replies":[{"embeddable":true,"href":"https:\/\/www.edituraunmb.ro\/index.php?rest_route=%2Fwp%2Fv2%2Fcomments&post=1267"}],"wp:featuredmedia":[{"embeddable":true,"href":"https:\/\/www.edituraunmb.ro\/index.php?rest_route=\/wp\/v2\/media\/1273"}],"wp:attachment":[{"href":"https:\/\/www.edituraunmb.ro\/index.php?rest_route=%2Fwp%2Fv2%2Fmedia&parent=1267"}],"wp:term":[{"taxonomy":"product_brand","embeddable":true,"href":"https:\/\/www.edituraunmb.ro\/index.php?rest_route=%2Fwp%2Fv2%2Fproduct_brand&post=1267"},{"taxonomy":"product_cat","embeddable":true,"href":"https:\/\/www.edituraunmb.ro\/index.php?rest_route=%2Fwp%2Fv2%2Fproduct_cat&post=1267"},{"taxonomy":"product_tag","embeddable":true,"href":"https:\/\/www.edituraunmb.ro\/index.php?rest_route=%2Fwp%2Fv2%2Fproduct_tag&post=1267"}],"curies":[{"name":"wp","href":"https:\/\/api.w.org\/{rel}","templated":true}]}}