{"id":1281,"date":"2018-04-20T07:11:01","date_gmt":"2018-04-20T07:11:01","guid":{"rendered":"http:\/\/www.edituraunmb.ro\/?post_type=product&#038;p=1281"},"modified":"2018-04-20T07:11:01","modified_gmt":"2018-04-20T07:11:01","slug":"vivarta","status":"publish","type":"product","link":"https:\/\/www.edituraunmb.ro\/?product=vivarta","title":{"rendered":"Vivarta"},"content":{"rendered":"<p>\u201e<em>Vivarta<\/em> este un termen polisemantic preluat din filozofia indian\u0103. Am \u00eencercat s\u0103 g\u0103sesc \u00een lucrarea mea coresponden\u021be sonore pentru c\u00e2teva dintre semnifica\u021biile sale: <em>transfigurare<\/em>, <em>alterare<\/em>, <em>schimbare aparent\u0103<\/em>, <em>rela\u021bia unu-multiplu<\/em>, <em>revenire circular\u0103<\/em>. <em>Vivarta<\/em> pentru cvartet de coarde (2009, revizuit\u0103 \u00een 2017) se poate descrie, pe scurt, ca fiind un proces sau un flux transforma\u021bional continuu, cu modific\u0103ri (alter\u0103ri) la nivelul expresiei \u0219i al substan\u021bei sonore, cu multiplic\u0103ri eterofonice frecvente, construit pe modelul circular al spiralei (cu reveniri recognoscibile).\u201d (Doina Rotaru)<\/p>\n","protected":false},"excerpt":{"rendered":"<p>\u201eVivarta este un termen polisemantic preluat din filozofia indian\u0103. Am \u00eencercat s\u0103 g\u0103sesc \u00een lucrarea mea coresponden\u021be sonore pentru c\u00e2teva dintre semnifica\u021biile sale: transfigurare, alterare, schimbare aparent\u0103, rela\u021bia unu-multiplu, revenire circular\u0103. Vivarta pentru cvartet de coarde (2009, revizuit\u0103 \u00een 2017) &hellip; <a href=\"https:\/\/www.edituraunmb.ro\/?product=vivarta\" style=\"padding-left:10px;\">Mai multe detalii<\/a><\/p>\n","protected":false},"featured_media":1284,"comment_status":"closed","ping_status":"closed","template":"","meta":{"_acf_changed":false},"product_brand":[],"product_cat":[601],"product_tag":[605,579],"class_list":{"0":"post-1281","1":"product","2":"type-product","3":"status-publish","4":"has-post-thumbnail","6":"product_cat-601","7":"product_tag-cvartet-de-coarde","8":"product_tag-partitura","9":"p_author-doina-rotaru","10":"t_lucrare-partitura","12":"first","13":"instock","14":"shipping-taxable","15":"product-type-simple"},"acf":[],"_links":{"self":[{"href":"https:\/\/www.edituraunmb.ro\/index.php?rest_route=\/wp\/v2\/product\/1281","targetHints":{"allow":["GET"]}}],"collection":[{"href":"https:\/\/www.edituraunmb.ro\/index.php?rest_route=\/wp\/v2\/product"}],"about":[{"href":"https:\/\/www.edituraunmb.ro\/index.php?rest_route=\/wp\/v2\/types\/product"}],"replies":[{"embeddable":true,"href":"https:\/\/www.edituraunmb.ro\/index.php?rest_route=%2Fwp%2Fv2%2Fcomments&post=1281"}],"wp:featuredmedia":[{"embeddable":true,"href":"https:\/\/www.edituraunmb.ro\/index.php?rest_route=\/wp\/v2\/media\/1284"}],"wp:attachment":[{"href":"https:\/\/www.edituraunmb.ro\/index.php?rest_route=%2Fwp%2Fv2%2Fmedia&parent=1281"}],"wp:term":[{"taxonomy":"product_brand","embeddable":true,"href":"https:\/\/www.edituraunmb.ro\/index.php?rest_route=%2Fwp%2Fv2%2Fproduct_brand&post=1281"},{"taxonomy":"product_cat","embeddable":true,"href":"https:\/\/www.edituraunmb.ro\/index.php?rest_route=%2Fwp%2Fv2%2Fproduct_cat&post=1281"},{"taxonomy":"product_tag","embeddable":true,"href":"https:\/\/www.edituraunmb.ro\/index.php?rest_route=%2Fwp%2Fv2%2Fproduct_tag&post=1281"}],"curies":[{"name":"wp","href":"https:\/\/api.w.org\/{rel}","templated":true}]}}