{"id":1287,"date":"2018-04-20T07:29:30","date_gmt":"2018-04-20T07:29:30","guid":{"rendered":"http:\/\/www.edituraunmb.ro\/?post_type=product&#038;p=1287"},"modified":"2018-04-20T07:29:30","modified_gmt":"2018-04-20T07:29:30","slug":"hommage-a-george-enescu","status":"publish","type":"product","link":"https:\/\/www.edituraunmb.ro\/?product=hommage-a-george-enescu","title":{"rendered":"Hommage \u00e0 George Enescu"},"content":{"rendered":"<p>Lucrarea <em>Hommage \u00e0 George Enescu<\/em> a fost scris\u0103 \u00een memoria compozitorului \u0219i violonistului George Enescu. Textul muzical con\u021bine trimiteri c\u0103tre structurile melodice prezente frecvent \u00een opusurile enesciene, precum \u0219i un scurt citat din mi\u0219carea secund\u0103 a <em>Cvartetului de coarde<\/em> <em>nr. 2<\/em>. De asemenea, numele lui Enescu este \u00eencifrat muzical printr-o figur\u0103 melodic\u0103 prezent\u0103 pe parcursul lucr\u0103rii: <strong><em>E<\/em><\/strong><em>n<\/em> (<em>mi<\/em>)<em> <strong>Es<\/strong><\/em> (<em>mi bemol<\/em>)<em> <strong>C<\/strong>u <\/em>(<em>do<\/em>).<\/p>\n","protected":false},"excerpt":{"rendered":"<p>Lucrarea Hommage \u00e0 George Enescu a fost scris\u0103 \u00een memoria compozitorului \u0219i violonistului George Enescu. Textul muzical con\u021bine trimiteri c\u0103tre structurile melodice prezente frecvent \u00een opusurile enesciene, precum \u0219i un scurt citat din mi\u0219carea secund\u0103 a Cvartetului de coarde nr. &hellip; <a href=\"https:\/\/www.edituraunmb.ro\/?product=hommage-a-george-enescu\" style=\"padding-left:10px;\">Mai multe detalii<\/a><\/p>\n","protected":false},"featured_media":1288,"comment_status":"closed","ping_status":"closed","template":"","meta":{"_acf_changed":false},"product_brand":[],"product_cat":[601],"product_tag":[579,607],"class_list":{"0":"post-1287","1":"product","2":"type-product","3":"status-publish","4":"has-post-thumbnail","6":"product_cat-601","7":"product_tag-partitura","8":"product_tag-vioara-solo","9":"p_author-gabriel-malancioiu","10":"t_lucrare-partitura","12":"first","13":"instock","14":"shipping-taxable","15":"product-type-simple"},"acf":[],"_links":{"self":[{"href":"https:\/\/www.edituraunmb.ro\/index.php?rest_route=\/wp\/v2\/product\/1287","targetHints":{"allow":["GET"]}}],"collection":[{"href":"https:\/\/www.edituraunmb.ro\/index.php?rest_route=\/wp\/v2\/product"}],"about":[{"href":"https:\/\/www.edituraunmb.ro\/index.php?rest_route=\/wp\/v2\/types\/product"}],"replies":[{"embeddable":true,"href":"https:\/\/www.edituraunmb.ro\/index.php?rest_route=%2Fwp%2Fv2%2Fcomments&post=1287"}],"wp:featuredmedia":[{"embeddable":true,"href":"https:\/\/www.edituraunmb.ro\/index.php?rest_route=\/wp\/v2\/media\/1288"}],"wp:attachment":[{"href":"https:\/\/www.edituraunmb.ro\/index.php?rest_route=%2Fwp%2Fv2%2Fmedia&parent=1287"}],"wp:term":[{"taxonomy":"product_brand","embeddable":true,"href":"https:\/\/www.edituraunmb.ro\/index.php?rest_route=%2Fwp%2Fv2%2Fproduct_brand&post=1287"},{"taxonomy":"product_cat","embeddable":true,"href":"https:\/\/www.edituraunmb.ro\/index.php?rest_route=%2Fwp%2Fv2%2Fproduct_cat&post=1287"},{"taxonomy":"product_tag","embeddable":true,"href":"https:\/\/www.edituraunmb.ro\/index.php?rest_route=%2Fwp%2Fv2%2Fproduct_tag&post=1287"}],"curies":[{"name":"wp","href":"https:\/\/api.w.org\/{rel}","templated":true}]}}