{"id":1292,"date":"2018-04-20T07:42:16","date_gmt":"2018-04-20T07:42:16","guid":{"rendered":"http:\/\/www.edituraunmb.ro\/?post_type=product&#038;p=1292"},"modified":"2018-04-20T07:42:16","modified_gmt":"2018-04-20T07:42:16","slug":"muzica-funebra-pentru-ansamblu-de-coarde","status":"publish","type":"product","link":"https:\/\/www.edituraunmb.ro\/?product=muzica-funebra-pentru-ansamblu-de-coarde","title":{"rendered":"Muzic\u0103 funebr\u0103 &#8211; pentru ansamblu de coarde"},"content":{"rendered":"<p>Dedicat\u0103 bunicilor autorului, lucrarea <em>Muzic\u0103 Funebr\u0103 pentru ansamblu de coarde<\/em> a fost compus\u0103 \u00een anul 2004, sub atenta \u00eendrumare a profesorilor Dan Dediu \u0219i Doina Rotaru, \u00een timpul studiilor din cadrul Universit\u0103\u021bii Na\u021bionale de Muzic\u0103 Bucure\u0219ti. \u00cen elaborarea acesteia, compozitorul a pornit de la un bocet cromatic, care apare \u00een diferite ipostaze pe parcursul celor patru p\u0103r\u021bi. Ulterior, compozi\u021bia a fost revizuit\u0103 \u00een \u00eentregime \u00een anul 2017.<\/p>\n","protected":false},"excerpt":{"rendered":"<p>Dedicat\u0103 bunicilor autorului, lucrarea Muzic\u0103 Funebr\u0103 pentru ansamblu de coarde a fost compus\u0103 \u00een anul 2004, sub atenta \u00eendrumare a profesorilor Dan Dediu \u0219i Doina Rotaru, \u00een timpul studiilor din cadrul Universit\u0103\u021bii Na\u021bionale de Muzic\u0103 Bucure\u0219ti. \u00cen elaborarea acesteia, compozitorul &hellip; <a href=\"https:\/\/www.edituraunmb.ro\/?product=muzica-funebra-pentru-ansamblu-de-coarde\" style=\"padding-left:10px;\">Mai multe detalii<\/a><\/p>\n","protected":false},"featured_media":1291,"comment_status":"closed","ping_status":"closed","template":"","meta":{"_acf_changed":false},"product_brand":[],"product_cat":[601],"product_tag":[609,579],"class_list":{"0":"post-1292","1":"product","2":"type-product","3":"status-publish","4":"has-post-thumbnail","6":"product_cat-601","7":"product_tag-ansamblu-de-coarde","8":"product_tag-partitura","9":"p_author-gabriel-almasi","10":"t_lucrare-partitura","12":"first","13":"instock","14":"shipping-taxable","15":"product-type-simple"},"acf":[],"_links":{"self":[{"href":"https:\/\/www.edituraunmb.ro\/index.php?rest_route=\/wp\/v2\/product\/1292","targetHints":{"allow":["GET"]}}],"collection":[{"href":"https:\/\/www.edituraunmb.ro\/index.php?rest_route=\/wp\/v2\/product"}],"about":[{"href":"https:\/\/www.edituraunmb.ro\/index.php?rest_route=\/wp\/v2\/types\/product"}],"replies":[{"embeddable":true,"href":"https:\/\/www.edituraunmb.ro\/index.php?rest_route=%2Fwp%2Fv2%2Fcomments&post=1292"}],"wp:featuredmedia":[{"embeddable":true,"href":"https:\/\/www.edituraunmb.ro\/index.php?rest_route=\/wp\/v2\/media\/1291"}],"wp:attachment":[{"href":"https:\/\/www.edituraunmb.ro\/index.php?rest_route=%2Fwp%2Fv2%2Fmedia&parent=1292"}],"wp:term":[{"taxonomy":"product_brand","embeddable":true,"href":"https:\/\/www.edituraunmb.ro\/index.php?rest_route=%2Fwp%2Fv2%2Fproduct_brand&post=1292"},{"taxonomy":"product_cat","embeddable":true,"href":"https:\/\/www.edituraunmb.ro\/index.php?rest_route=%2Fwp%2Fv2%2Fproduct_cat&post=1292"},{"taxonomy":"product_tag","embeddable":true,"href":"https:\/\/www.edituraunmb.ro\/index.php?rest_route=%2Fwp%2Fv2%2Fproduct_tag&post=1292"}],"curies":[{"name":"wp","href":"https:\/\/api.w.org\/{rel}","templated":true}]}}