{"id":1298,"date":"2018-06-27T10:14:43","date_gmt":"2018-06-27T10:14:43","guid":{"rendered":"http:\/\/www.edituraunmb.ro\/?post_type=product&#038;p=1298"},"modified":"2018-06-27T10:23:51","modified_gmt":"2018-06-27T10:23:51","slug":"sonata-pentru-vioara-solo-op-8","status":"publish","type":"product","link":"https:\/\/www.edituraunmb.ro\/?product=sonata-pentru-vioara-solo-op-8","title":{"rendered":"Sonata &#8211; pentru vioar\u0103 solo, op. 8"},"content":{"rendered":"<p>Sonata pentru vioar\u0103 solo, op. 8 este o lucrare mai veche, care a trecut printr-o revizuire par\u021bial\u0103 \u00een 2018, ce a vizat \u00een special partea final\u0103. Construc\u021bia formal\u0103 este de tip clasic, cu o structurare \u00een patru p\u0103r\u021bi distincte. Pe parcursul acesteia sunt exploatate aproape toate procedeele tehnice \u0219i de expresie specifice instrumentului.<\/p>\n","protected":false},"excerpt":{"rendered":"<p>Sonata pentru vioar\u0103 solo, op. 8 este o lucrare mai veche, care a trecut printr-o revizuire par\u021bial\u0103 \u00een 2018, ce a vizat \u00een special partea final\u0103. Construc\u021bia formal\u0103 este de tip clasic, cu o structurare \u00een patru p\u0103r\u021bi distincte. Pe &hellip; <a href=\"https:\/\/www.edituraunmb.ro\/?product=sonata-pentru-vioara-solo-op-8\" style=\"padding-left:10px;\">Mai multe detalii<\/a><\/p>\n","protected":false},"featured_media":1299,"comment_status":"closed","ping_status":"closed","template":"","meta":{"_acf_changed":false},"product_brand":[],"product_cat":[601],"product_tag":[611,85,610,607],"class_list":{"0":"post-1298","1":"product","2":"type-product","3":"status-publish","4":"has-post-thumbnail","6":"product_cat-601","7":"product_tag-solo","8":"product_tag-sonata","9":"product_tag-vioara","10":"product_tag-vioara-solo","11":"p_author-christian-w-berger","12":"t_lucrare-partitura","14":"first","15":"instock","16":"shipping-taxable","17":"product-type-simple"},"acf":[],"_links":{"self":[{"href":"https:\/\/www.edituraunmb.ro\/index.php?rest_route=\/wp\/v2\/product\/1298","targetHints":{"allow":["GET"]}}],"collection":[{"href":"https:\/\/www.edituraunmb.ro\/index.php?rest_route=\/wp\/v2\/product"}],"about":[{"href":"https:\/\/www.edituraunmb.ro\/index.php?rest_route=\/wp\/v2\/types\/product"}],"replies":[{"embeddable":true,"href":"https:\/\/www.edituraunmb.ro\/index.php?rest_route=%2Fwp%2Fv2%2Fcomments&post=1298"}],"wp:featuredmedia":[{"embeddable":true,"href":"https:\/\/www.edituraunmb.ro\/index.php?rest_route=\/wp\/v2\/media\/1299"}],"wp:attachment":[{"href":"https:\/\/www.edituraunmb.ro\/index.php?rest_route=%2Fwp%2Fv2%2Fmedia&parent=1298"}],"wp:term":[{"taxonomy":"product_brand","embeddable":true,"href":"https:\/\/www.edituraunmb.ro\/index.php?rest_route=%2Fwp%2Fv2%2Fproduct_brand&post=1298"},{"taxonomy":"product_cat","embeddable":true,"href":"https:\/\/www.edituraunmb.ro\/index.php?rest_route=%2Fwp%2Fv2%2Fproduct_cat&post=1298"},{"taxonomy":"product_tag","embeddable":true,"href":"https:\/\/www.edituraunmb.ro\/index.php?rest_route=%2Fwp%2Fv2%2Fproduct_tag&post=1298"}],"curies":[{"name":"wp","href":"https:\/\/api.w.org\/{rel}","templated":true}]}}