{"id":1304,"date":"2018-06-27T10:23:18","date_gmt":"2018-06-27T10:23:18","guid":{"rendered":"http:\/\/www.edituraunmb.ro\/?post_type=product&#038;p=1304"},"modified":"2018-06-27T10:23:18","modified_gmt":"2018-06-27T10:23:18","slug":"invocatie-pentru-orga-op-13","status":"publish","type":"product","link":"https:\/\/www.edituraunmb.ro\/?product=invocatie-pentru-orga-op-13","title":{"rendered":"Invoca\u021bie &#8211; pentru org\u0103, op. 13"},"content":{"rendered":"<p><em>Invoca\u021bie <\/em>pentru org\u0103, op. 13 este prima lucrare dintr-un ciclu de trei piese destinate aceluia\u0219i instrument (<em>Invoca\u021bie<\/em>, <em>Inscrip\u021bie \u00een piatr\u0103 <\/em>\u0219i <em>Evoca\u021bie<\/em>). Elementul comun celor trei compozi\u021bii amintite mai sus nu este unul tematico-motivic sau ideatic, ci \u021bine de procedeele de alc\u0103tuire formal\u0103, care se bazeaz\u0103 pe contraste dinamice, tematice, de scriitur\u0103. La acestea se adaug\u0103 tehnica contrastelor timbrale, realizate uneori prin utilizarea unor procedee mai neconven\u021bionale de alc\u0103tuire a planului de registra\u021bie \u0219i o scriitur\u0103 de virtuozitate, specific organistic\u0103.<\/p>\n","protected":false},"excerpt":{"rendered":"<p>Invoca\u021bie pentru org\u0103, op. 13 este prima lucrare dintr-un ciclu de trei piese destinate aceluia\u0219i instrument (Invoca\u021bie, Inscrip\u021bie \u00een piatr\u0103 \u0219i Evoca\u021bie). Elementul comun celor trei compozi\u021bii amintite mai sus nu este unul tematico-motivic sau ideatic, ci \u021bine de procedeele &hellip; <a href=\"https:\/\/www.edituraunmb.ro\/?product=invocatie-pentru-orga-op-13\" style=\"padding-left:10px;\">Mai multe detalii<\/a><\/p>\n","protected":false},"featured_media":1300,"comment_status":"closed","ping_status":"closed","template":"","meta":{"_acf_changed":false},"product_brand":[],"product_cat":[601],"product_tag":[176],"class_list":{"0":"post-1304","1":"product","2":"type-product","3":"status-publish","4":"has-post-thumbnail","6":"product_cat-601","7":"product_tag-orga","8":"p_author-christian-w-berger","9":"t_lucrare-partitura","11":"first","12":"instock","13":"shipping-taxable","14":"product-type-simple"},"acf":[],"_links":{"self":[{"href":"https:\/\/www.edituraunmb.ro\/index.php?rest_route=\/wp\/v2\/product\/1304","targetHints":{"allow":["GET"]}}],"collection":[{"href":"https:\/\/www.edituraunmb.ro\/index.php?rest_route=\/wp\/v2\/product"}],"about":[{"href":"https:\/\/www.edituraunmb.ro\/index.php?rest_route=\/wp\/v2\/types\/product"}],"replies":[{"embeddable":true,"href":"https:\/\/www.edituraunmb.ro\/index.php?rest_route=%2Fwp%2Fv2%2Fcomments&post=1304"}],"wp:featuredmedia":[{"embeddable":true,"href":"https:\/\/www.edituraunmb.ro\/index.php?rest_route=\/wp\/v2\/media\/1300"}],"wp:attachment":[{"href":"https:\/\/www.edituraunmb.ro\/index.php?rest_route=%2Fwp%2Fv2%2Fmedia&parent=1304"}],"wp:term":[{"taxonomy":"product_brand","embeddable":true,"href":"https:\/\/www.edituraunmb.ro\/index.php?rest_route=%2Fwp%2Fv2%2Fproduct_brand&post=1304"},{"taxonomy":"product_cat","embeddable":true,"href":"https:\/\/www.edituraunmb.ro\/index.php?rest_route=%2Fwp%2Fv2%2Fproduct_cat&post=1304"},{"taxonomy":"product_tag","embeddable":true,"href":"https:\/\/www.edituraunmb.ro\/index.php?rest_route=%2Fwp%2Fv2%2Fproduct_tag&post=1304"}],"curies":[{"name":"wp","href":"https:\/\/api.w.org\/{rel}","templated":true}]}}