{"id":1329,"date":"2019-01-14T11:19:49","date_gmt":"2019-01-14T11:19:49","guid":{"rendered":"http:\/\/www.edituraunmb.ro\/?post_type=product&#038;p=1329"},"modified":"2019-01-14T11:50:17","modified_gmt":"2019-01-14T11:50:17","slug":"glosa-pentru-vioara-si-pian","status":"publish","type":"product","link":"https:\/\/www.edituraunmb.ro\/?product=glosa-pentru-vioara-si-pian","title":{"rendered":"Glosa, pentru vioar\u0103 \u0219i pian"},"content":{"rendered":"<p><em>Glosa <\/em>este versiunea pentru pian \u0219i vioar\u0103 a unei lucr\u0103ri anterioare, <em>Studii Transcendentale<\/em>, scris\u0103 pentru orchestr\u0103 de camer\u0103 \u0219i bariton solo. \u00cen ambele versiuni, muzica dezvolt\u0103 simbolurile elementelor primordiale ale Universului, a\u0219a cum apar \u00een tradi\u021biile ini\u021biatice din Orient (ap\u0103, foc, aer, p\u0103m\u00e2nt), fiind prezentate ca \u201ealuzii culturale\u201d din muzica lui Liszt, Ravel, de Falla, Messiaen, Musorgski. Trec\u00e2nd printr-o serie de etape contrastante, muzica \u00ee\u0219i g\u0103se\u0219te c\u0103tre sf\u00e2r\u0219it <em>Lumina<\/em>, \u00een acorduri spectrale extinse la pian \u0219i un enun\u021b al viorii \u00een versete (o rug\u0103ciune a Sf\u00e2ntului Francisc), pe coarda <em>sol <\/em>\u2013 asemenea lucr\u0103rii vocal-simfonice. (Nicolae Br\u00e2ndu\u0219)<\/p>\n","protected":false},"excerpt":{"rendered":"<p>Con\u021bine \u0219tim\u0103 pentru vioar\u0103 <a href=\"https:\/\/www.edituraunmb.ro\/?product=glosa-pentru-vioara-si-pian\" style=\"padding-left:10px;\">Mai multe detalii<\/a><\/p>\n","protected":false},"featured_media":1330,"comment_status":"closed","ping_status":"closed","template":"","meta":{"_acf_changed":false},"product_brand":[],"product_cat":[601],"product_tag":[579,93,610],"class_list":{"0":"post-1329","1":"product","2":"type-product","3":"status-publish","4":"has-post-thumbnail","6":"product_cat-601","7":"product_tag-partitura","8":"product_tag-pian","9":"product_tag-vioara","10":"p_author-nicolae-brandus","11":"t_lucrare-partitura","13":"first","14":"instock","15":"shipping-taxable","16":"product-type-simple"},"acf":[],"_links":{"self":[{"href":"https:\/\/www.edituraunmb.ro\/index.php?rest_route=\/wp\/v2\/product\/1329","targetHints":{"allow":["GET"]}}],"collection":[{"href":"https:\/\/www.edituraunmb.ro\/index.php?rest_route=\/wp\/v2\/product"}],"about":[{"href":"https:\/\/www.edituraunmb.ro\/index.php?rest_route=\/wp\/v2\/types\/product"}],"replies":[{"embeddable":true,"href":"https:\/\/www.edituraunmb.ro\/index.php?rest_route=%2Fwp%2Fv2%2Fcomments&post=1329"}],"wp:featuredmedia":[{"embeddable":true,"href":"https:\/\/www.edituraunmb.ro\/index.php?rest_route=\/wp\/v2\/media\/1330"}],"wp:attachment":[{"href":"https:\/\/www.edituraunmb.ro\/index.php?rest_route=%2Fwp%2Fv2%2Fmedia&parent=1329"}],"wp:term":[{"taxonomy":"product_brand","embeddable":true,"href":"https:\/\/www.edituraunmb.ro\/index.php?rest_route=%2Fwp%2Fv2%2Fproduct_brand&post=1329"},{"taxonomy":"product_cat","embeddable":true,"href":"https:\/\/www.edituraunmb.ro\/index.php?rest_route=%2Fwp%2Fv2%2Fproduct_cat&post=1329"},{"taxonomy":"product_tag","embeddable":true,"href":"https:\/\/www.edituraunmb.ro\/index.php?rest_route=%2Fwp%2Fv2%2Fproduct_tag&post=1329"}],"curies":[{"name":"wp","href":"https:\/\/api.w.org\/{rel}","templated":true}]}}