{"id":1337,"date":"2019-01-14T11:39:03","date_gmt":"2019-01-14T11:39:03","guid":{"rendered":"http:\/\/www.edituraunmb.ro\/?post_type=product&#038;p=1337"},"modified":"2019-01-14T11:39:03","modified_gmt":"2019-01-14T11:39:03","slug":"tema-cu-variatiuni-ostinato","status":"publish","type":"product","link":"https:\/\/www.edituraunmb.ro\/?product=tema-cu-variatiuni-ostinato","title":{"rendered":"Tem\u0103 cu varia\u021biuni | Ostinato"},"content":{"rendered":"<p><strong><\/strong>Ambele lucr\u0103ri au fost scrise \u00een timpul studiilor mele de compozi\u021bie din cadrul Conservatorului \u201eCiprian Porumbescu\u201d actuala Universitate Na\u021bional\u0103 de Muzic\u0103 Bucure\u0219ti, desf\u0103\u0219urate sub \u00eendrumarea profesorului Mar\u021bian Negrea, c\u0103ruia \u00eei datorez una dintre cele mai importante etape din formarea mea ca muzician. <em>Tema cu Varia\u021biuni <\/em>este bazat\u0103 pe o melodie popular\u0103 din Transilvania, \u00een timp ce <em>Ostinato<\/em>, \u00een form\u0103 de scherzo (A B A\u2019), dezvolt\u0103 o pianistic\u0103 de \u00eenalt\u0103 virtuozitate, pe un fundal ritmic care se desf\u0103\u0219oar\u0103 pe parcursul \u00eentregii lucr\u0103ri. Se recomand\u0103 ca cele dou\u0103 piese s\u0103 fie c\u00e2ntate \u00eempreun\u0103 (ca un ciclu unitar), datorit\u0103 coresponden\u021belor la nivel formal \u0219i ambiental. (Nicolae Br\u00e2ndu\u0219)<\/p>\n","protected":false},"excerpt":{"rendered":"<p>Pian <a href=\"https:\/\/www.edituraunmb.ro\/?product=tema-cu-variatiuni-ostinato\" style=\"padding-left:10px;\">Mai multe detalii<\/a><\/p>\n","protected":false},"featured_media":1338,"comment_status":"closed","ping_status":"closed","template":"","meta":{"_acf_changed":false},"product_brand":[],"product_cat":[601],"product_tag":[640,93,639],"class_list":{"0":"post-1337","1":"product","2":"type-product","3":"status-publish","4":"has-post-thumbnail","6":"product_cat-601","7":"product_tag-ostinato","8":"product_tag-pian","9":"product_tag-tema-cu-variatiuni","10":"p_author-nicolae-brandus","11":"t_lucrare-partitura","13":"first","14":"instock","15":"shipping-taxable","16":"product-type-simple"},"acf":[],"_links":{"self":[{"href":"https:\/\/www.edituraunmb.ro\/index.php?rest_route=\/wp\/v2\/product\/1337","targetHints":{"allow":["GET"]}}],"collection":[{"href":"https:\/\/www.edituraunmb.ro\/index.php?rest_route=\/wp\/v2\/product"}],"about":[{"href":"https:\/\/www.edituraunmb.ro\/index.php?rest_route=\/wp\/v2\/types\/product"}],"replies":[{"embeddable":true,"href":"https:\/\/www.edituraunmb.ro\/index.php?rest_route=%2Fwp%2Fv2%2Fcomments&post=1337"}],"wp:featuredmedia":[{"embeddable":true,"href":"https:\/\/www.edituraunmb.ro\/index.php?rest_route=\/wp\/v2\/media\/1338"}],"wp:attachment":[{"href":"https:\/\/www.edituraunmb.ro\/index.php?rest_route=%2Fwp%2Fv2%2Fmedia&parent=1337"}],"wp:term":[{"taxonomy":"product_brand","embeddable":true,"href":"https:\/\/www.edituraunmb.ro\/index.php?rest_route=%2Fwp%2Fv2%2Fproduct_brand&post=1337"},{"taxonomy":"product_cat","embeddable":true,"href":"https:\/\/www.edituraunmb.ro\/index.php?rest_route=%2Fwp%2Fv2%2Fproduct_cat&post=1337"},{"taxonomy":"product_tag","embeddable":true,"href":"https:\/\/www.edituraunmb.ro\/index.php?rest_route=%2Fwp%2Fv2%2Fproduct_tag&post=1337"}],"curies":[{"name":"wp","href":"https:\/\/api.w.org\/{rel}","templated":true}]}}