{"id":1344,"date":"2019-01-14T11:45:13","date_gmt":"2019-01-14T11:45:13","guid":{"rendered":"http:\/\/www.edituraunmb.ro\/?post_type=product&#038;p=1344"},"modified":"2019-01-14T11:45:13","modified_gmt":"2019-01-14T11:45:13","slug":"ornitorinc-micropera-de-buzunar","status":"publish","type":"product","link":"https:\/\/www.edituraunmb.ro\/?product=ornitorinc-micropera-de-buzunar","title":{"rendered":"Ornitorinc &#8211; microper\u0103 de buzunar"},"content":{"rendered":"<p>Lucrarea <em>Ornitorinc <\/em>este conceput\u0103 ca o \u201eoper\u0103 de buzunar\u201d (!) \u0219i este bazat\u0103 pe texte poetice de Mihai Eminescu. Cei doi protagoni\u0219ti (sopran\u0103 \u0219i pian) au de \u00eendeplinit \u00een afara muzicii \u0219i o serie de activit\u0103\u021bi scenice care urmeaz\u0103 a fi integrate \u00eentr-o regie de spectacol. Lucrarea este o form\u0103 modern\u0103 de oper\u0103 cu regie de spectacol \u0219i cu recuzit\u0103 minim\u0103. Sensul muzicii se afirm\u0103 odat\u0103 cu desf\u0103\u0219urarea nemijlocit\u0103 a interpret\u0103rii. (Nicolae Br\u00e2ndu\u0219)<\/p>\n","protected":false},"excerpt":{"rendered":"<p>Pentru sopran\u0103 \u0219i pian. <a href=\"https:\/\/www.edituraunmb.ro\/?product=ornitorinc-micropera-de-buzunar\" style=\"padding-left:10px;\">Mai multe detalii<\/a><\/p>\n","protected":false},"featured_media":1346,"comment_status":"closed","ping_status":"closed","template":"","meta":{"_acf_changed":false},"product_brand":[],"product_cat":[601],"product_tag":[643,93,626],"class_list":{"0":"post-1344","1":"product","2":"type-product","3":"status-publish","4":"has-post-thumbnail","6":"product_cat-601","7":"product_tag-micropera","8":"product_tag-pian","9":"product_tag-soprana","10":"p_author-nicolae-brandus","11":"t_lucrare-partitura","13":"first","14":"instock","15":"shipping-taxable","16":"product-type-simple"},"acf":[],"_links":{"self":[{"href":"https:\/\/www.edituraunmb.ro\/index.php?rest_route=\/wp\/v2\/product\/1344","targetHints":{"allow":["GET"]}}],"collection":[{"href":"https:\/\/www.edituraunmb.ro\/index.php?rest_route=\/wp\/v2\/product"}],"about":[{"href":"https:\/\/www.edituraunmb.ro\/index.php?rest_route=\/wp\/v2\/types\/product"}],"replies":[{"embeddable":true,"href":"https:\/\/www.edituraunmb.ro\/index.php?rest_route=%2Fwp%2Fv2%2Fcomments&post=1344"}],"wp:featuredmedia":[{"embeddable":true,"href":"https:\/\/www.edituraunmb.ro\/index.php?rest_route=\/wp\/v2\/media\/1346"}],"wp:attachment":[{"href":"https:\/\/www.edituraunmb.ro\/index.php?rest_route=%2Fwp%2Fv2%2Fmedia&parent=1344"}],"wp:term":[{"taxonomy":"product_brand","embeddable":true,"href":"https:\/\/www.edituraunmb.ro\/index.php?rest_route=%2Fwp%2Fv2%2Fproduct_brand&post=1344"},{"taxonomy":"product_cat","embeddable":true,"href":"https:\/\/www.edituraunmb.ro\/index.php?rest_route=%2Fwp%2Fv2%2Fproduct_cat&post=1344"},{"taxonomy":"product_tag","embeddable":true,"href":"https:\/\/www.edituraunmb.ro\/index.php?rest_route=%2Fwp%2Fv2%2Fproduct_tag&post=1344"}],"curies":[{"name":"wp","href":"https:\/\/api.w.org\/{rel}","templated":true}]}}