{"id":1365,"date":"2019-01-16T13:25:30","date_gmt":"2019-01-16T13:25:30","guid":{"rendered":"http:\/\/www.edituraunmb.ro\/?post_type=product&#038;p=1365"},"modified":"2019-01-16T13:25:30","modified_gmt":"2019-01-16T13:25:30","slug":"sonata-pentru-clarinet-solo","status":"publish","type":"product","link":"https:\/\/www.edituraunmb.ro\/?product=sonata-pentru-clarinet-solo","title":{"rendered":"Sonata pentru clarinet solo"},"content":{"rendered":"<p>Partitur\u0103 ap\u0103rut\u0103 \u00een cadrul proiectului UNMB \u201e<em>Muzicile Puterii. Muzic\u0103 \u0219i muzicieni \u00een regimurile totalitare\u00a0din Europa secolului al XX-lea\u201d<\/em>\u00a0finan\u021bat de Fondul de dezvoltare institu\u021bional\u0103: CNFIS-FDI-2018-0365.<\/p>\n","protected":false},"excerpt":{"rendered":"<p>Partitur\u0103 ap\u0103rut\u0103 \u00een cadrul proiectului UNMB \u201eMuzicile Puterii. Muzic\u0103 \u0219i muzicieni \u00een regimurile totalitare\u00a0din Europa secolului al XX-lea\u201d\u00a0finan\u021bat de Fondul de dezvoltare institu\u021bional\u0103: CNFIS-FDI-2018-0365.<\/p>\n","protected":false},"featured_media":1367,"comment_status":"closed","ping_status":"closed","template":"","meta":{"_acf_changed":false},"product_brand":[],"product_cat":[601],"product_tag":[660,113,85],"class_list":{"0":"post-1365","1":"product","2":"type-product","3":"status-publish","4":"has-post-thumbnail","6":"product_cat-601","7":"product_tag-clarinet-solo","8":"product_tag-muzica-romaneasca","9":"product_tag-sonata","10":"p_author-tiberiu-olah","11":"t_lucrare-partitura","13":"first","14":"instock","15":"shipping-taxable","16":"product-type-simple"},"acf":[],"_links":{"self":[{"href":"https:\/\/www.edituraunmb.ro\/index.php?rest_route=\/wp\/v2\/product\/1365","targetHints":{"allow":["GET"]}}],"collection":[{"href":"https:\/\/www.edituraunmb.ro\/index.php?rest_route=\/wp\/v2\/product"}],"about":[{"href":"https:\/\/www.edituraunmb.ro\/index.php?rest_route=\/wp\/v2\/types\/product"}],"replies":[{"embeddable":true,"href":"https:\/\/www.edituraunmb.ro\/index.php?rest_route=%2Fwp%2Fv2%2Fcomments&post=1365"}],"wp:featuredmedia":[{"embeddable":true,"href":"https:\/\/www.edituraunmb.ro\/index.php?rest_route=\/wp\/v2\/media\/1367"}],"wp:attachment":[{"href":"https:\/\/www.edituraunmb.ro\/index.php?rest_route=%2Fwp%2Fv2%2Fmedia&parent=1365"}],"wp:term":[{"taxonomy":"product_brand","embeddable":true,"href":"https:\/\/www.edituraunmb.ro\/index.php?rest_route=%2Fwp%2Fv2%2Fproduct_brand&post=1365"},{"taxonomy":"product_cat","embeddable":true,"href":"https:\/\/www.edituraunmb.ro\/index.php?rest_route=%2Fwp%2Fv2%2Fproduct_cat&post=1365"},{"taxonomy":"product_tag","embeddable":true,"href":"https:\/\/www.edituraunmb.ro\/index.php?rest_route=%2Fwp%2Fv2%2Fproduct_tag&post=1365"}],"curies":[{"name":"wp","href":"https:\/\/api.w.org\/{rel}","templated":true}]}}