{"id":1390,"date":"2020-02-25T16:12:13","date_gmt":"2020-02-25T16:12:13","guid":{"rendered":"http:\/\/www.edituraunmb.ro\/?post_type=product&#038;p=1390"},"modified":"2020-02-25T16:12:13","modified_gmt":"2020-02-25T16:12:13","slug":"clavecinul-in-muzica-franceza-din-secolele-17-18","status":"publish","type":"product","link":"https:\/\/www.edituraunmb.ro\/?product=clavecinul-in-muzica-franceza-din-secolele-17-18","title":{"rendered":"Clavecinul \u00een muzica francez\u0103 din secolele 17-18"},"content":{"rendered":"<p>Prezenta lucrare \u00eentreprinde un studiu muzicologic \u2013 stilistic, istoric, pe planul interpret\u0103rii \u0219i al tehnicii instrumentale specifice \u2013 asupra crea\u021biei muzicale pentru clavecin din Fran\u021ba, \u00een timpul secolelor XVII \u0219i XVIII. Studiul se refer\u0103 la o perioad\u0103 ce marcheaz\u0103 un adev\u0103rat apogeu artistic al clavecinului, printr-un \u00eenalt grad al m\u0103iestriei artei interpretative a acestuia, prin \u00eenflorirea unei crea\u021bii muzicale proprii. Se eviden\u021biaz\u0103 cristalizarea unui stil muzical \u0219i instrumental particular, unic \u00een arta muzical\u0103 european\u0103, ca \u0219i a unei noi estetici.<\/p>\n","protected":false},"excerpt":{"rendered":"<p>Prezenta lucrare \u00eentreprinde un studiu muzicologic \u2013 stilistic, istoric, pe planul interpret\u0103rii \u0219i al tehnicii instrumentale specifice \u2013 asupra crea\u021biei muzicale pentru clavecin din Fran\u021ba, \u00een timpul secolelor XVII \u0219i XVIII. Studiul se refer\u0103 la o perioad\u0103 ce marcheaz\u0103 un &hellip; <a href=\"https:\/\/www.edituraunmb.ro\/?product=clavecinul-in-muzica-franceza-din-secolele-17-18\" style=\"padding-left:10px;\">Mai multe detalii<\/a><\/p>\n","protected":false},"featured_media":1394,"comment_status":"closed","ping_status":"closed","template":"","meta":{"_acf_changed":false},"product_brand":[],"product_cat":[664],"product_tag":[670,672,671],"class_list":{"0":"post-1390","1":"product","2":"type-product","3":"status-publish","4":"has-post-thumbnail","6":"product_cat-664","7":"product_tag-clavecin","8":"product_tag-muzica-franceza","9":"product_tag-sec-17-18","10":"p_author-ogneanca-lefterescu","11":"t_lucrare-carte","13":"first","14":"instock","15":"shipping-taxable","16":"product-type-simple"},"acf":[],"_links":{"self":[{"href":"https:\/\/www.edituraunmb.ro\/index.php?rest_route=\/wp\/v2\/product\/1390","targetHints":{"allow":["GET"]}}],"collection":[{"href":"https:\/\/www.edituraunmb.ro\/index.php?rest_route=\/wp\/v2\/product"}],"about":[{"href":"https:\/\/www.edituraunmb.ro\/index.php?rest_route=\/wp\/v2\/types\/product"}],"replies":[{"embeddable":true,"href":"https:\/\/www.edituraunmb.ro\/index.php?rest_route=%2Fwp%2Fv2%2Fcomments&post=1390"}],"wp:featuredmedia":[{"embeddable":true,"href":"https:\/\/www.edituraunmb.ro\/index.php?rest_route=\/wp\/v2\/media\/1394"}],"wp:attachment":[{"href":"https:\/\/www.edituraunmb.ro\/index.php?rest_route=%2Fwp%2Fv2%2Fmedia&parent=1390"}],"wp:term":[{"taxonomy":"product_brand","embeddable":true,"href":"https:\/\/www.edituraunmb.ro\/index.php?rest_route=%2Fwp%2Fv2%2Fproduct_brand&post=1390"},{"taxonomy":"product_cat","embeddable":true,"href":"https:\/\/www.edituraunmb.ro\/index.php?rest_route=%2Fwp%2Fv2%2Fproduct_cat&post=1390"},{"taxonomy":"product_tag","embeddable":true,"href":"https:\/\/www.edituraunmb.ro\/index.php?rest_route=%2Fwp%2Fv2%2Fproduct_tag&post=1390"}],"curies":[{"name":"wp","href":"https:\/\/api.w.org\/{rel}","templated":true}]}}