{"id":1395,"date":"2020-02-25T16:39:04","date_gmt":"2020-02-25T16:39:04","guid":{"rendered":"http:\/\/www.edituraunmb.ro\/?post_type=product&#038;p=1395"},"modified":"2024-02-08T13:31:33","modified_gmt":"2024-02-08T10:31:33","slug":"mit-seductie-mister-repere-ale-feminitatii-in-opera-baroca","status":"publish","type":"product","link":"https:\/\/www.edituraunmb.ro\/?product=mit-seductie-mister-repere-ale-feminitatii-in-opera-baroca","title":{"rendered":"Mit, seduc\u021bie, mister. Repere ale feminit\u0103\u021bii \u00een opera baroc\u0103"},"content":{"rendered":"<p>Aleg\u00e2ndu-\u0219i ca domeniu de defini\u021bie tematic\u0103 barocul, autoarea p\u0103trunde impetuos \u00een etimologia, sensul \u0219i semnifica\u021bia termenului, abord\u00e2nd teoria afectelor ca pe ceva de la sine \u00een\u021beles, trec\u00e2nd apoi la interpretarea din epoc\u0103, la ornamentica specific\u0103 \u0219i la sonoritatea baroc\u0103, particulariz\u00e2nd apoi no\u021biuni de estetic\u0103 \u0219i tehnic\u0103 \u00een crea\u021bia lui Georg Friedrich H\u00e4ndel \u0219i imagin\u00e2nd un portret al lui H\u00e4ndel ca pictor de emo\u021bii sonore.<\/p>\n","protected":false},"excerpt":{"rendered":"<p>Aleg\u00e2ndu-\u0219i ca domeniu de defini\u021bie tematic\u0103 barocul, autoarea p\u0103trunde impetuos \u00een etimologia, sensul \u0219i semnifica\u021bia termenului, abord\u00e2nd teoria afectelor ca pe ceva de la sine \u00een\u021beles, trec\u00e2nd apoi la interpretarea din epoc\u0103, la ornamentica specific\u0103 \u0219i la sonoritatea baroc\u0103, particulariz\u00e2nd &hellip; <a href=\"https:\/\/www.edituraunmb.ro\/?product=mit-seductie-mister-repere-ale-feminitatii-in-opera-baroca\" style=\"padding-left:10px;\">Mai multe detalii<\/a><\/p>\n","protected":false},"featured_media":1397,"comment_status":"closed","ping_status":"closed","template":"","meta":{"_acf_changed":false},"product_brand":[],"product_cat":[664],"product_tag":[674,675,168],"class_list":{"0":"post-1395","1":"product","2":"type-product","3":"status-publish","4":"has-post-thumbnail","6":"product_cat-664","7":"product_tag-baroc","8":"product_tag-feminitate","9":"product_tag-opera","10":"p_author-angela-sindeli","11":"t_lucrare-carte","13":"first","14":"instock","15":"shipping-taxable","16":"product-type-simple"},"acf":[],"_links":{"self":[{"href":"https:\/\/www.edituraunmb.ro\/index.php?rest_route=\/wp\/v2\/product\/1395","targetHints":{"allow":["GET"]}}],"collection":[{"href":"https:\/\/www.edituraunmb.ro\/index.php?rest_route=\/wp\/v2\/product"}],"about":[{"href":"https:\/\/www.edituraunmb.ro\/index.php?rest_route=\/wp\/v2\/types\/product"}],"replies":[{"embeddable":true,"href":"https:\/\/www.edituraunmb.ro\/index.php?rest_route=%2Fwp%2Fv2%2Fcomments&post=1395"}],"wp:featuredmedia":[{"embeddable":true,"href":"https:\/\/www.edituraunmb.ro\/index.php?rest_route=\/wp\/v2\/media\/1397"}],"wp:attachment":[{"href":"https:\/\/www.edituraunmb.ro\/index.php?rest_route=%2Fwp%2Fv2%2Fmedia&parent=1395"}],"wp:term":[{"taxonomy":"product_brand","embeddable":true,"href":"https:\/\/www.edituraunmb.ro\/index.php?rest_route=%2Fwp%2Fv2%2Fproduct_brand&post=1395"},{"taxonomy":"product_cat","embeddable":true,"href":"https:\/\/www.edituraunmb.ro\/index.php?rest_route=%2Fwp%2Fv2%2Fproduct_cat&post=1395"},{"taxonomy":"product_tag","embeddable":true,"href":"https:\/\/www.edituraunmb.ro\/index.php?rest_route=%2Fwp%2Fv2%2Fproduct_tag&post=1395"}],"curies":[{"name":"wp","href":"https:\/\/api.w.org\/{rel}","templated":true}]}}