{"id":1399,"date":"2020-02-25T17:10:17","date_gmt":"2020-02-25T17:10:17","guid":{"rendered":"http:\/\/www.edituraunmb.ro\/?post_type=product&#038;p=1399"},"modified":"2024-09-03T17:52:50","modified_gmt":"2024-09-03T14:52:50","slug":"trilogia-urmeitrace-trilogy","status":"publish","type":"product","link":"https:\/\/www.edituraunmb.ro\/?product=trilogia-urmeitrace-trilogy","title":{"rendered":"Trilogia urmei\/Trace Trilogy"},"content":{"rendered":"<p>Compozi\u021bia electronic\u0103 RICHBLICK\u00a0a fost realizat\u0103 \u00een intervalul 17-29 iulie 2017, la Institute for Computer Music and Sound Technology din cadrul Z\u00fcrcher Hochschule der K\u00fcnste, pe perioada unei reziden\u021be artistice oferite de institu\u021bia gazd\u0103. Titlul piesei este un cuv\u00e2nt compus din: RICH (din Z\u00fcrich &#8211; ora\u0219ul unde a fost realizat\u0103 piesa) \u0219i BLICK (din Rigiblick &#8211;\u00a0 o colin\u0103 din ora\u0219 pe care urc\u0103 cel mai vechi funicular \u0219i unde s-a cristalizat ideea lucr\u0103rii). Sensul titlului este cel de \u201epriveli\u0219te p\u0103trunz\u0103toare\u201d (asupra sunetului): rich (eng. = amplu, p\u0103trunz\u0103tor), Blick (germ. = priveli\u0219te).<\/p>\n<p>PROSOPOPEEA URMEI, pentru bayan (acordeon) \u0219i violoncel\/viol\u0103 &#8211; Lucrarea abordeaz\u0103 prosopopeea ca ipostaz\u0103 a \u00eenduhovnicirii pornind de la urme, \u00een spirit, ale transmigra\u021biei duhului bartokian. Tradus\u0103 tehnic, metempsihoza acustic\u0103 are la origine sunetul-vibra\u021bie ce \u2013 filtrat prin cluster \u2013 devine armonie transforma\u021bional\u0103 acompaniind melodii celeste \u00een ascensiuni polifonice. \u00cencarnarea poetic \u2013 muzical\u0103 a acestei absen\u021be, orbit\u0103 a emancip\u0103rii ne\u00eensufle\u021bitului \u0219i ascensiunea lui \u00eenspre \u00eenalt fac zenitul sonor tangibil.Materialul muzical este modal, axat \u00een principal pe un mod de opt sunete (fig. 1) ce graviteaz\u0103 \u00een jurul unui acord-ax\u0103\/major-minor de tip bartokian.<\/p>\n<p>Prin analogie cu RICHBLICK, titlul lucr\u0103rii RESTBLICK, pentru bayan\/acordeon \u0219i electronics, al\u0103tur\u0103 sufixul numelui ora\u0219ului Bucure\u0219ti (Bucharest) cuv\u00e2ntului Blick, prima parte a titlului av\u00e2nd totodat\u0103 \u0219i sensul de material r\u0103mas, rest, reziduu. La nivel formal, lucrarea e construit\u0103 \u00eentr-o singur\u0103 parte, diverse procese sonore ascendente\/descendente interpretate la bayan suprapun\u00e2ndu-se peste materialul electronic preexistent. Materialul muzical este modal, axat \u00een principal pe al\u0103tur\u0103ri de secunde mari \u0219i\/sau mici ce genereaz\u0103 la nivel melodic structuri de tip ton-semiton, iar la nivel armonic construc\u021bii de tip cluster.<\/p>\n","protected":false},"excerpt":{"rendered":"<p>pentru bayan &amp; electronics\/viola\/cello (con\u021bine CD)<\/p>\n<p>&nbsp;<\/p>\n<p>&nbsp; <a href=\"https:\/\/www.edituraunmb.ro\/?product=trilogia-urmeitrace-trilogy\" style=\"padding-left:10px;\">Mai multe detalii<\/a><\/p>\n","protected":false},"featured_media":1403,"comment_status":"closed","ping_status":"closed","template":"","meta":{"_acf_changed":false},"product_brand":[],"product_cat":[664],"product_tag":[677,680,678,679],"class_list":{"0":"post-1399","1":"product","2":"type-product","3":"status-publish","4":"has-post-thumbnail","6":"product_cat-664","7":"product_tag-bayan","8":"product_tag-cello","9":"product_tag-muzica-electronica","10":"product_tag-viola","11":"p_author-catalin-cretu","12":"t_lucrare-partitura","14":"first","15":"instock","16":"shipping-taxable","17":"product-type-simple"},"acf":[],"_links":{"self":[{"href":"https:\/\/www.edituraunmb.ro\/index.php?rest_route=\/wp\/v2\/product\/1399","targetHints":{"allow":["GET"]}}],"collection":[{"href":"https:\/\/www.edituraunmb.ro\/index.php?rest_route=\/wp\/v2\/product"}],"about":[{"href":"https:\/\/www.edituraunmb.ro\/index.php?rest_route=\/wp\/v2\/types\/product"}],"replies":[{"embeddable":true,"href":"https:\/\/www.edituraunmb.ro\/index.php?rest_route=%2Fwp%2Fv2%2Fcomments&post=1399"}],"wp:featuredmedia":[{"embeddable":true,"href":"https:\/\/www.edituraunmb.ro\/index.php?rest_route=\/wp\/v2\/media\/1403"}],"wp:attachment":[{"href":"https:\/\/www.edituraunmb.ro\/index.php?rest_route=%2Fwp%2Fv2%2Fmedia&parent=1399"}],"wp:term":[{"taxonomy":"product_brand","embeddable":true,"href":"https:\/\/www.edituraunmb.ro\/index.php?rest_route=%2Fwp%2Fv2%2Fproduct_brand&post=1399"},{"taxonomy":"product_cat","embeddable":true,"href":"https:\/\/www.edituraunmb.ro\/index.php?rest_route=%2Fwp%2Fv2%2Fproduct_cat&post=1399"},{"taxonomy":"product_tag","embeddable":true,"href":"https:\/\/www.edituraunmb.ro\/index.php?rest_route=%2Fwp%2Fv2%2Fproduct_tag&post=1399"}],"curies":[{"name":"wp","href":"https:\/\/api.w.org\/{rel}","templated":true}]}}