{"id":1404,"date":"2020-02-25T18:07:18","date_gmt":"2020-02-25T18:07:18","guid":{"rendered":"http:\/\/www.edituraunmb.ro\/?post_type=product&#038;p=1404"},"modified":"2024-06-06T14:35:59","modified_gmt":"2024-06-06T11:35:59","slug":"muzici-ale-saloanelor-din-principatele-romane-in-prima-jumatate-a-secolului-al-xix-lea","status":"publish","type":"product","link":"https:\/\/www.edituraunmb.ro\/?product=muzici-ale-saloanelor-din-principatele-romane-in-prima-jumatate-a-secolului-al-xix-lea","title":{"rendered":"Muzici ale saloanelor din Principatele Rom\u00e2ne \u00een prima jum\u0103tate a secolului al XIX-lea (vol. I)"},"content":{"rendered":"<p>Antologia de fa\u021b\u0103 cuprinde un repertoriu de salon pentru pian, \u00een mare parte inedit, ce a fost \u00eentocmit de un muzician de import (cel mai probabil venit din Imperiul Austriac), undeva spre deceniul patru al secolului al XIX-lea. Ca orice document manuscris de epoc\u0103, recuperarea sa \u00een vederea tip\u0103ririi \u0219i reintroducerii \u00een circuitul interpretativ este un proces complex, ce necesit\u0103 cuno\u0219tin\u021be vaste \u0219i competen\u021be diferite, de la cele de lingvistic\u0103 \u0219i paleografie (inclusiv muzical\u0103), p\u00e2n\u0103 la cele de specialitate strict muzical\u0103 (teoria muzicii, muzicologie, stilistic\u0103 muzical\u0103 etc.). (Nicolae Gheorghi\u021b\u0103)<\/p>\n","protected":false},"excerpt":{"rendered":"<p>Partitur\u0103 ap\u0103rut\u0103 \u00een cadrul proiectului UNMB \u201e<em>Muzicile Elitelor. Orient \u0219i Occident \u00een muzicile saloanelor princiare \u0219i boiere\u0219ti din Principatele Rom\u00e2ne \u00een secolul al XIX-lea\u201d<\/em>\u00a0finan\u021bat de Fondul de dezvoltare institu\u021bional\u0103: CNFIS-FDI-2019-0171. <a href=\"https:\/\/www.edituraunmb.ro\/?product=muzici-ale-saloanelor-din-principatele-romane-in-prima-jumatate-a-secolului-al-xix-lea\" style=\"padding-left:10px;\">Mai multe detalii<\/a><\/p>\n","protected":false},"featured_media":1407,"comment_status":"closed","ping_status":"closed","template":"","meta":{"_acf_changed":false},"product_brand":[],"product_cat":[664],"product_tag":[684,93,683],"class_list":{"0":"post-1404","1":"product","2":"type-product","3":"status-publish","4":"has-post-thumbnail","6":"product_cat-664","7":"product_tag-muzica-de-salon","8":"product_tag-pian","9":"product_tag-secolul-al-xix-lea","10":"p_author-nicolae-gheorghita-editor","11":"t_lucrare-partitura","13":"first","14":"instock","15":"shipping-taxable","16":"product-type-simple"},"acf":[],"_links":{"self":[{"href":"https:\/\/www.edituraunmb.ro\/index.php?rest_route=\/wp\/v2\/product\/1404","targetHints":{"allow":["GET"]}}],"collection":[{"href":"https:\/\/www.edituraunmb.ro\/index.php?rest_route=\/wp\/v2\/product"}],"about":[{"href":"https:\/\/www.edituraunmb.ro\/index.php?rest_route=\/wp\/v2\/types\/product"}],"replies":[{"embeddable":true,"href":"https:\/\/www.edituraunmb.ro\/index.php?rest_route=%2Fwp%2Fv2%2Fcomments&post=1404"}],"wp:featuredmedia":[{"embeddable":true,"href":"https:\/\/www.edituraunmb.ro\/index.php?rest_route=\/wp\/v2\/media\/1407"}],"wp:attachment":[{"href":"https:\/\/www.edituraunmb.ro\/index.php?rest_route=%2Fwp%2Fv2%2Fmedia&parent=1404"}],"wp:term":[{"taxonomy":"product_brand","embeddable":true,"href":"https:\/\/www.edituraunmb.ro\/index.php?rest_route=%2Fwp%2Fv2%2Fproduct_brand&post=1404"},{"taxonomy":"product_cat","embeddable":true,"href":"https:\/\/www.edituraunmb.ro\/index.php?rest_route=%2Fwp%2Fv2%2Fproduct_cat&post=1404"},{"taxonomy":"product_tag","embeddable":true,"href":"https:\/\/www.edituraunmb.ro\/index.php?rest_route=%2Fwp%2Fv2%2Fproduct_tag&post=1404"}],"curies":[{"name":"wp","href":"https:\/\/api.w.org\/{rel}","templated":true}]}}