{"id":1430,"date":"2020-01-01T16:18:08","date_gmt":"2020-01-01T16:18:08","guid":{"rendered":"http:\/\/www.edituraunmb.ro\/?post_type=product&#038;p=1430"},"modified":"2020-10-17T16:20:03","modified_gmt":"2020-10-17T16:20:03","slug":"societatea-filarmonica-din-campina-la-ceas-aniversar-30-ani-de-la-infiintare","status":"publish","type":"product","link":"https:\/\/www.edituraunmb.ro\/?product=societatea-filarmonica-din-campina-la-ceas-aniversar-30-ani-de-la-infiintare","title":{"rendered":"Societatea Filarmonic\u0103 din C\u00e2mpina la ceas aniversar &#8211; 30 ani de la \u00eenfiin\u021bare"},"content":{"rendered":"<p>C\u00e2mpina este un ora\u0219 cultural \u00eensemnat, \u00een pofida num\u0103rului mai degrab\u0103 modest al locuitorilor s\u0103i, p\u00e2n\u0103 \u00een 50.000. Doi distin\u0219i cet\u0103\u021beni ai urbei, domnii Hariton Nicolau \u0219i Tudor Moisin, au compus un volum de prezentare, aflat acum la a doua edi\u021bie, \u00een care este descris\u0103 via\u021ba cultural\u0103 a C\u00e2mpinei din perspectiv\u0103 istoric\u0103 \u0219i deopotriv\u0103 raportat\u0103 la starea actual\u0103. C\u00e2mpina cultural-artistic\u0103 \u0219i via\u021ba Societ\u0103\u021bii Filarmonice sunt pilonii de baz\u0103 ai construc\u021biei epice. (Prof. univ. dr. Lavinia Coman)<\/p>\n","protected":false},"excerpt":{"rendered":"<p>C\u00e2mpina este un ora\u0219 cultural \u00eensemnat, \u00een pofida num\u0103rului mai degrab\u0103 modest al locuitorilor s\u0103i, p\u00e2n\u0103 \u00een 50.000. Doi distin\u0219i cet\u0103\u021beni ai urbei, domnii Hariton Nicolau \u0219i Tudor Moisin, au compus un volum de prezentare, aflat acum la a doua &hellip; <a href=\"https:\/\/www.edituraunmb.ro\/?product=societatea-filarmonica-din-campina-la-ceas-aniversar-30-ani-de-la-infiintare\" style=\"padding-left:10px;\">Mai multe detalii<\/a><\/p>\n","protected":false},"featured_media":1432,"comment_status":"closed","ping_status":"closed","template":"","meta":{"_acf_changed":false},"product_brand":[],"product_cat":[698],"product_tag":[],"class_list":{"0":"post-1430","1":"product","2":"type-product","3":"status-publish","4":"has-post-thumbnail","6":"product_cat-698","7":"p_author-hariton-nicolau","8":"p_author-tudor-moisin","9":"t_lucrare-carte","11":"first","12":"instock","13":"shipping-taxable","14":"product-type-simple"},"acf":[],"_links":{"self":[{"href":"https:\/\/www.edituraunmb.ro\/index.php?rest_route=\/wp\/v2\/product\/1430","targetHints":{"allow":["GET"]}}],"collection":[{"href":"https:\/\/www.edituraunmb.ro\/index.php?rest_route=\/wp\/v2\/product"}],"about":[{"href":"https:\/\/www.edituraunmb.ro\/index.php?rest_route=\/wp\/v2\/types\/product"}],"replies":[{"embeddable":true,"href":"https:\/\/www.edituraunmb.ro\/index.php?rest_route=%2Fwp%2Fv2%2Fcomments&post=1430"}],"wp:featuredmedia":[{"embeddable":true,"href":"https:\/\/www.edituraunmb.ro\/index.php?rest_route=\/wp\/v2\/media\/1432"}],"wp:attachment":[{"href":"https:\/\/www.edituraunmb.ro\/index.php?rest_route=%2Fwp%2Fv2%2Fmedia&parent=1430"}],"wp:term":[{"taxonomy":"product_brand","embeddable":true,"href":"https:\/\/www.edituraunmb.ro\/index.php?rest_route=%2Fwp%2Fv2%2Fproduct_brand&post=1430"},{"taxonomy":"product_cat","embeddable":true,"href":"https:\/\/www.edituraunmb.ro\/index.php?rest_route=%2Fwp%2Fv2%2Fproduct_cat&post=1430"},{"taxonomy":"product_tag","embeddable":true,"href":"https:\/\/www.edituraunmb.ro\/index.php?rest_route=%2Fwp%2Fv2%2Fproduct_tag&post=1430"}],"curies":[{"name":"wp","href":"https:\/\/api.w.org\/{rel}","templated":true}]}}