{"id":1445,"date":"2019-12-28T09:44:31","date_gmt":"2019-12-28T09:44:31","guid":{"rendered":"http:\/\/www.edituraunmb.ro\/?post_type=product&#038;p=1445"},"modified":"2020-10-15T10:14:01","modified_gmt":"2020-10-15T10:14:01","slug":"basso-continuo-o-practica-redescoperita","status":"publish","type":"product","link":"https:\/\/www.edituraunmb.ro\/?product=basso-continuo-o-practica-redescoperita","title":{"rendered":"Basso continuo &#8211; o practic\u0103 redescoperit\u0103"},"content":{"rendered":"<p>Aportul original al prezentului volum \u00eel constituie abordarea \u0219i<br \/>\nstructurarea problematicii basului continuu ca practic\u0103 vie, din<br \/>\nperspectiva principiilor retoricii muzicale. Dac\u0103 basso continuo<br \/>\nconstituie \u00een Baroc fundamentul muzicii \u0219i ajunge s\u0103 desemneze ca atare<br \/>\naceast\u0103 epoc\u0103 (Generalbasszeitalter \u2013 epoca basului continuu), atunci<br \/>\ncercetarea de fa\u021b\u0103 se materializeaz\u0103 \u00een redescoperirea \u0219i utilizarea nemijlocit\u0103<br \/>\na acestuia \u00een interpretarea muzical\u0103, \u00eentr-o viziune ce se justific\u0103 \u0219i \u00eei<br \/>\napar\u021bine \u2013 aceea a retoricii. Studiul basului continuu nu este privit ca un<br \/>\nexerci\u021biu mecanic al repet\u0103rii unor formule preluate din tratatele epocii,<br \/>\nci ca o ini\u021biere \u00een compozi\u021bia \u0219i interpretarea muzical\u0103, corespunz\u0103toare<br \/>\nsurselor retoricii pe baza c\u0103rora s-au fundamentat toate legit\u0103\u021bile sale.<\/p>\n","protected":false},"excerpt":{"rendered":"<p>Aportul original al prezentului volum \u00eel constituie abordarea \u0219i structurarea problematicii basului continuu ca practic\u0103 vie, din perspectiva principiilor retoricii muzicale. Dac\u0103 basso continuo constituie \u00een Baroc fundamentul muzicii \u0219i ajunge s\u0103 desemneze ca atare aceast\u0103 epoc\u0103 (Generalbasszeitalter \u2013 epoca &hellip; <a href=\"https:\/\/www.edituraunmb.ro\/?product=basso-continuo-o-practica-redescoperita\" style=\"padding-left:10px;\">Mai multe detalii<\/a><\/p>\n","protected":false},"featured_media":1447,"comment_status":"closed","ping_status":"closed","template":"","meta":{"_acf_changed":false},"product_brand":[],"product_cat":[664],"product_tag":[674,708,709],"class_list":{"0":"post-1445","1":"product","2":"type-product","3":"status-publish","4":"has-post-thumbnail","6":"product_cat-664","7":"product_tag-baroc","8":"product_tag-basul-continuu","9":"product_tag-retorica","10":"p_author-dan-racoveanu","11":"t_lucrare-carte","13":"first","14":"instock","15":"shipping-taxable","16":"product-type-simple"},"acf":[],"_links":{"self":[{"href":"https:\/\/www.edituraunmb.ro\/index.php?rest_route=\/wp\/v2\/product\/1445","targetHints":{"allow":["GET"]}}],"collection":[{"href":"https:\/\/www.edituraunmb.ro\/index.php?rest_route=\/wp\/v2\/product"}],"about":[{"href":"https:\/\/www.edituraunmb.ro\/index.php?rest_route=\/wp\/v2\/types\/product"}],"replies":[{"embeddable":true,"href":"https:\/\/www.edituraunmb.ro\/index.php?rest_route=%2Fwp%2Fv2%2Fcomments&post=1445"}],"wp:featuredmedia":[{"embeddable":true,"href":"https:\/\/www.edituraunmb.ro\/index.php?rest_route=\/wp\/v2\/media\/1447"}],"wp:attachment":[{"href":"https:\/\/www.edituraunmb.ro\/index.php?rest_route=%2Fwp%2Fv2%2Fmedia&parent=1445"}],"wp:term":[{"taxonomy":"product_brand","embeddable":true,"href":"https:\/\/www.edituraunmb.ro\/index.php?rest_route=%2Fwp%2Fv2%2Fproduct_brand&post=1445"},{"taxonomy":"product_cat","embeddable":true,"href":"https:\/\/www.edituraunmb.ro\/index.php?rest_route=%2Fwp%2Fv2%2Fproduct_cat&post=1445"},{"taxonomy":"product_tag","embeddable":true,"href":"https:\/\/www.edituraunmb.ro\/index.php?rest_route=%2Fwp%2Fv2%2Fproduct_tag&post=1445"}],"curies":[{"name":"wp","href":"https:\/\/api.w.org\/{rel}","templated":true}]}}