{"id":1467,"date":"2015-08-17T14:01:18","date_gmt":"2015-08-17T14:01:18","guid":{"rendered":"http:\/\/www.edituraunmb.ro\/?post_type=product&#038;p=1467"},"modified":"2020-10-17T14:09:03","modified_gmt":"2020-10-17T14:09:03","slug":"ipostaze-cameral-solistice-in-muzica-secolului-xx","status":"publish","type":"product","link":"https:\/\/www.edituraunmb.ro\/?product=ipostaze-cameral-solistice-in-muzica-secolului-xx","title":{"rendered":"Ipostaze cameral-solistice \u00een muzica secolului XX"},"content":{"rendered":"<p>Adriana Maier a \u00een\u0163eles esen\u0163a valorii transcendente \u015fi a exprimat \u00een cuvinte, decodific\u00e2nd pe r\u00e2nd etapele evolu\u0163iei pianistice \u00een complexul fenomen de osmoz\u0103 c\u0103tre un sentiment de total\u0103 comuniune specific\u0103 interpretului dedicat muzicii de camer\u0103. A reu\u015fit acest demers conving\u0103tor la cote superioare, elevate, prin selec\u0163ia interesant\u0103 a autorilor \u015fi analizele pertinente. (Prof. univ. dr. Irina Od\u0103gescu-\u021au\u021buianu)<\/p>\n","protected":false},"excerpt":{"rendered":"<p>Adriana Maier a \u00een\u0163eles esen\u0163a valorii transcendente \u015fi a exprimat \u00een cuvinte, decodific\u00e2nd pe r\u00e2nd etapele evolu\u0163iei pianistice \u00een complexul fenomen de osmoz\u0103 c\u0103tre un sentiment de total\u0103 comuniune specific\u0103 interpretului dedicat muzicii de camer\u0103. A reu\u015fit acest demers conving\u0103tor &hellip; <a href=\"https:\/\/www.edituraunmb.ro\/?product=ipostaze-cameral-solistice-in-muzica-secolului-xx\" style=\"padding-left:10px;\">Mai multe detalii<\/a><\/p>\n","protected":false},"featured_media":1469,"comment_status":"closed","ping_status":"closed","template":"","meta":{"_acf_changed":false},"product_brand":[],"product_cat":[30],"product_tag":[89,716],"class_list":{"0":"post-1467","1":"product","2":"type-product","3":"status-publish","4":"has-post-thumbnail","6":"product_cat-30","7":"product_tag-muzica-de-camera","8":"product_tag-secolul-xx","9":"t_lucrare-carte","11":"first","12":"instock","13":"shipping-taxable","14":"product-type-simple"},"acf":[],"_links":{"self":[{"href":"https:\/\/www.edituraunmb.ro\/index.php?rest_route=\/wp\/v2\/product\/1467","targetHints":{"allow":["GET"]}}],"collection":[{"href":"https:\/\/www.edituraunmb.ro\/index.php?rest_route=\/wp\/v2\/product"}],"about":[{"href":"https:\/\/www.edituraunmb.ro\/index.php?rest_route=\/wp\/v2\/types\/product"}],"replies":[{"embeddable":true,"href":"https:\/\/www.edituraunmb.ro\/index.php?rest_route=%2Fwp%2Fv2%2Fcomments&post=1467"}],"wp:featuredmedia":[{"embeddable":true,"href":"https:\/\/www.edituraunmb.ro\/index.php?rest_route=\/wp\/v2\/media\/1469"}],"wp:attachment":[{"href":"https:\/\/www.edituraunmb.ro\/index.php?rest_route=%2Fwp%2Fv2%2Fmedia&parent=1467"}],"wp:term":[{"taxonomy":"product_brand","embeddable":true,"href":"https:\/\/www.edituraunmb.ro\/index.php?rest_route=%2Fwp%2Fv2%2Fproduct_brand&post=1467"},{"taxonomy":"product_cat","embeddable":true,"href":"https:\/\/www.edituraunmb.ro\/index.php?rest_route=%2Fwp%2Fv2%2Fproduct_cat&post=1467"},{"taxonomy":"product_tag","embeddable":true,"href":"https:\/\/www.edituraunmb.ro\/index.php?rest_route=%2Fwp%2Fv2%2Fproduct_tag&post=1467"}],"curies":[{"name":"wp","href":"https:\/\/api.w.org\/{rel}","templated":true}]}}