{"id":1479,"date":"2015-06-15T18:21:57","date_gmt":"2015-06-15T18:21:57","guid":{"rendered":"http:\/\/www.edituraunmb.ro\/?post_type=product&#038;p=1479"},"modified":"2020-10-18T18:30:13","modified_gmt":"2020-10-18T18:30:13","slug":"universul-ludic-al-feliciei-donceanu","status":"publish","type":"product","link":"https:\/\/www.edituraunmb.ro\/?product=universul-ludic-al-feliciei-donceanu","title":{"rendered":"Universul ludic al Feliciei Donceanu"},"content":{"rendered":"<p>De o nobil\u0103 candoare, limbajul sonor al Feliciei Donceanu pare a fi asezonat cu acele flori pe care se cade s\u0103 nu le iei \u00een seam\u0103 dup\u0103 ceea ce spun. Trebuie \u00eens\u0103 musai s\u0103 le prive\u0219ti \u0219i s\u0103 le miro\u0219i. Lumini\u021ba Ciobanu observ\u0103 cu subtilitate un aspect fundamental, a\u0219 spune, al jocului: gratuitatea: Altfel spus, neafectarea. Dar \u0219i d\u0103ruirea. E ca \u0219i cum ai spune c\u0103 dac\u0103 ceea ce prime\u0219ti \u00ee\u021bi poate fi furat, cine are puterea s\u0103-\u021bi fure ceea ce d\u0103ruie\u0219ti? \u00centregul demers al Lumini\u021bei Ciobanu este axat pe gratuitatea generozit\u0103\u021bii, dar \u0219i pe generozitatea gratuit\u0103\u021bii exprimate de muzica redevabil\u0103 ludicului semnat\u0103 de Felicia Donceanu. (Prof. univ. dr. Liviu D\u0103nceanu)<\/p>\n","protected":false},"excerpt":{"rendered":"<p>De o nobil\u0103 candoare, limbajul sonor al Feliciei Donceanu pare a fi asezonat cu acele flori pe care se cade s\u0103 nu le iei \u00een seam\u0103 dup\u0103 ceea ce spun. Trebuie \u00eens\u0103 musai s\u0103 le prive\u0219ti \u0219i s\u0103 le miro\u0219i. &hellip; <a href=\"https:\/\/www.edituraunmb.ro\/?product=universul-ludic-al-feliciei-donceanu\" style=\"padding-left:10px;\">Mai multe detalii<\/a><\/p>\n","protected":false},"featured_media":1481,"comment_status":"closed","ping_status":"closed","template":"","meta":{"_acf_changed":false},"product_brand":[],"product_cat":[30],"product_tag":[],"class_list":{"0":"post-1479","1":"product","2":"type-product","3":"status-publish","4":"has-post-thumbnail","6":"product_cat-30","7":"p_author-luminita-ciobanu","8":"t_lucrare-carte","10":"first","11":"instock","12":"shipping-taxable","13":"product-type-simple"},"acf":[],"_links":{"self":[{"href":"https:\/\/www.edituraunmb.ro\/index.php?rest_route=\/wp\/v2\/product\/1479","targetHints":{"allow":["GET"]}}],"collection":[{"href":"https:\/\/www.edituraunmb.ro\/index.php?rest_route=\/wp\/v2\/product"}],"about":[{"href":"https:\/\/www.edituraunmb.ro\/index.php?rest_route=\/wp\/v2\/types\/product"}],"replies":[{"embeddable":true,"href":"https:\/\/www.edituraunmb.ro\/index.php?rest_route=%2Fwp%2Fv2%2Fcomments&post=1479"}],"wp:featuredmedia":[{"embeddable":true,"href":"https:\/\/www.edituraunmb.ro\/index.php?rest_route=\/wp\/v2\/media\/1481"}],"wp:attachment":[{"href":"https:\/\/www.edituraunmb.ro\/index.php?rest_route=%2Fwp%2Fv2%2Fmedia&parent=1479"}],"wp:term":[{"taxonomy":"product_brand","embeddable":true,"href":"https:\/\/www.edituraunmb.ro\/index.php?rest_route=%2Fwp%2Fv2%2Fproduct_brand&post=1479"},{"taxonomy":"product_cat","embeddable":true,"href":"https:\/\/www.edituraunmb.ro\/index.php?rest_route=%2Fwp%2Fv2%2Fproduct_cat&post=1479"},{"taxonomy":"product_tag","embeddable":true,"href":"https:\/\/www.edituraunmb.ro\/index.php?rest_route=%2Fwp%2Fv2%2Fproduct_tag&post=1479"}],"curies":[{"name":"wp","href":"https:\/\/api.w.org\/{rel}","templated":true}]}}