{"id":1625,"date":"2020-10-15T11:42:55","date_gmt":"2020-10-15T08:42:55","guid":{"rendered":"http:\/\/www.edituraunmb.ro\/?product=musicology-today-volume-10-jan-dec-2019"},"modified":"2024-03-18T09:22:00","modified_gmt":"2024-03-18T06:22:00","slug":"musicology-today-volume-10-jan-dec-2019","status":"publish","type":"product","link":"https:\/\/www.edituraunmb.ro\/?product=musicology-today-volume-10-jan-dec-2019","title":{"rendered":"Musicology Today, Volume 10 (Jan-Dec 2019)"},"content":{"rendered":"<p>Volume 10. Issues 37-40, Jan-Dec 2019. Coord. Florinela Popa<\/p>\n<h5 class=\"noindent\">Studies by: Florinela Popa, Jim Samson, Laura Otilia Vasiliu, Anna Dalos, Nicolae Gheorghi\u021b\u0103, Gabriel Banciu, Costin Moisil, Alex Vasiliu, Philip V. Bohlman, John Plemmenos, Feza Tansu\u011f, Constantin Ardeleanu, Derek B. Scott, Avra Xepapadakou, Marijana Kokanovi\u0107 Markovi\u0107, Haiganu\u0219 Preda-Schimek, Dalia Rusu-Persic.<\/h5>\n<h5 class=\"noindent\">Book reviews by: Alexandru Ioni\u021b\u0103, Irina Boga.<\/h5>\n<p>&nbsp;<\/p>\n<p>&nbsp;<\/p>\n","protected":false},"excerpt":{"rendered":"<p>Volume 10. Issues 37-40, Jan-Dec 2019. Coord. Florinela Popa Studies by: Florinela Popa, Jim Samson, Laura Otilia Vasiliu, Anna Dalos, Nicolae Gheorghi\u021b\u0103, Gabriel Banciu, Costin Moisil, Alex Vasiliu, Philip V. Bohlman, John Plemmenos, Feza Tansu\u011f, Constantin Ardeleanu, Derek B. Scott, &hellip; <a href=\"https:\/\/www.edituraunmb.ro\/?product=musicology-today-volume-10-jan-dec-2019\" style=\"padding-left:10px;\">Mai multe detalii<\/a><\/p>\n","protected":false},"featured_media":1629,"comment_status":"closed","ping_status":"closed","template":"","meta":{"_acf_changed":false},"product_brand":[],"product_cat":[698],"product_tag":[712,711,710],"class_list":{"0":"post-1625","1":"product","2":"type-product","3":"status-publish","4":"has-post-thumbnail","6":"product_cat-698","7":"product_tag-muzicologie","8":"product_tag-periodic","9":"product_tag-revista","10":"p_author-volum-colectiv","11":"t_lucrare-musicology-today","13":"first","14":"instock","15":"shipping-taxable","16":"product-type-simple"},"acf":[],"_links":{"self":[{"href":"https:\/\/www.edituraunmb.ro\/index.php?rest_route=\/wp\/v2\/product\/1625","targetHints":{"allow":["GET"]}}],"collection":[{"href":"https:\/\/www.edituraunmb.ro\/index.php?rest_route=\/wp\/v2\/product"}],"about":[{"href":"https:\/\/www.edituraunmb.ro\/index.php?rest_route=\/wp\/v2\/types\/product"}],"replies":[{"embeddable":true,"href":"https:\/\/www.edituraunmb.ro\/index.php?rest_route=%2Fwp%2Fv2%2Fcomments&post=1625"}],"wp:featuredmedia":[{"embeddable":true,"href":"https:\/\/www.edituraunmb.ro\/index.php?rest_route=\/wp\/v2\/media\/1629"}],"wp:attachment":[{"href":"https:\/\/www.edituraunmb.ro\/index.php?rest_route=%2Fwp%2Fv2%2Fmedia&parent=1625"}],"wp:term":[{"taxonomy":"product_brand","embeddable":true,"href":"https:\/\/www.edituraunmb.ro\/index.php?rest_route=%2Fwp%2Fv2%2Fproduct_brand&post=1625"},{"taxonomy":"product_cat","embeddable":true,"href":"https:\/\/www.edituraunmb.ro\/index.php?rest_route=%2Fwp%2Fv2%2Fproduct_cat&post=1625"},{"taxonomy":"product_tag","embeddable":true,"href":"https:\/\/www.edituraunmb.ro\/index.php?rest_route=%2Fwp%2Fv2%2Fproduct_tag&post=1625"}],"curies":[{"name":"wp","href":"https:\/\/api.w.org\/{rel}","templated":true}]}}