{"id":1633,"date":"2020-10-10T16:32:11","date_gmt":"2020-10-10T13:32:11","guid":{"rendered":"http:\/\/www.edituraunmb.ro\/?product=porti-deschise-catre-performanta-muzicala-instrumentala-si-vocala-ghid-pedagogic"},"modified":"2021-03-04T16:57:03","modified_gmt":"2021-03-04T13:57:03","slug":"porti-deschise-catre-performanta-muzicala-instrumentala-si-vocala-ghid-pedagogic","status":"publish","type":"product","link":"https:\/\/www.edituraunmb.ro\/?product=porti-deschise-catre-performanta-muzicala-instrumentala-si-vocala-ghid-pedagogic","title":{"rendered":"Por\u021bi deschise c\u0103tre performan\u021ba muzical\u0103 instrumental\u0103 \u0219i vocal\u0103. Ghid pedagogic."},"content":{"rendered":"<p>coordonatori: C\u0103t\u0103lin Cre\u021bu, Cristina Popescu-St\u0103ne\u0219ti<\/p>\n<p>Titlul \u2013 <em>Por\u021bi deschise<\/em> \u2013 e un simbol ce semnific\u0103 \u00eenainte de toate atitudinea Universit\u0103\u021bii Na\u021bionale de Muzic\u0103 din Bucure\u0219ti \u2013 institu\u021bie p\u0103str\u0103toare \u0219i continuatoare a tradi\u021biei \u0219i civiliza\u021biei dar \u0219i creuzet al permanentei \u00eennoiri muzicale \u2013 aceea de \u00eencurajare a afirm\u0103rii talentului \u0219i de \u00eemplinire a voca\u021biei artistice a tinerilor ce au optat pentru o carier\u0103 muzical\u0103, de protejare a valorilor \u0219i principiilor unei civiliza\u021bii artistice aflat\u0103 \u00een momente de cump\u0103n\u0103, de deschidere \u0219i sprijin pentru to\u021bi cei ce iubesc, necondi\u021bionat, Muzica. N-o s\u0103 g\u0103si\u021bi un manual pedagogic sec, steril, anost. Ve\u021bi \u00eent\u00e2lni un ghid adev\u0103rat, o c\u0103l\u0103uz\u0103 vie din care radiaz\u0103 via\u021ba, experien\u021ba de scen\u0103, d\u0103ruirea pentru aceast\u0103 art\u0103 care deschide inimile oamenilor. Chiar dac\u0103 sunte\u021bi interesa\u021bi cu prec\u0103dere de o anumit\u0103 specializare, fi\u021bi curio\u0219i, privi\u021bi \u0219i spre alte z\u0103ri: instrumentele muzicale sunt diferite, perspectivele pot fi altele \u00een func\u021bie de unghiul din care se pozi\u021bioneaz\u0103 autorii, dar MUZICA este una singur\u0103, iar grija pentru t\u00e2n\u0103ra genera\u021bie este mereu prezent\u0103. (C\u0103t\u0103lin Cre\u021bu, Cristina Popescu-St\u0103ne\u0219ti)<\/p>\n<p>&nbsp;<\/p>\n","protected":false},"excerpt":{"rendered":"<p>Autori: Cristina Popescu-\u00ad\u2010St\u0103ne\u0219ti, Ladislau Csendes, Marin Cazacu, S\u0103ndel Sm\u0103r\u0103ndescu, Ion Bogdan \u0218tef\u0103nescu, Florenel Ionoaia, Emil Vi\u0219enescu, G\u00f6dri Orban, Cristian Borcan, Alexandru Matei, Georgeta Stoleriu, Raluca Matei, Verona Maier. <a href=\"https:\/\/www.edituraunmb.ro\/?product=porti-deschise-catre-performanta-muzicala-instrumentala-si-vocala-ghid-pedagogic\" style=\"padding-left:10px;\">Mai multe detalii<\/a><\/p>\n","protected":false},"featured_media":1635,"comment_status":"closed","ping_status":"closed","template":"","meta":{"_acf_changed":false},"product_brand":[],"product_cat":[698],"product_tag":[774,89,101,775],"class_list":{"0":"post-1633","1":"product","2":"type-product","3":"status-publish","4":"has-post-thumbnail","6":"product_cat-698","7":"product_tag-ghid-pedagogic","8":"product_tag-muzica-de-camera","9":"product_tag-pedagogie","10":"product_tag-performanta","11":"p_author-catalin-cretu","12":"p_author-cristina-popescu-stanesti","13":"t_lucrare-carte","15":"first","16":"instock","17":"shipping-taxable","18":"product-type-simple"},"acf":[],"_links":{"self":[{"href":"https:\/\/www.edituraunmb.ro\/index.php?rest_route=\/wp\/v2\/product\/1633","targetHints":{"allow":["GET"]}}],"collection":[{"href":"https:\/\/www.edituraunmb.ro\/index.php?rest_route=\/wp\/v2\/product"}],"about":[{"href":"https:\/\/www.edituraunmb.ro\/index.php?rest_route=\/wp\/v2\/types\/product"}],"replies":[{"embeddable":true,"href":"https:\/\/www.edituraunmb.ro\/index.php?rest_route=%2Fwp%2Fv2%2Fcomments&post=1633"}],"wp:featuredmedia":[{"embeddable":true,"href":"https:\/\/www.edituraunmb.ro\/index.php?rest_route=\/wp\/v2\/media\/1635"}],"wp:attachment":[{"href":"https:\/\/www.edituraunmb.ro\/index.php?rest_route=%2Fwp%2Fv2%2Fmedia&parent=1633"}],"wp:term":[{"taxonomy":"product_brand","embeddable":true,"href":"https:\/\/www.edituraunmb.ro\/index.php?rest_route=%2Fwp%2Fv2%2Fproduct_brand&post=1633"},{"taxonomy":"product_cat","embeddable":true,"href":"https:\/\/www.edituraunmb.ro\/index.php?rest_route=%2Fwp%2Fv2%2Fproduct_cat&post=1633"},{"taxonomy":"product_tag","embeddable":true,"href":"https:\/\/www.edituraunmb.ro\/index.php?rest_route=%2Fwp%2Fv2%2Fproduct_tag&post=1633"}],"curies":[{"name":"wp","href":"https:\/\/api.w.org\/{rel}","templated":true}]}}