{"id":1636,"date":"2020-11-25T16:57:23","date_gmt":"2020-11-25T13:57:23","guid":{"rendered":"http:\/\/www.edituraunmb.ro\/?product=simfonia-a-iv-a"},"modified":"2021-03-04T18:06:32","modified_gmt":"2021-03-04T15:06:32","slug":"simfonia-a-iv-a","status":"publish","type":"product","link":"https:\/\/www.edituraunmb.ro\/?product=simfonia-a-iv-a","title":{"rendered":"Simfonia a IV-a"},"content":{"rendered":"<p>Schi\u021bat\u0103 \u00een integralitatea sa \u00een 1934, apoi orchestrat\u0103 par\u021bial, Simfonia a IV-a \u00een mi minor de George Enescu a z\u0103cut \u00een manuscris mai mult de jum\u0103tate de secol. \u00cen 1996, dup\u0103 o munc\u0103 de mai mul\u021bi ani de descifrare \u0219i orchestrare, compozitorul Pascal Bentoiu a reu\u0219it s\u0103 finalizeze orchestra\u021bia simfoniei \u0219i s-o propun\u0103 interpre\u021bilor \u0219i publicului. [..] Actuala edi\u021bie a \u00eendreptat \u0219i anumite gre\u0219eli ce apar \u00een partitura general\u0103.[&#8230;] Sunt \u00eendreptate \u00een edi\u021bia de fa\u021b\u0103 \u0219i anumite sc\u0103p\u0103ri, at\u00e2t \u00een grafia lui Enescu, c\u00e2t \u0219i \u00een cea a lui Bentoiu: acciden\u021bi care lipsesc sau sunt gre\u0219it pu\u0219i, lipsa semnului de octavizare, a unor legato-uri de prelungire etc. Un rol determinant l-a avut flautistul \u0219i dirijorul \u0218tefan<br \/>\nDiaconu, a c\u0103rui d\u0103ruire \u0219i munc\u0103 asidu\u0103 a asigurat forma grafic\u0103 a simfoniei enesciene, dup\u0103 o minu\u021bioas\u0103 descifrare \u0219i scriere electronic\u0103 (\u00een programul Dorico) a fiec\u0103rui semn din partitura lui Enescu \u0219i Bentoiu.(Dan Dediu)<\/p>\n<p>Sketched in its entirety in 1934, then partially orchestrated, George Enescu\u2019s Fourth Symphony in E minor has been left in manuscript for more than half a century. In 1996, after several years of deciphering and orchestration, the composer Pascal Bentoiu managed to complete the orchestration of the symphony and offer it to the performers and the audience.[..] The current edition has also adjusted some errors that appear in the general score. [..] In this edition, some mistakes are also adjusted, both in Enescu\u2019s and Bentoiu\u2019s writing: missing or misplaced accidentals, absence of the octave sign, some slurs, etc. A decisive role was played by the flutist and conductor \u0218tefan Diaconu, whose commitment and hard work ensured the graphic form of Enescu\u2019s symphony, after careful deciphering and electronic<br \/>\nwriting (in the Dorico program) of every sign in the scores of Enescu and Bentoiu. (Dan Dediu)<\/p>\n<p>Partitur\u0103 publicat\u0103 \u00een dou\u0103 formate: de concert (A3) \u0219i de studiu (A4).<\/p>\n","protected":false},"excerpt":{"rendered":"<p>Partitur\u0103 ap\u0103rut\u0103 \u00een cadrul proiectului UNMB \u201e<em>Centre for Nineteenth-Century Music Studies\u201d<\/em> finan\u021bat de Fondul de dezvoltare institu\u021bional\u0103: CNFIS-FDI-2020-0067.<\/p>\n<p>Edi\u021bie princeps. <a href=\"https:\/\/www.edituraunmb.ro\/?product=simfonia-a-iv-a\" style=\"padding-left:10px;\">Mai multe detalii<\/a><\/p>\n","protected":false},"featured_media":1639,"comment_status":"closed","ping_status":"closed","template":"","meta":{"_acf_changed":false},"product_brand":[],"product_cat":[698],"product_tag":[780,783,113,779],"class_list":{"0":"post-1636","1":"product","2":"type-product","3":"status-publish","4":"has-post-thumbnail","6":"product_cat-698","7":"product_tag-capodopere-enesciene","8":"product_tag-editie-princeps","9":"product_tag-muzica-romaneasca","10":"product_tag-simfonie","11":"p_author-george-enescu","12":"t_lucrare-partitura","14":"first","15":"instock","16":"shipping-taxable","17":"product-type-simple"},"acf":[],"_links":{"self":[{"href":"https:\/\/www.edituraunmb.ro\/index.php?rest_route=\/wp\/v2\/product\/1636","targetHints":{"allow":["GET"]}}],"collection":[{"href":"https:\/\/www.edituraunmb.ro\/index.php?rest_route=\/wp\/v2\/product"}],"about":[{"href":"https:\/\/www.edituraunmb.ro\/index.php?rest_route=\/wp\/v2\/types\/product"}],"replies":[{"embeddable":true,"href":"https:\/\/www.edituraunmb.ro\/index.php?rest_route=%2Fwp%2Fv2%2Fcomments&post=1636"}],"wp:featuredmedia":[{"embeddable":true,"href":"https:\/\/www.edituraunmb.ro\/index.php?rest_route=\/wp\/v2\/media\/1639"}],"wp:attachment":[{"href":"https:\/\/www.edituraunmb.ro\/index.php?rest_route=%2Fwp%2Fv2%2Fmedia&parent=1636"}],"wp:term":[{"taxonomy":"product_brand","embeddable":true,"href":"https:\/\/www.edituraunmb.ro\/index.php?rest_route=%2Fwp%2Fv2%2Fproduct_brand&post=1636"},{"taxonomy":"product_cat","embeddable":true,"href":"https:\/\/www.edituraunmb.ro\/index.php?rest_route=%2Fwp%2Fv2%2Fproduct_cat&post=1636"},{"taxonomy":"product_tag","embeddable":true,"href":"https:\/\/www.edituraunmb.ro\/index.php?rest_route=%2Fwp%2Fv2%2Fproduct_tag&post=1636"}],"curies":[{"name":"wp","href":"https:\/\/api.w.org\/{rel}","templated":true}]}}