{"id":1641,"date":"2020-12-01T17:40:33","date_gmt":"2020-12-01T14:40:33","guid":{"rendered":"http:\/\/www.edituraunmb.ro\/?product=19th-century-salon-music-from-the-balkans"},"modified":"2021-09-28T10:35:48","modified_gmt":"2021-09-28T07:35:48","slug":"19th-century-salon-music-from-the-balkans","status":"publish","type":"product","link":"https:\/\/www.edituraunmb.ro\/?product=19th-century-salon-music-from-the-balkans","title":{"rendered":"19th-Century Salon Music from the Balkans"},"content":{"rendered":"<p class=\"yiv2945428734msonormal\" style=\"margin-bottom: 0cm; line-height: 115%; background: white;\"><span style=\"font-size: 10.0pt; line-height: 115%; font-family: 'Helvetica',sans-serif; color: #1d2228;\">In the past years, the Doctoral School and the Research, Innovation and Information De\u00adpartment of the National University of Music Bucharest (UNMB) ran, in partnership with universities, research institutes and specialized professional bodies in Romania and ab\u00adroad several major interdisciplinary projects of interest in local and international musicolo\u00adgical research.<\/span><\/p>\n<p class=\"yiv2945428734msonormal\" style=\"margin: 0cm; line-height: 115%; background: white;\"><span style=\"font-size: 10.0pt; line-height: 115%; font-family: 'Helvetica',sans-serif; color: #1d2228;\">One such project aimed to study the remarkable socio-cultural institution which deeply marked the long 19th century, the salon, not only considered for its musical contribution, but also seen as an essential tool in the affirmation of modernity, an instrument of transfer, one to construct the social and cultural identity of European elites and in particular of those develop\u00ading in the Balkans in their intense wish to synchronize with Western taste.<\/span><\/p>\n<p class=\"yiv2945428734msonormal\" style=\"margin: 0cm; line-height: 115%; background: white; font-variant-ligatures: normal; font-variant-caps: normal; orphans: 2; widows: 2; -webkit-text-stroke-width: 0px; text-decoration-thickness: initial; text-decoration-style: initial; text-decoration-color: initial; word-spacing: 0px;\"><span style=\"font-size: 10.0pt; line-height: 115%; font-family: 'Helvetica',sans-serif; color: #1d2228;\">Despite the Covid-19-generated avatars, the successful dedicated academic collabora\u00adtions determined the UNMB to continue its projects, so that in 2020 it created the Centre for 19th-Century Music Studies (CNCMS), three issues of Musicology Today and of George Enescu&#8217;s Symphony no. 4 completed by Pascal Bentoiu with an introductory study <\/span><\/p>\n<p class=\"yiv2945428734msonormal noindent\" style=\"margin: 0cm; line-height: 115%; background: white; font-variant-ligatures: normal; font-variant-caps: normal; orphans: 2; widows: 2; -webkit-text-stroke-width: 0px; text-decoration-thickness: initial; text-decoration-style: initial; text-decoration-color: initial; word-spacing: 0px;\"><span style=\"font-size: 10.0pt; line-height: 115%; font-family: 'Helvetica',sans-serif; color: #1d2228;\">by Dan Dediu.<\/span><\/p>\n<p class=\"yiv2945428734msonormal\" style=\"margin: 0cm; line-height: 115%; background: white; font-variant-ligatures: normal; font-variant-caps: normal; orphans: 2; widows: 2; -webkit-text-stroke-width: 0px; text-decoration-thickness: initial; text-decoration-style: initial; text-decoration-color: initial; word-spacing: 0px;\"><span style=\"font-size: 10.0pt; line-height: 115%; font-family: 'Helvetica',sans-serif; color: #1d2228;\">An exceptional outcome of both these collaborations and the project itself is\u00a0 the anthol\u00adogy 19th-Century Salon Music from the Balkans, the first of its kind. The seven researchers who ventured to investigate archives in order to identify, and to carry out the critical editing of, the thirty-two miniatures are renowned musicologists from Austria, Cyprus, Greece, Serbia and Romania: Haiganu\u0219 Preda-Schimek (Vienna), Avra Xepapadakou (University of Nicosia), Alexandros Charkiolakis (The Friends of Music Society, Athens), Marijana Kokanovi\u0107 Markovi\u0107 (University of Novi Sad), Dalia Simona Rusu-Persic (George Enescu National University of Arts, Ia\u0219i), Emese S\u00f3falvi\u00a0 (Babe\u0219-Bolyai University, Cluj-Napoca), Erich T\u00fcrk (Gheorghe Dima National Academy of Music, Cluj-Napoca).<\/span><\/p>\n<p class=\"yiv2945428734msonormal\" style=\"margin: 0cm; line-height: 115%; background: white; font-variant-ligatures: normal; font-variant-caps: normal; orphans: 2; widows: 2; -webkit-text-stroke-width: 0px; text-decoration-thickness: initial; text-decoration-style: initial; text-decoration-color: initial; word-spacing: 0px;\"><span style=\"font-size: 10.0pt; line-height: 115%; font-family: 'Helvetica',sans-serif; color: #1d2228;\">The featured miniatures have a certain diversity of timbral combinations: if most of them are for solo piano, there are also some duets for voice and piano or even pieces for voice with cello and piano accompaniment. They are introduced by remarkable studies with comprehen\u00adsive analyses, comments and annotations on each group of works, their origin, authors, so\u00adcio-cultural context and targeted audience etc., the musicologists thus offering an illustrative synthesis of the genre which had a profound effect on the construction of musical ambiances of 19th-century Balkans elites, in this case Greece, Serbia and the Romanian principalities of Wallachia, Moldavia, and Transylvania. (Nicolae Gheorghi\u021b\u0103, Editor)<\/span><\/p>\n","protected":false},"excerpt":{"rendered":"<p>Anthology published within the framework of the UNMB project <em>Centre for Nineteenth-Century Music Studies<\/em> financed by the Institutional Development Fund: CNFIS-FDI-2020-0067. \/ Antologie ap\u0103rut\u0103 \u00een cadrul proiectului UNMB <em>Centre for Nineteenth-Century Music Studies<\/em>\u00a0finan\u021bat de Fondul de dezvoltare institu\u021bional\u0103: CNFIS-FDI-2020-0067. <a href=\"https:\/\/www.edituraunmb.ro\/?product=19th-century-salon-music-from-the-balkans\" style=\"padding-left:10px;\">Mai multe detalii<\/a><\/p>\n","protected":false},"featured_media":1672,"comment_status":"closed","ping_status":"closed","template":"","meta":{"_acf_changed":false},"product_brand":[],"product_cat":[698],"product_tag":[803,786,804,787],"class_list":{"0":"post-1641","1":"product","2":"type-product","3":"status-publish","4":"has-post-thumbnail","6":"product_cat-698","7":"product_tag-19th-century","8":"product_tag-balkans","9":"product_tag-piano","10":"product_tag-salon-music","11":"p_author-nicolae-gheorghita-editor","12":"t_lucrare-carte","14":"first","15":"instock","16":"shipping-taxable","17":"product-type-simple"},"acf":[],"_links":{"self":[{"href":"https:\/\/www.edituraunmb.ro\/index.php?rest_route=\/wp\/v2\/product\/1641","targetHints":{"allow":["GET"]}}],"collection":[{"href":"https:\/\/www.edituraunmb.ro\/index.php?rest_route=\/wp\/v2\/product"}],"about":[{"href":"https:\/\/www.edituraunmb.ro\/index.php?rest_route=\/wp\/v2\/types\/product"}],"replies":[{"embeddable":true,"href":"https:\/\/www.edituraunmb.ro\/index.php?rest_route=%2Fwp%2Fv2%2Fcomments&post=1641"}],"wp:featuredmedia":[{"embeddable":true,"href":"https:\/\/www.edituraunmb.ro\/index.php?rest_route=\/wp\/v2\/media\/1672"}],"wp:attachment":[{"href":"https:\/\/www.edituraunmb.ro\/index.php?rest_route=%2Fwp%2Fv2%2Fmedia&parent=1641"}],"wp:term":[{"taxonomy":"product_brand","embeddable":true,"href":"https:\/\/www.edituraunmb.ro\/index.php?rest_route=%2Fwp%2Fv2%2Fproduct_brand&post=1641"},{"taxonomy":"product_cat","embeddable":true,"href":"https:\/\/www.edituraunmb.ro\/index.php?rest_route=%2Fwp%2Fv2%2Fproduct_cat&post=1641"},{"taxonomy":"product_tag","embeddable":true,"href":"https:\/\/www.edituraunmb.ro\/index.php?rest_route=%2Fwp%2Fv2%2Fproduct_tag&post=1641"}],"curies":[{"name":"wp","href":"https:\/\/api.w.org\/{rel}","templated":true}]}}