{"id":1661,"date":"2020-10-25T13:55:33","date_gmt":"2020-10-25T10:55:33","guid":{"rendered":"http:\/\/www.edituraunmb.ro\/?post_type=product&#038;p=1661"},"modified":"2021-05-17T14:22:46","modified_gmt":"2021-05-17T11:22:46","slug":"violoncelul-solist-in-literatura-concertanta-romantica","status":"publish","type":"product","link":"https:\/\/www.edituraunmb.ro\/?product=violoncelul-solist-in-literatura-concertanta-romantica","title":{"rendered":"Violoncelul solist \u00een literatura concertant\u0103 romantic\u0103"},"content":{"rendered":"<p>Violoncelul zilelor noastre este un instrument extrem de complex, iar o particularitate foarte important\u0103 a sonorit\u0103\u021bii sale este asem\u0103narea timbrului cu cel al vocii umane\u201a acest aspect oferindu-i \u0219ansa de a realiza relativ mai u\u0219or atingerea idealului majorit\u0103\u021bii instrumentelor: imitarea glasului uman. Probabil c\u0103 aceast\u0103 calitate este cea care justific\u0103 prezen\u021ba violoncelului pe podiumul instrumentelor cu valen\u021be sonore solistice, al\u0103turi de pian \u0219i vioar\u0103.\u00a0 \u00a0 \u00a0 \u00a0 \u00a0 \u00a0 \u00a0 (Octavian Alin Lup)<\/p>\n","protected":false},"excerpt":{"rendered":"<p>Violoncelul zilelor noastre este un instrument extrem de complex, iar o particularitate foarte important\u0103 a sonorit\u0103\u021bii sale este asem\u0103narea timbrului cu cel al vocii umane\u201a acest aspect oferindu-i \u0219ansa de a realiza relativ mai u\u0219or atingerea idealului majorit\u0103\u021bii instrumentelor: imitarea &hellip; <a href=\"https:\/\/www.edituraunmb.ro\/?product=violoncelul-solist-in-literatura-concertanta-romantica\" style=\"padding-left:10px;\">Mai multe detalii<\/a><\/p>\n","protected":false},"featured_media":1663,"comment_status":"closed","ping_status":"closed","template":"","meta":{"_acf_changed":false},"product_brand":[],"product_cat":[698],"product_tag":[794,792,793,615,94],"class_list":{"0":"post-1661","1":"product","2":"type-product","3":"status-publish","4":"has-post-thumbnail","6":"product_cat-698","7":"product_tag-concert-pentru-violoncel","8":"product_tag-dvorak","9":"product_tag-elgar","10":"product_tag-schumann","11":"product_tag-violoncel","12":"p_author-octavian-alin-lup","13":"t_lucrare-carte","15":"first","16":"instock","17":"shipping-taxable","18":"product-type-simple"},"acf":[],"_links":{"self":[{"href":"https:\/\/www.edituraunmb.ro\/index.php?rest_route=\/wp\/v2\/product\/1661","targetHints":{"allow":["GET"]}}],"collection":[{"href":"https:\/\/www.edituraunmb.ro\/index.php?rest_route=\/wp\/v2\/product"}],"about":[{"href":"https:\/\/www.edituraunmb.ro\/index.php?rest_route=\/wp\/v2\/types\/product"}],"replies":[{"embeddable":true,"href":"https:\/\/www.edituraunmb.ro\/index.php?rest_route=%2Fwp%2Fv2%2Fcomments&post=1661"}],"wp:featuredmedia":[{"embeddable":true,"href":"https:\/\/www.edituraunmb.ro\/index.php?rest_route=\/wp\/v2\/media\/1663"}],"wp:attachment":[{"href":"https:\/\/www.edituraunmb.ro\/index.php?rest_route=%2Fwp%2Fv2%2Fmedia&parent=1661"}],"wp:term":[{"taxonomy":"product_brand","embeddable":true,"href":"https:\/\/www.edituraunmb.ro\/index.php?rest_route=%2Fwp%2Fv2%2Fproduct_brand&post=1661"},{"taxonomy":"product_cat","embeddable":true,"href":"https:\/\/www.edituraunmb.ro\/index.php?rest_route=%2Fwp%2Fv2%2Fproduct_cat&post=1661"},{"taxonomy":"product_tag","embeddable":true,"href":"https:\/\/www.edituraunmb.ro\/index.php?rest_route=%2Fwp%2Fv2%2Fproduct_tag&post=1661"}],"curies":[{"name":"wp","href":"https:\/\/api.w.org\/{rel}","templated":true}]}}