{"id":1677,"date":"2020-03-25T09:47:58","date_gmt":"2020-03-25T06:47:58","guid":{"rendered":"http:\/\/www.edituraunmb.ro\/?product=muzici-ale-saloanelor-din-principatele-romane-in-prima-jumatate-a-secolului-al-xix-lea-vol-ii"},"modified":"2024-06-06T14:37:19","modified_gmt":"2024-06-06T11:37:19","slug":"muzici-ale-saloanelor-din-principatele-romane-in-prima-jumatate-a-secolului-al-xix-lea-vol-ii","status":"publish","type":"product","link":"https:\/\/www.edituraunmb.ro\/?product=muzici-ale-saloanelor-din-principatele-romane-in-prima-jumatate-a-secolului-al-xix-lea-vol-ii","title":{"rendered":"Muzici ale saloanelor din Principatele Rom\u00e2ne \u00een prima jum\u0103tate a secolului al XIX-lea (vol. II)"},"content":{"rendered":"<p>D\u0103ruit la 1 august 1824, de mademoiselle Euphrosina Ghyka, doamnei Elisabetta Franchini, ca gest de prietenie, \u00een timp ce acestea se aflau la Odesa, manuscrisul nr. 2663 de la Biblioteca Academiei Rom\u00e2ne din Bucure\u0219ti a fost \u00eentocmit, cel mai probabil, de-a lungul c\u00e2torva ani, dovad\u0103 fiind num\u0103rul mare de pagini al codicelui, precum \u0219i diversitatea \u0219i eterogenitatea muzicilor consemnate de mai multe m\u00e2ini, ale c\u0103ror grafii pot fi lesne diferen\u021biate. Valoarea documentar\u0103 a manuscrisului nr. 2663 de la BAR este una mai mult dec\u00e2t relevant\u0103. Amploarea antologiei (152 de pagini) \u0219i num\u0103rul mare de piese pe care aceasta le con\u021bine (168!) sunt un alt argument al excep\u021bionalit\u0103\u021bii codicelui. (Nicolae Gheorghi\u021b\u0103)<\/p>\n","protected":false},"excerpt":{"rendered":"<p>Partitur\u0103 ap\u0103rut\u0103 \u00een cadrul proiectului UNMB \u201e<em>Muzicile Elitelor. Orient \u0219i Occident \u00een muzicile saloanelor princiare \u0219i boiere\u0219ti din Principatele Rom\u00e2ne \u00een secolul al XIX-lea\u201d<\/em>\u00a0finan\u021bat de Fondul de dezvoltare institu\u021bional\u0103: CNFIS-FDI-2019-0171. <a href=\"https:\/\/www.edituraunmb.ro\/?product=muzici-ale-saloanelor-din-principatele-romane-in-prima-jumatate-a-secolului-al-xix-lea-vol-ii\" style=\"padding-left:10px;\">Mai multe detalii<\/a><\/p>\n","protected":false},"featured_media":1680,"comment_status":"closed","ping_status":"closed","template":"","meta":{"_acf_changed":false},"product_brand":[],"product_cat":[664],"product_tag":[684,93,683],"class_list":{"0":"post-1677","1":"product","2":"type-product","3":"status-publish","4":"has-post-thumbnail","6":"product_cat-664","7":"product_tag-muzica-de-salon","8":"product_tag-pian","9":"product_tag-secolul-al-xix-lea","10":"p_author-nicolae-gheorghita-editor","11":"t_lucrare-partitura","13":"first","14":"instock","15":"shipping-taxable","16":"product-type-simple"},"acf":[],"_links":{"self":[{"href":"https:\/\/www.edituraunmb.ro\/index.php?rest_route=\/wp\/v2\/product\/1677","targetHints":{"allow":["GET"]}}],"collection":[{"href":"https:\/\/www.edituraunmb.ro\/index.php?rest_route=\/wp\/v2\/product"}],"about":[{"href":"https:\/\/www.edituraunmb.ro\/index.php?rest_route=\/wp\/v2\/types\/product"}],"replies":[{"embeddable":true,"href":"https:\/\/www.edituraunmb.ro\/index.php?rest_route=%2Fwp%2Fv2%2Fcomments&post=1677"}],"wp:featuredmedia":[{"embeddable":true,"href":"https:\/\/www.edituraunmb.ro\/index.php?rest_route=\/wp\/v2\/media\/1680"}],"wp:attachment":[{"href":"https:\/\/www.edituraunmb.ro\/index.php?rest_route=%2Fwp%2Fv2%2Fmedia&parent=1677"}],"wp:term":[{"taxonomy":"product_brand","embeddable":true,"href":"https:\/\/www.edituraunmb.ro\/index.php?rest_route=%2Fwp%2Fv2%2Fproduct_brand&post=1677"},{"taxonomy":"product_cat","embeddable":true,"href":"https:\/\/www.edituraunmb.ro\/index.php?rest_route=%2Fwp%2Fv2%2Fproduct_cat&post=1677"},{"taxonomy":"product_tag","embeddable":true,"href":"https:\/\/www.edituraunmb.ro\/index.php?rest_route=%2Fwp%2Fv2%2Fproduct_tag&post=1677"}],"curies":[{"name":"wp","href":"https:\/\/api.w.org\/{rel}","templated":true}]}}