{"id":1687,"date":"2020-10-06T10:54:18","date_gmt":"2020-10-06T07:54:18","guid":{"rendered":"http:\/\/www.edituraunmb.ro\/?post_type=product&#038;p=1687"},"modified":"2022-10-06T14:25:43","modified_gmt":"2022-10-06T11:25:43","slug":"metoda-de-corn-exercitii-zilnice","status":"publish","type":"product","link":"https:\/\/www.edituraunmb.ro\/?product=metoda-de-corn-exercitii-zilnice","title":{"rendered":"Metod\u0103 de corn. Exerci\u021bii zilnice."},"content":{"rendered":"<p>\u00cenc\u0103 din anii de studen\u021bie mi-a pl\u0103cut s\u0103 experimentez diferite stiluri de \u00eenc\u0103lzire pentru a g\u0103si modalitatea prin care s\u0103 dau cel mai bun randament fie c\u0103 am repeti\u021bie, concert sau este o zi obi\u0219nuit\u0103 de studiu. \u00cen ace\u0219ti aproape dou\u0103zeci de ani de c\u0103ut\u0103ri am \u00eencercat mai multe variante. Ini\u021bial \u00eencepeam \u00eenc\u0103lzirea cu note lungi, aproximativ 30 de minute, apoi am variat cu notele lungi c\u00e2ntate cromatic \u2013 ascendent \u0219i descendent, pentru ca mai t\u00e2rziu s\u0103 descop\u0103r avantajele pe care le ob\u021bii atunci c\u00e2nd c\u00e2n\u021bi arpegii pe pozi\u021bie fix\u0103. Sistemul pe care \u00eel folosesc \u00een acest moment reprezint\u0103 o combina\u021bie de exerci\u021bii pe care le g\u0103sesc extrem de utile pentru definirea tehnicii cornistice, iar aici includ calitatea timbral\u0103, flexibilitatea, claritatea articula\u021biei \u0219i, poate cel mai important, o circula\u021bie bun\u0103 a aerului. Aceasta metod\u0103 este scris\u0103 at\u00e2t pentru studen\u021bi, c\u00e2t \u0219i pentru to\u021bi corni\u0219tii care \u00eenc\u0103 sunt \u00een c\u0103utare de variante pentru a-\u0219i dezvolta c\u00e2ntatul la corn. (Cristian Borcan)<\/p>\n","protected":false},"excerpt":{"rendered":"<p>\u00cenc\u0103 din anii de studen\u021bie mi-a pl\u0103cut s\u0103 experimentez diferite stiluri de \u00eenc\u0103lzire pentru a g\u0103si modalitatea prin care s\u0103 dau cel mai bun randament fie c\u0103 am repeti\u021bie, concert sau este o zi obi\u0219nuit\u0103 de studiu. \u00cen ace\u0219ti aproape &hellip; <a href=\"https:\/\/www.edituraunmb.ro\/?product=metoda-de-corn-exercitii-zilnice\" style=\"padding-left:10px;\">Mai multe detalii<\/a><\/p>\n","protected":false},"featured_media":1689,"comment_status":"closed","ping_status":"closed","template":"","meta":{"_acf_changed":false},"product_brand":[],"product_cat":[698],"product_tag":[810,812,811],"class_list":{"0":"post-1687","1":"product","2":"type-product","3":"status-publish","4":"has-post-thumbnail","6":"product_cat-698","7":"product_tag-corn","8":"product_tag-material-didactic","9":"product_tag-metoda","10":"p_author-cristian-borcan","11":"t_lucrare-carte","12":"t_lucrare-curs","14":"first","15":"instock","16":"shipping-taxable","17":"product-type-simple"},"acf":[],"_links":{"self":[{"href":"https:\/\/www.edituraunmb.ro\/index.php?rest_route=\/wp\/v2\/product\/1687","targetHints":{"allow":["GET"]}}],"collection":[{"href":"https:\/\/www.edituraunmb.ro\/index.php?rest_route=\/wp\/v2\/product"}],"about":[{"href":"https:\/\/www.edituraunmb.ro\/index.php?rest_route=\/wp\/v2\/types\/product"}],"replies":[{"embeddable":true,"href":"https:\/\/www.edituraunmb.ro\/index.php?rest_route=%2Fwp%2Fv2%2Fcomments&post=1687"}],"wp:featuredmedia":[{"embeddable":true,"href":"https:\/\/www.edituraunmb.ro\/index.php?rest_route=\/wp\/v2\/media\/1689"}],"wp:attachment":[{"href":"https:\/\/www.edituraunmb.ro\/index.php?rest_route=%2Fwp%2Fv2%2Fmedia&parent=1687"}],"wp:term":[{"taxonomy":"product_brand","embeddable":true,"href":"https:\/\/www.edituraunmb.ro\/index.php?rest_route=%2Fwp%2Fv2%2Fproduct_brand&post=1687"},{"taxonomy":"product_cat","embeddable":true,"href":"https:\/\/www.edituraunmb.ro\/index.php?rest_route=%2Fwp%2Fv2%2Fproduct_cat&post=1687"},{"taxonomy":"product_tag","embeddable":true,"href":"https:\/\/www.edituraunmb.ro\/index.php?rest_route=%2Fwp%2Fv2%2Fproduct_tag&post=1687"}],"curies":[{"name":"wp","href":"https:\/\/api.w.org\/{rel}","templated":true}]}}