{"id":1701,"date":"2022-04-30T15:12:28","date_gmt":"2022-04-30T12:12:28","guid":{"rendered":"http:\/\/www.edituraunmb.ro\/?post_type=product&#038;p=1701"},"modified":"2022-10-06T16:34:28","modified_gmt":"2022-10-06T13:34:28","slug":"tema-cu-variatiuni-ostinato-editia-a-ii-a","status":"publish","type":"product","link":"https:\/\/www.edituraunmb.ro\/?product=tema-cu-variatiuni-ostinato-editia-a-ii-a","title":{"rendered":"Tem\u0103 cu varia\u021biuni &#038; Ostinato (edi\u021bia a II-a)"},"content":{"rendered":"<p>Ambele lucr\u0103ri au fost scrise \u00een timpul studiilor mele de compozi\u021bie din cadrul Conservatorului \u201eCiprian Porumbescu\u201d (actuala Universitate Na\u021bional\u0103 de Muzic\u0103 Bucure\u0219ti), desf\u0103\u0219urate sub \u00eendrumarea profesorului Mar\u021bian Negrea, c\u0103ruia \u00eei datorez una dintre cele mai importante etape din formarea mea ca muzician. Tema cu Varia\u021biuni este bazat\u0103 pe o melodie popular\u0103 din Transilvania, \u00een timp ce Ostinato, \u00een form\u0103 de scherzo (A B A\u2019), dezvolt\u0103 o pianistic\u0103 de \u00eenalt\u0103 virtuozitate, pe un fundal ritmic care se desf\u0103\u0219oar\u0103 pe parcursul \u00eentregii lucr\u0103ri. Se recomand\u0103 ca cele dou\u0103 piese s\u0103 fie c\u00e2ntate \u00eempreun\u0103 (ca un ciclu unitar), datorit\u0103 coresponden\u021belor la nivel formal \u0219i ambiental.<br \/>\nPrezenta edi\u021bie a II-a a lucr\u0103rii Tem\u0103 cu varia\u021biuni cuprinde informa\u021bii suplimentare privind interpretarea acestei lucr\u0103ri, ad\u0103ugate de compozitor la \u00eenceputul anului 2022. Nu au fost f\u0103cute modific\u0103ri sau ad\u0103ugiri la lucrarea Ostinato.<\/p>\n","protected":false},"excerpt":{"rendered":"<p>Ambele lucr\u0103ri au fost scrise \u00een timpul studiilor mele de compozi\u021bie din cadrul Conservatorului \u201eCiprian Porumbescu\u201d (actuala Universitate Na\u021bional\u0103 de Muzic\u0103 Bucure\u0219ti), desf\u0103\u0219urate sub \u00eendrumarea profesorului Mar\u021bian Negrea, c\u0103ruia \u00eei datorez una dintre cele mai importante etape din formarea mea &hellip; <a href=\"https:\/\/www.edituraunmb.ro\/?product=tema-cu-variatiuni-ostinato-editia-a-ii-a\" style=\"padding-left:10px;\">Mai multe detalii<\/a><\/p>\n","protected":false},"featured_media":1703,"comment_status":"closed","ping_status":"closed","template":"","meta":{"_acf_changed":false},"product_brand":[],"product_cat":[821],"product_tag":[640,639],"class_list":{"0":"post-1701","1":"product","2":"type-product","3":"status-publish","4":"has-post-thumbnail","6":"product_cat-821","7":"product_tag-ostinato","8":"product_tag-tema-cu-variatiuni","9":"p_author-nicolae-brandus","10":"t_lucrare-partitura","12":"first","13":"instock","14":"shipping-taxable","15":"product-type-simple"},"acf":[],"_links":{"self":[{"href":"https:\/\/www.edituraunmb.ro\/index.php?rest_route=\/wp\/v2\/product\/1701","targetHints":{"allow":["GET"]}}],"collection":[{"href":"https:\/\/www.edituraunmb.ro\/index.php?rest_route=\/wp\/v2\/product"}],"about":[{"href":"https:\/\/www.edituraunmb.ro\/index.php?rest_route=\/wp\/v2\/types\/product"}],"replies":[{"embeddable":true,"href":"https:\/\/www.edituraunmb.ro\/index.php?rest_route=%2Fwp%2Fv2%2Fcomments&post=1701"}],"wp:featuredmedia":[{"embeddable":true,"href":"https:\/\/www.edituraunmb.ro\/index.php?rest_route=\/wp\/v2\/media\/1703"}],"wp:attachment":[{"href":"https:\/\/www.edituraunmb.ro\/index.php?rest_route=%2Fwp%2Fv2%2Fmedia&parent=1701"}],"wp:term":[{"taxonomy":"product_brand","embeddable":true,"href":"https:\/\/www.edituraunmb.ro\/index.php?rest_route=%2Fwp%2Fv2%2Fproduct_brand&post=1701"},{"taxonomy":"product_cat","embeddable":true,"href":"https:\/\/www.edituraunmb.ro\/index.php?rest_route=%2Fwp%2Fv2%2Fproduct_cat&post=1701"},{"taxonomy":"product_tag","embeddable":true,"href":"https:\/\/www.edituraunmb.ro\/index.php?rest_route=%2Fwp%2Fv2%2Fproduct_tag&post=1701"}],"curies":[{"name":"wp","href":"https:\/\/api.w.org\/{rel}","templated":true}]}}