{"id":1716,"date":"2021-12-07T14:30:38","date_gmt":"2021-12-07T11:30:38","guid":{"rendered":"http:\/\/www.edituraunmb.ro\/?post_type=product&#038;p=1716"},"modified":"2024-02-07T14:43:27","modified_gmt":"2024-02-07T11:43:27","slug":"readymade-si-tehnici-componistice-contemporane","status":"publish","type":"product","link":"https:\/\/www.edituraunmb.ro\/?product=readymade-si-tehnici-componistice-contemporane","title":{"rendered":"Readymade \u0219i tehnici componistice contemporane"},"content":{"rendered":"<p>Volumul de fa\u021b\u0103 con\u021bine rezultate ale efortului de cerce\u00adtare \u0219i crea\u021bie depus \u00een timpul studiilor doctorale. La acestea sunt ad\u0103ugate comentarii pe marginea unei selec\u021bii de lucr\u0103ri proprii compuse dup\u0103 conferirea titlului de doctor \u00een muzic\u0103, care sunt tributare principiului <em>readymade<\/em>. (Vlad H\u00eerlav-Maistorovici)<\/p>\n<p class=\"noindent\">Transformat \u00eentr-un veritabil muzicolog, Vlad H\u00eerlav Maistorovici depune mai \u00eent\u00e2i efortul de cristalizare teoretic\u0103 a temei principale. Este obligat s\u0103 porneasc\u0103 investiga\u021bia de la \u00eenceputuri, anume de la arta plastic\u0103 \u0219i exponentul s\u0103u Marcel Duchamp. \u00cen explica\u021biile sale, Vlad H\u00eerlav Maistorovici puncteaz\u0103 elementele de ingeniozitate, de inteligent\u0103 refolosire a materialelor preexistente, de reinventare, mijloace care hr\u0103nesc imagina\u021bia artistului contemporan nonconformist. (Antigona R\u0103dulescu)<\/p>\n","protected":false},"excerpt":{"rendered":"<p>Volumul de fa\u021b\u0103 con\u021bine rezultate ale efortului de cerce\u00adtare \u0219i crea\u021bie depus \u00een timpul studiilor doctorale. La acestea sunt ad\u0103ugate comentarii pe marginea unei selec\u021bii de lucr\u0103ri proprii compuse dup\u0103 conferirea titlului de doctor \u00een muzic\u0103, care sunt tributare principiului &hellip; <a href=\"https:\/\/www.edituraunmb.ro\/?product=readymade-si-tehnici-componistice-contemporane\" style=\"padding-left:10px;\">Mai multe detalii<\/a><\/p>\n","protected":false},"featured_media":1719,"comment_status":"closed","ping_status":"closed","template":"","meta":{"_acf_changed":false},"product_brand":[],"product_cat":[815],"product_tag":[707,835,833,834],"class_list":{"0":"post-1716","1":"product","2":"type-product","3":"status-publish","4":"has-post-thumbnail","6":"product_cat-815","7":"product_tag-analiza-muzicala","8":"product_tag-muzica-contemporana","9":"product_tag-readymade","10":"product_tag-tehnici-de-compozitie","11":"p_author-vlad-hirlav-maistorovici","12":"t_lucrare-carte","14":"first","15":"instock","16":"shipping-taxable","17":"product-type-simple"},"acf":[],"_links":{"self":[{"href":"https:\/\/www.edituraunmb.ro\/index.php?rest_route=\/wp\/v2\/product\/1716","targetHints":{"allow":["GET"]}}],"collection":[{"href":"https:\/\/www.edituraunmb.ro\/index.php?rest_route=\/wp\/v2\/product"}],"about":[{"href":"https:\/\/www.edituraunmb.ro\/index.php?rest_route=\/wp\/v2\/types\/product"}],"replies":[{"embeddable":true,"href":"https:\/\/www.edituraunmb.ro\/index.php?rest_route=%2Fwp%2Fv2%2Fcomments&post=1716"}],"wp:featuredmedia":[{"embeddable":true,"href":"https:\/\/www.edituraunmb.ro\/index.php?rest_route=\/wp\/v2\/media\/1719"}],"wp:attachment":[{"href":"https:\/\/www.edituraunmb.ro\/index.php?rest_route=%2Fwp%2Fv2%2Fmedia&parent=1716"}],"wp:term":[{"taxonomy":"product_brand","embeddable":true,"href":"https:\/\/www.edituraunmb.ro\/index.php?rest_route=%2Fwp%2Fv2%2Fproduct_brand&post=1716"},{"taxonomy":"product_cat","embeddable":true,"href":"https:\/\/www.edituraunmb.ro\/index.php?rest_route=%2Fwp%2Fv2%2Fproduct_cat&post=1716"},{"taxonomy":"product_tag","embeddable":true,"href":"https:\/\/www.edituraunmb.ro\/index.php?rest_route=%2Fwp%2Fv2%2Fproduct_tag&post=1716"}],"curies":[{"name":"wp","href":"https:\/\/api.w.org\/{rel}","templated":true}]}}