{"id":1720,"date":"2022-08-07T16:57:45","date_gmt":"2022-08-07T13:57:45","guid":{"rendered":"http:\/\/www.edituraunmb.ro\/?post_type=product&#038;p=1720"},"modified":"2024-02-07T17:34:49","modified_gmt":"2024-02-07T14:34:49","slug":"irmoasele-calofonice-catalog-analitic-exighisire-transcriere-si-romanire","status":"publish","type":"product","link":"https:\/\/www.edituraunmb.ro\/?product=irmoasele-calofonice-catalog-analitic-exighisire-transcriere-si-romanire","title":{"rendered":"Irmoasele calofonice: catalog analitic, exighisire, transcriere \u0219i rom\u00e2nire"},"content":{"rendered":"<h5 class=\"noindent\">Volumul de fa\u021b\u0103 reprezint\u0103 continuarea cercet\u0103rii expuse \u00een teza mea de doctorat, <em>Tradi\u021bia muzical\u0103 a irmoaselor calofonice de limb\u0103 rom\u00e2n\u0103 \u00eentre secolele XVIII \u0219i XXI<\/em>, publicat\u0103 \u00een 2021 la Editura Universit\u0103\u021bii Na\u021bionale de Muzic\u0103 din Bucure\u0219ti. Produsul editorial apare cu sprijinul proiectului <em>Recuperarea \u0219i valorificarea irmoaselor calofonice din fondurile muzicale de sec. XVIII \u0219i XIX<\/em>, desf\u0103\u0219urat de Asocia\u021bia REVIVART \u00een parteneriat cu Universitatea Na\u021bional\u0103 de Muzic\u0103 Bucure\u0219ti, <em>Centrul de studii asupra muzicilor secolului al XIX-lea<\/em>, Biblioteca Na\u021bional\u0103 a Rom\u00e2niei, postul de televiziune Trinitas TV al Patriarhiei Rom\u00e2ne, postul de radio Lumina al Episcopiei Severinului \u0219i Strehaiei, Seminarul Teologic \u201eChesarie Episcopul\u201d din Buz\u0103u, Seminarul Teologic Ortodox \u201eSf. Grigorie Teologul\u201d din Craiova, Liceul Teologic \u201eSf. Nicodim\u201d din T\u00e2rgu Jiu \u0219i Elit Funerare, \u00een calitate de sponsor.<\/h5>\n<h5 class=\"noindent\">Lucrarea a fost g\u00e2ndit\u0103 ca un instrument complex de lucru pentru cercet\u0103torii din domeniu, fie bizantinologi, fie paleografi, con\u021bin\u00e2nd un catalog analitic al irmoaselor calofonice de limb\u0103 rom\u00e2n\u0103 din diverse biblioteci din \u021bar\u0103 \u0219i din Muntele Athos, un inventar preliminar al formulelor genului irmologic calofonic, transcrierile analitice pe nota\u021bie psaltic\u0103 (exighisiri) \u0219i pe portativ ale unor c\u00e2nt\u0103ri din diverse sisteme de nota\u021bie. (C\u0103t\u0103lin Cern\u0103tescu)<\/h5>\n","protected":false},"excerpt":{"rendered":"<p>Volumul de fa\u021b\u0103 reprezint\u0103 continuarea cercet\u0103rii expuse \u00een teza mea de doctorat, Tradi\u021bia muzical\u0103 a irmoaselor calofonice de limb\u0103 rom\u00e2n\u0103 \u00eentre secolele XVIII \u0219i XXI, publicat\u0103 \u00een 2021 la Editura Universit\u0103\u021bii Na\u021bionale de Muzic\u0103 din Bucure\u0219ti. Produsul editorial apare cu &hellip; <a href=\"https:\/\/www.edituraunmb.ro\/?product=irmoasele-calofonice-catalog-analitic-exighisire-transcriere-si-romanire\" style=\"padding-left:10px;\">Mai multe detalii<\/a><\/p>\n","protected":false},"featured_media":1722,"comment_status":"closed","ping_status":"closed","template":"","meta":{"_acf_changed":false},"product_brand":[],"product_cat":[821],"product_tag":[839,838,841,840],"class_list":{"0":"post-1720","1":"product","2":"type-product","3":"status-publish","4":"has-post-thumbnail","6":"product_cat-821","7":"product_tag-bizantinologie","8":"product_tag-irmoasele-calofonice","9":"product_tag-notatie-psaltica","10":"product_tag-paleografie","11":"p_author-catalin-cernatescu","12":"t_lucrare-carte","14":"first","15":"instock","16":"shipping-taxable","17":"product-type-simple"},"acf":[],"_links":{"self":[{"href":"https:\/\/www.edituraunmb.ro\/index.php?rest_route=\/wp\/v2\/product\/1720","targetHints":{"allow":["GET"]}}],"collection":[{"href":"https:\/\/www.edituraunmb.ro\/index.php?rest_route=\/wp\/v2\/product"}],"about":[{"href":"https:\/\/www.edituraunmb.ro\/index.php?rest_route=\/wp\/v2\/types\/product"}],"replies":[{"embeddable":true,"href":"https:\/\/www.edituraunmb.ro\/index.php?rest_route=%2Fwp%2Fv2%2Fcomments&post=1720"}],"wp:featuredmedia":[{"embeddable":true,"href":"https:\/\/www.edituraunmb.ro\/index.php?rest_route=\/wp\/v2\/media\/1722"}],"wp:attachment":[{"href":"https:\/\/www.edituraunmb.ro\/index.php?rest_route=%2Fwp%2Fv2%2Fmedia&parent=1720"}],"wp:term":[{"taxonomy":"product_brand","embeddable":true,"href":"https:\/\/www.edituraunmb.ro\/index.php?rest_route=%2Fwp%2Fv2%2Fproduct_brand&post=1720"},{"taxonomy":"product_cat","embeddable":true,"href":"https:\/\/www.edituraunmb.ro\/index.php?rest_route=%2Fwp%2Fv2%2Fproduct_cat&post=1720"},{"taxonomy":"product_tag","embeddable":true,"href":"https:\/\/www.edituraunmb.ro\/index.php?rest_route=%2Fwp%2Fv2%2Fproduct_tag&post=1720"}],"curies":[{"name":"wp","href":"https:\/\/api.w.org\/{rel}","templated":true}]}}